{"id":20454,"date":"2019-05-13T08:18:40","date_gmt":"2019-05-13T05:18:40","guid":{"rendered":"https:\/\/cbd.veebispetsid.com\/hulgimuuk-koostoo\/"},"modified":"2022-06-29T18:51:52","modified_gmt":"2022-06-29T15:51:52","slug":"hulgimuuk-koostoo","status":"publish","type":"page","link":"https:\/\/cbdshop.ee\/en\/hulgimuuk-koostoo\/","title":{"rendered":"Wholesale &#038; partnership"},"content":{"rendered":"<div class=\"fusion-fullwidth fullwidth-box fusion-builder-row-1 nonhundred-percent-fullwidth non-hundred-percent-height-scrolling\" style=\"--awb-border-radius-top-left:0px;--awb-border-radius-top-right:0px;--awb-border-radius-bottom-right:0px;--awb-border-radius-bottom-left:0px;\" ><div class=\"fusion-builder-row fusion-row\"><div class=\"fusion-layout-column fusion_builder_column fusion-builder-column-0 fusion_builder_column_1_5 1_5 fusion-one-fifth fusion-column-first\" style=\"--awb-bg-size:cover;width:20%;width:calc(20% - ( ( 4% + 4% ) * 0.2 ) );margin-right: 4%;\"><div class=\"fusion-column-wrapper fusion-column-has-shadow fusion-flex-column-wrapper-legacy\"><div class=\"fusion-clearfix\"><\/div><\/div><\/div><div class=\"fusion-layout-column fusion_builder_column fusion-builder-column-1 fusion_builder_column_3_5 3_5 fusion-three-fifth\" style=\"--awb-bg-size:cover;width:60%;width:calc(60% - ( ( 4% + 4% ) * 0.6 ) );margin-right: 4%;\"><div class=\"fusion-column-wrapper fusion-column-has-shadow fusion-flex-column-wrapper-legacy\"><div class=\"fusion-text fusion-text-1\"><h5 style=\"text-align: center;\">Do you want to buy wholesale or cooperate with us?<\/h5>\n<h2 style=\"text-align: center;\">Contact us!<\/h2>\n<\/div><script type=\"text\/javascript\">var gform;gform||(document.addEventListener(\"gform_main_scripts_loaded\",function(){gform.scriptsLoaded=!0}),window.addEventListener(\"DOMContentLoaded\",function(){gform.domLoaded=!0}),gform={domLoaded:!1,scriptsLoaded:!1,initializeOnLoaded:function(o){gform.domLoaded&&gform.scriptsLoaded?o():!gform.domLoaded&&gform.scriptsLoaded?window.addEventListener(\"DOMContentLoaded\",o):document.addEventListener(\"gform_main_scripts_loaded\",o)},hooks:{action:{},filter:{}},addAction:function(o,n,r,t){gform.addHook(\"action\",o,n,r,t)},addFilter:function(o,n,r,t){gform.addHook(\"filter\",o,n,r,t)},doAction:function(o){gform.doHook(\"action\",o,arguments)},applyFilters:function(o){return gform.doHook(\"filter\",o,arguments)},removeAction:function(o,n){gform.removeHook(\"action\",o,n)},removeFilter:function(o,n,r){gform.removeHook(\"filter\",o,n,r)},addHook:function(o,n,r,t,i){null==gform.hooks[o][n]&&(gform.hooks[o][n]=[]);var e=gform.hooks[o][n];null==i&&(i=n+\"_\"+e.length),gform.hooks[o][n].push({tag:i,callable:r,priority:t=null==t?10:t})},doHook:function(n,o,r){var t;if(r=Array.prototype.slice.call(r,1),null!=gform.hooks[n][o]&&((o=gform.hooks[n][o]).sort(function(o,n){return o.priority-n.priority}),o.forEach(function(o){\"function\"!=typeof(t=o.callable)&&(t=window[t]),\"action\"==n?t.apply(null,r):r[0]=t.apply(null,r)})),\"filter\"==n)return r[0]},removeHook:function(o,n,t,i){var r;null!=gform.hooks[o][n]&&(r=(r=gform.hooks[o][n]).filter(function(o,n,r){return!!(null!=i&&i!=o.tag||null!=t&&t!=o.priority)}),gform.hooks[o][n]=r)}});<\/script>\n                <div class='gf_browser_gecko gform_wrapper gform_legacy_markup_wrapper gform-theme--no-framework' data-form-theme='legacy' data-form-index='0' id='gform_wrapper_3' ><div id='gf_3' class='gform_anchor' tabindex='-1'><\/div><form method='post' enctype='multipart\/form-data' target='gform_ajax_frame_3' id='gform_3'  action='\/en\/wp-json\/wp\/v2\/pages\/20454#gf_3' data-formid='3' >\n                        <div class='gform-body gform_body'><ul id='gform_fields_3' class='gform_fields top_label form_sublabel_below description_below'><li id=\"field_3_1\"  class=\"gfield gfield--type-text gf_left_half gfield_contains_required field_sublabel_below gfield--no-description field_description_below gfield_visibility_visible\"  data-js-reload=\"field_3_1\"><label class='gfield_label gform-field-label' for='input_3_1' >Name<span class=\"gfield_required\"><span class=\"gfield_required gfield_required_asterisk\">*<\/span><\/span><\/label><div class='ginput_container ginput_container_text'><input name='input_1' id='input_3_1' type='text' value='' class='large'   tabindex='49' placeholder='Name*' aria-required=\"true\" aria-invalid=\"false\"   \/> <\/div><\/li><li id=\"field_3_5\"  class=\"gfield gfield--type-text gf_right_half field_sublabel_below gfield--no-description field_description_below gfield_visibility_visible\"  data-js-reload=\"field_3_5\"><label class='gfield_label gform-field-label' for='input_3_5' >Company<\/label><div class='ginput_container ginput_container_text'><input name='input_5' id='input_3_5' type='text' value='' class='medium'   tabindex='50' placeholder='Company'  aria-invalid=\"false\"   \/> <\/div><\/li><li id=\"field_3_2\"  class=\"gfield gfield--type-email gf_left_half gfield_contains_required field_sublabel_below gfield--no-description field_description_below gfield_visibility_visible\"  data-js-reload=\"field_3_2\"><label class='gfield_label gform-field-label' for='input_3_2' >Email<span class=\"gfield_required\"><span class=\"gfield_required gfield_required_asterisk\">*<\/span><\/span><\/label><div class='ginput_container ginput_container_email'>\n                            <input name='input_2' id='input_3_2' type='text' value='' class='medium' tabindex='51'  placeholder='Email*' aria-required=\"true\" aria-invalid=\"false\"  \/>\n                        <\/div><\/li><li id=\"field_3_3\"  class=\"gfield gfield--type-phone gf_right_half field_sublabel_below gfield--no-description field_description_below gfield_visibility_visible\"  data-js-reload=\"field_3_3\"><label class='gfield_label gform-field-label' for='input_3_3' >Phone<\/label><div class='ginput_container ginput_container_phone'><input name='input_3' id='input_3_3' type='text' value='' class='medium' tabindex='52' placeholder='Phone'  aria-invalid=\"false\"   \/><\/div><\/li><li id=\"field_3_4\"  class=\"gfield gfield--type-textarea gfield_contains_required field_sublabel_below gfield--no-description field_description_below gfield_visibility_visible\"  data-js-reload=\"field_3_4\"><label class='gfield_label gform-field-label' for='input_3_4' >Message<span class=\"gfield_required\"><span class=\"gfield_required gfield_required_asterisk\">*<\/span><\/span><\/label><div class='ginput_container ginput_container_textarea'><textarea name='input_4' id='input_3_4' class='textarea medium' tabindex='53'   placeholder='Message' aria-required=\"true\" aria-invalid=\"false\"   rows='10' cols='50'><\/textarea><\/div><\/li><li id=\"field_3_6\"  class=\"gfield gfield--type-captcha field_sublabel_below gfield--no-description field_description_below gfield_visibility_visible\"  data-js-reload=\"field_3_6\"><label class='gfield_label gform-field-label screen-reader-text' for='input_3_6' ><\/label><div id='input_3_6' class='ginput_container ginput_recaptcha' data-sitekey='6Lf4OMAUAAAAAK_EYN5QLN2a7LZLE-3lx6cWYuS0'  data-theme='light' data-tabindex='54'  data-badge=''><\/div><\/li><\/ul><\/div>\n        <div class='gform_footer top_label'> <input type='submit' id='gform_submit_button_3' class='gform_button button' value='Send' tabindex='55' onclick='if(window[\"gf_submitting_3\"]){return false;}  window[\"gf_submitting_3\"]=true;  ' onkeypress='if( event.keyCode == 13 ){ if(window[\"gf_submitting_3\"]){return false;} window[\"gf_submitting_3\"]=true;  jQuery(\"#gform_3\").trigger(\"submit\",[true]); }' \/> <input type='hidden' name='gform_ajax' value='form_id=3&amp;title=&amp;description=&amp;tabindex=49' \/>\n            <input type='hidden' class='gform_hidden' name='is_submit_3' value='1' \/>\n            <input type='hidden' class='gform_hidden' name='gform_submit' value='3' \/>\n            \n            <input type='hidden' class='gform_hidden' name='gform_unique_id' value='' \/>\n            <input type='hidden' class='gform_hidden' name='state_3' value='WyJbXSIsIjFmNjUxNzEwOTVkZGQxNWRmN2VjNmVmZDhmOWUxZGRmIl0=' \/>\n            <input type='hidden' class='gform_hidden' name='gform_target_page_number_3' id='gform_target_page_number_3' value='0' \/>\n            <input type='hidden' class='gform_hidden' name='gform_source_page_number_3' id='gform_source_page_number_3' value='1' \/>\n            <input type='hidden' name='gform_field_values' value='' \/>\n            \n        <\/div>\n                        <\/form>\n                        <\/div>\n\t\t                <iframe style='display:none;width:0px;height:0px;' src='about:blank' name='gform_ajax_frame_3' id='gform_ajax_frame_3' title='This iframe contains the logic required to handle Ajax powered Gravity Forms.'><\/iframe>\n\t\t                <script type=\"text\/javascript\">\ngform.initializeOnLoaded( function() {gformInitSpinner( 3, 'https:\/\/cbdshop.ee\/wp-content\/plugins\/gravityforms\/images\/spinner.svg', true );jQuery('#gform_ajax_frame_3').on('load',function(){var contents = jQuery(this).contents().find('*').html();var is_postback = contents.indexOf('GF_AJAX_POSTBACK') >= 0;if(!is_postback){return;}var form_content = jQuery(this).contents().find('#gform_wrapper_3');var is_confirmation = jQuery(this).contents().find('#gform_confirmation_wrapper_3').length > 0;var is_redirect = contents.indexOf('gformRedirect(){') >= 0;var is_form = form_content.length > 0 && ! is_redirect && ! is_confirmation;var mt = parseInt(jQuery('html').css('margin-top'), 10) + parseInt(jQuery('body').css('margin-top'), 10) + 100;if(is_form){jQuery('#gform_wrapper_3').html(form_content.html());if(form_content.hasClass('gform_validation_error')){jQuery('#gform_wrapper_3').addClass('gform_validation_error');} else {jQuery('#gform_wrapper_3').removeClass('gform_validation_error');}setTimeout( function() { \/* delay the scroll by 50 milliseconds to fix a bug in chrome *\/ jQuery(document).scrollTop(jQuery('#gform_wrapper_3').offset().top - mt); }, 50 );if(window['gformInitDatepicker']) {gformInitDatepicker();}if(window['gformInitPriceFields']) {gformInitPriceFields();}var current_page = jQuery('#gform_source_page_number_3').val();gformInitSpinner( 3, 'https:\/\/cbdshop.ee\/wp-content\/plugins\/gravityforms\/images\/spinner.svg', true );jQuery(document).trigger('gform_page_loaded', [3, current_page]);window['gf_submitting_3'] = false;}else if(!is_redirect){var confirmation_content = jQuery(this).contents().find('.GF_AJAX_POSTBACK').html();if(!confirmation_content){confirmation_content = contents;}setTimeout(function(){jQuery('#gform_wrapper_3').replaceWith(confirmation_content);jQuery(document).scrollTop(jQuery('#gf_3').offset().top - mt);jQuery(document).trigger('gform_confirmation_loaded', [3]);window['gf_submitting_3'] = false;wp.a11y.speak(jQuery('#gform_confirmation_message_3').text());}, 50);}else{jQuery('#gform_3').append(contents);if(window['gformRedirect']) {gformRedirect();}}jQuery(document).trigger('gform_post_render', [3, current_page]);} );} );\n<\/script>\n<div class=\"fusion-clearfix\"><\/div><\/div><\/div><div class=\"fusion-layout-column fusion_builder_column fusion-builder-column-2 fusion_builder_column_1_5 1_5 fusion-one-fifth fusion-column-last\" style=\"--awb-bg-size:cover;width:20%;width:calc(20% - ( ( 4% + 4% ) * 0.2 ) );\"><div class=\"fusion-column-wrapper fusion-column-has-shadow fusion-flex-column-wrapper-legacy\"><div class=\"fusion-clearfix\"><\/div><\/div><\/div><\/div><\/div>\n","protected":false},"excerpt":{"rendered":"","protected":false},"author":2,"featured_media":0,"parent":0,"menu_order":0,"comment_status":"closed","ping_status":"closed","template":"","meta":[],"yoast_head":"<!-- This site is optimized with the Yoast SEO plugin v20.8 - https:\/\/yoast.com\/wordpress\/plugins\/seo\/ -->\n<title>Wholesale &amp; partnership - CBDshop.ee<\/title>\n<meta name=\"robots\" content=\"index, follow, max-snippet:-1, max-image-preview:large, max-video-preview:-1\" \/>\n<link rel=\"canonical\" href=\"https:\/\/cbdshop.ee\/en\/hulgimuuk-koostoo\/\" \/>\n<meta property=\"og:locale\" content=\"en_US\" \/>\n<meta property=\"og:type\" content=\"article\" \/>\n<meta property=\"og:title\" content=\"Wholesale &amp; partnership - CBDshop.ee\" \/>\n<meta property=\"og:url\" content=\"https:\/\/cbdshop.ee\/en\/hulgimuuk-koostoo\/\" \/>\n<meta property=\"og:site_name\" content=\"CBDshop.ee\" \/>\n<meta property=\"article:publisher\" content=\"https:\/\/m.facebook.com\/cbdshop.ee\/\" \/>\n<meta property=\"article:modified_time\" content=\"2022-06-29T15:51:52+00:00\" \/>\n<meta name=\"twitter:card\" content=\"summary_large_image\" \/>\n<meta name=\"twitter:label1\" content=\"Est. reading time\" \/>\n\t<meta name=\"twitter:data1\" content=\"2 minutes\" \/>\n<script type=\"application\/ld+json\" class=\"yoast-schema-graph\">{\"@context\":\"https:\/\/schema.org\",\"@graph\":[{\"@type\":\"WebPage\",\"@id\":\"https:\/\/cbdshop.ee\/en\/hulgimuuk-koostoo\/\",\"url\":\"https:\/\/cbdshop.ee\/en\/hulgimuuk-koostoo\/\",\"name\":\"Wholesale & partnership - CBDshop.ee\",\"isPartOf\":{\"@id\":\"https:\/\/cbdshop.ee\/#website\"},\"datePublished\":\"2019-05-13T05:18:40+00:00\",\"dateModified\":\"2022-06-29T15:51:52+00:00\",\"breadcrumb\":{\"@id\":\"https:\/\/cbdshop.ee\/en\/hulgimuuk-koostoo\/#breadcrumb\"},\"inLanguage\":\"en-US\",\"potentialAction\":[{\"@type\":\"ReadAction\",\"target\":[\"https:\/\/cbdshop.ee\/en\/hulgimuuk-koostoo\/\"]}]},{\"@type\":\"BreadcrumbList\",\"@id\":\"https:\/\/cbdshop.ee\/en\/hulgimuuk-koostoo\/#breadcrumb\",\"itemListElement\":[{\"@type\":\"ListItem\",\"position\":1,\"name\":\"Home\",\"item\":\"https:\/\/www.cbdshop.ee\/en\/\"},{\"@type\":\"ListItem\",\"position\":2,\"name\":\"Wholesale &#038; partnership\"}]},{\"@type\":\"WebSite\",\"@id\":\"https:\/\/cbdshop.ee\/#website\",\"url\":\"https:\/\/cbdshop.ee\/\",\"name\":\"CBDshop.ee\",\"description\":\"\u00d5itsed, \u00f5ietolm, CBD \u00f5li, CBD kanep, e-vedelikud\",\"publisher\":{\"@id\":\"https:\/\/cbdshop.ee\/#organization\"},\"potentialAction\":[{\"@type\":\"SearchAction\",\"target\":{\"@type\":\"EntryPoint\",\"urlTemplate\":\"https:\/\/cbdshop.ee\/?s={search_term_string}\"},\"query-input\":\"required name=search_term_string\"}],\"inLanguage\":\"en-US\"},{\"@type\":\"Organization\",\"@id\":\"https:\/\/cbdshop.ee\/#organization\",\"name\":\"Nordic Synergy O\u00dc\",\"url\":\"https:\/\/cbdshop.ee\/\",\"logo\":{\"@type\":\"ImageObject\",\"inLanguage\":\"en-US\",\"@id\":\"https:\/\/cbdshop.ee\/#\/schema\/logo\/image\/\",\"url\":\"\",\"contentUrl\":\"\",\"caption\":\"Nordic Synergy O\u00dc\"},\"image\":{\"@id\":\"https:\/\/cbdshop.ee\/#\/schema\/logo\/image\/\"},\"sameAs\":[\"https:\/\/m.facebook.com\/cbdshop.ee\/\",\"https:\/\/www.instagram.com\/cbdshop.ee\/\"]}]}<\/script>\n<!-- \/ Yoast SEO plugin. -->","yoast_head_json":{"title":"Wholesale & partnership - CBDshop.ee","robots":{"index":"index","follow":"follow","max-snippet":"max-snippet:-1","max-image-preview":"max-image-preview:large","max-video-preview":"max-video-preview:-1"},"canonical":"https:\/\/cbdshop.ee\/en\/hulgimuuk-koostoo\/","og_locale":"en_US","og_type":"article","og_title":"Wholesale & partnership - CBDshop.ee","og_url":"https:\/\/cbdshop.ee\/en\/hulgimuuk-koostoo\/","og_site_name":"CBDshop.ee","article_publisher":"https:\/\/m.facebook.com\/cbdshop.ee\/","article_modified_time":"2022-06-29T15:51:52+00:00","twitter_card":"summary_large_image","twitter_misc":{"Est. reading time":"2 minutes"},"schema":{"@context":"https:\/\/schema.org","@graph":[{"@type":"WebPage","@id":"https:\/\/cbdshop.ee\/en\/hulgimuuk-koostoo\/","url":"https:\/\/cbdshop.ee\/en\/hulgimuuk-koostoo\/","name":"Wholesale & partnership - CBDshop.ee","isPartOf":{"@id":"https:\/\/cbdshop.ee\/#website"},"datePublished":"2019-05-13T05:18:40+00:00","dateModified":"2022-06-29T15:51:52+00:00","breadcrumb":{"@id":"https:\/\/cbdshop.ee\/en\/hulgimuuk-koostoo\/#breadcrumb"},"inLanguage":"en-US","potentialAction":[{"@type":"ReadAction","target":["https:\/\/cbdshop.ee\/en\/hulgimuuk-koostoo\/"]}]},{"@type":"BreadcrumbList","@id":"https:\/\/cbdshop.ee\/en\/hulgimuuk-koostoo\/#breadcrumb","itemListElement":[{"@type":"ListItem","position":1,"name":"Home","item":"https:\/\/www.cbdshop.ee\/en\/"},{"@type":"ListItem","position":2,"name":"Wholesale &#038; partnership"}]},{"@type":"WebSite","@id":"https:\/\/cbdshop.ee\/#website","url":"https:\/\/cbdshop.ee\/","name":"CBDshop.ee","description":"\u00d5itsed, \u00f5ietolm, CBD \u00f5li, CBD kanep, e-vedelikud","publisher":{"@id":"https:\/\/cbdshop.ee\/#organization"},"potentialAction":[{"@type":"SearchAction","target":{"@type":"EntryPoint","urlTemplate":"https:\/\/cbdshop.ee\/?s={search_term_string}"},"query-input":"required name=search_term_string"}],"inLanguage":"en-US"},{"@type":"Organization","@id":"https:\/\/cbdshop.ee\/#organization","name":"Nordic Synergy O\u00dc","url":"https:\/\/cbdshop.ee\/","logo":{"@type":"ImageObject","inLanguage":"en-US","@id":"https:\/\/cbdshop.ee\/#\/schema\/logo\/image\/","url":"","contentUrl":"","caption":"Nordic Synergy O\u00dc"},"image":{"@id":"https:\/\/cbdshop.ee\/#\/schema\/logo\/image\/"},"sameAs":["https:\/\/m.facebook.com\/cbdshop.ee\/","https:\/\/www.instagram.com\/cbdshop.ee\/"]}]}},"_links":{"self":[{"href":"https:\/\/cbdshop.ee\/en\/wp-json\/wp\/v2\/pages\/20454"}],"collection":[{"href":"https:\/\/cbdshop.ee\/en\/wp-json\/wp\/v2\/pages"}],"about":[{"href":"https:\/\/cbdshop.ee\/en\/wp-json\/wp\/v2\/types\/page"}],"author":[{"embeddable":true,"href":"https:\/\/cbdshop.ee\/en\/wp-json\/wp\/v2\/users\/2"}],"replies":[{"embeddable":true,"href":"https:\/\/cbdshop.ee\/en\/wp-json\/wp\/v2\/comments?post=20454"}],"version-history":[{"count":1,"href":"https:\/\/cbdshop.ee\/en\/wp-json\/wp\/v2\/pages\/20454\/revisions"}],"predecessor-version":[{"id":28287,"href":"https:\/\/cbdshop.ee\/en\/wp-json\/wp\/v2\/pages\/20454\/revisions\/28287"}],"wp:attachment":[{"href":"https:\/\/cbdshop.ee\/en\/wp-json\/wp\/v2\/media?parent=20454"}],"curies":[{"name":"wp","href":"https:\/\/api.w.org\/{rel}","templated":true}]}}