{"id":20474,"date":"2019-05-08T07:51:37","date_gmt":"2019-05-08T04:51:37","guid":{"rendered":"https:\/\/cbd.veebispetsid.com\/ostuinfo\/"},"modified":"2025-11-23T16:21:39","modified_gmt":"2025-11-23T14:21:39","slug":"ostuinfo","status":"publish","type":"page","link":"https:\/\/cbdshop.ee\/en\/ostuinfo\/","title":{"rendered":"Shopping info"},"content":{"rendered":"<div class=\"fusion-fullwidth fullwidth-box fusion-builder-row-1 nonhundred-percent-fullwidth non-hundred-percent-height-scrolling\" style=\"--awb-border-radius-top-left:0px;--awb-border-radius-top-right:0px;--awb-border-radius-bottom-right:0px;--awb-border-radius-bottom-left:0px;\" ><div class=\"fusion-builder-row fusion-row\"><div class=\"fusion-layout-column fusion_builder_column fusion-builder-column-0 fusion_builder_column_1_1 1_1 fusion-one-full fusion-column-first fusion-column-last\" style=\"--awb-bg-blend:overlay;--awb-bg-size:cover;--awb-margin-bottom:0px;\"><div class=\"fusion-column-wrapper fusion-flex-column-wrapper-legacy\"><div class=\"fusion-text fusion-text-1\"><h5 class=\"fusion-responsive-typography-calculated\" style=\"--fontsize: 20; line-height: 1.5; --minfontsize: 20; --fontSize: 20; --minFontSize: 20;\" data-fontsize=\"20\" data-lineheight=\"30px\">1. Tooted<\/h5>\n<p>Veebipoes cbdshop.ee on tooted jagatud tootekategooriatesse gruppide kaupa (nt \u201eCBD \u00f5li\u201c, &#8220;E-vedelikud&#8221;).<\/p>\n<p>K\u00f5ikide gruppide tooted on n\u00e4htavad vajutades men\u00fc\u00fc lingil TOOTED\u201d .<\/p>\n<h5 class=\"fusion-responsive-typography-calculated\" style=\"--fontsize: 20; line-height: 1.5; --minfontsize: 20; --fontSize: 20; --minFontSize: 20;\" data-fontsize=\"20\" data-lineheight=\"30px\">2. Toodete lisamine \u201cOstukorvi\u201d<\/h5>\n<p>Toote pildil v\u00f5i nimetusel klikkides avaneb t\u00e4psem tootekirjeldus. Leidke endale sobiv toode ja lisage see ostukorvi, vajutades \u201eLISA KORVI\u201d.<\/p>\n<p>Oma ostukorvi sisu ja maksumust saate vaadata, liikudes kursoriga paremal \u00fcleval asuvale ostuk\u00e4ru ikoonile.<\/p>\n<p>Ostukorvis saab koguse lahtril vastavalt \u201c+\u201d v\u00f5i \u201c-\u201c vajutades muuta koguseid. Ostukorvist on v\u00f5imalik tooteid eemaldada, vajutades ristikujulisele ikoonile.<\/p>\n<p>Kui sul on sooduskood, siis sisesta see ja vajuta &#8220;Kasuta kupongi&#8221;. Sooduskoode jagame oma <a href=\"https:\/\/www.facebook.com\/groups\/985283675001678\" target=\"_blank\" rel=\"noopener noreferrer\">Facebooki grupis<\/a>, samuti v\u00f5ime saata kuponge ka e-posti teel.<\/p>\n<h5 class=\"fusion-responsive-typography-calculated\" style=\"--fontsize: 20; line-height: 1.5; --minfontsize: 20; --fontSize: 20; --minFontSize: 20;\" data-fontsize=\"20\" data-lineheight=\"30px\">3. Ostutehingu vormistamine<\/h5>\n<p>Avatud ostukorvis n\u00e4ete valitud tooteid, kogust ja hinda. Edasi liikumiseks vajutage nupule \u201eMINE MAKSMA\u201c<\/p>\n<p>Arvelduseks sisestage korrektsed andmed ostu sooritaja kohta (nimi, telefon, aadress, e-post). Kogu kaubale lisandub tasu transpordi eest, vastavalt valitud transpordiviisile. T\u00e4psem info transpordiv\u00f5imaluste ja hindade kohta on jaluses lingi \u201cTARNE\u201d all.<\/p>\n<p>Valige makseviis \u2013 kasutame www.maksekeskus.ee makselahendust, mille abil saate tellimuse eest tasuda k\u00f5ikide Eestis kasutatavate pangalinkidega. Samuti pakume v\u00f5imalus maksta arvega.<\/p>\n<p>N\u00f5ustuge M\u00fc\u00fcgitingimustega ning kinnitage tellimus, vajutades nuppu \u201eKINNITAN JA MAKSAN\u201c.<\/p>\n<p>Tellimuse esitamisega loetakse m\u00fc\u00fcgitehing s\u00f5lmituks, ekraanil kuvatakse tellimusarve. Tellimusarve saadetakse ka kliendi poolt sisestatud e-posti aadressile. Manustesse tuleb ka eraldi arve .PDF dokumendina.<\/p>\n<h5 class=\"fusion-responsive-typography-calculated\" style=\"--fontsize: 20; line-height: 1.5; --minfontsize: 20; --fontSize: 20; --minFontSize: 20;\" data-fontsize=\"20\" data-lineheight=\"30px\">4. Tellimuse eest tasumine<\/h5>\n<p>Tellimust hakatakse t\u00e4itma alles p\u00e4rast makse teostamist ja raha laekumist veebipoega opereeriva ettev\u00f5tte kontole.<\/p>\n<p>Vegania.ee lehel on v\u00f5imalik tasuda arvega, Swedbank, SEB, Luminor, LHV , Coop Pank, Poco ja Pocopay pangalinkidega ning Visa, Mastercard ja Maestro kaardiga.<\/p>\n<p>Veebipood on isikuandmete vastutav t\u00f6\u00f6tleja, veebipood edastab maksete teostamiseks vajalikud isikuandmed volitatud t\u00f6\u00f6tleja Maksekeskus AS-le.<\/p>\n<p>K\u00f5ik maksed toimuvad eurodes ning arvestatakse maksja kontolt maha eurodes.<\/p>\n<h5 class=\"fusion-responsive-typography-calculated\" style=\"--fontsize: 20; line-height: 1.5; --minfontsize: 20; --fontSize: 20; --minFontSize: 20;\" data-fontsize=\"20\" data-lineheight=\"30px\">5. Kauba kohale toimetamine<\/h5>\n<p>Kaup saadetakse kliendile l\u00e4himal olevasse Omniva v\u00f5i Itella Smartposti pakiautomaati k\u00f5ikjale \u00fcle Eesti tasuta. Soomes on v\u00f5imalik kaup k\u00e4tte saada Smartposti pakiautomaadist. L\u00e4tis on v\u00f5imalik kaup k\u00e4tte saada Omniva pakiautomaadist.<\/p>\n<p>Eestisisesed pakid pannakse teele hiljemalt 7 p\u00e4eva jooksul. Soome ja L\u00e4tisse saadetavad pakid hiljemalt 14 p\u00e4eva jooksul.<\/p>\n<h5 class=\"fusion-responsive-typography-calculated\" style=\"--fontsize: 20; line-height: 1.5; --minfontsize: 20; --fontSize: 20; --minFontSize: 20;\" data-fontsize=\"20\" data-lineheight=\"30px\">6. Kontakt<\/h5>\n<p>K\u00f5ikide k\u00fcsimuste korral palume v\u00f5tta meiega \u00fchendust cbdshop.estland@gmail.com.<\/p>\n<\/div><div class=\"fusion-clearfix\"><\/div><\/div><\/div><\/div><\/div>\n","protected":false},"excerpt":{"rendered":"","protected":false},"author":4,"featured_media":0,"parent":0,"menu_order":0,"comment_status":"closed","ping_status":"closed","template":"","meta":[],"yoast_head":"<!-- This site is optimized with the Yoast SEO plugin v20.8 - https:\/\/yoast.com\/wordpress\/plugins\/seo\/ -->\n<title>Shopping info - CBDshop.ee<\/title>\n<meta name=\"robots\" content=\"index, follow, max-snippet:-1, max-image-preview:large, max-video-preview:-1\" \/>\n<link rel=\"canonical\" href=\"https:\/\/cbdshop.ee\/en\/ostuinfo\/\" \/>\n<meta property=\"og:locale\" content=\"en_US\" \/>\n<meta property=\"og:type\" content=\"article\" \/>\n<meta property=\"og:title\" content=\"Shopping info - CBDshop.ee\" \/>\n<meta property=\"og:url\" content=\"https:\/\/cbdshop.ee\/en\/ostuinfo\/\" \/>\n<meta property=\"og:site_name\" content=\"CBDshop.ee\" \/>\n<meta property=\"article:publisher\" content=\"https:\/\/m.facebook.com\/cbdshop.ee\/\" \/>\n<meta property=\"article:modified_time\" content=\"2025-11-23T14:21:39+00:00\" \/>\n<meta name=\"twitter:card\" content=\"summary_large_image\" \/>\n<meta name=\"twitter:label1\" content=\"Est. reading time\" \/>\n\t<meta name=\"twitter:data1\" content=\"3 minutes\" \/>\n<script type=\"application\/ld+json\" class=\"yoast-schema-graph\">{\"@context\":\"https:\/\/schema.org\",\"@graph\":[{\"@type\":\"WebPage\",\"@id\":\"https:\/\/cbdshop.ee\/en\/ostuinfo\/\",\"url\":\"https:\/\/cbdshop.ee\/en\/ostuinfo\/\",\"name\":\"Shopping info - CBDshop.ee\",\"isPartOf\":{\"@id\":\"https:\/\/cbdshop.ee\/#website\"},\"datePublished\":\"2019-05-08T04:51:37+00:00\",\"dateModified\":\"2025-11-23T14:21:39+00:00\",\"breadcrumb\":{\"@id\":\"https:\/\/cbdshop.ee\/en\/ostuinfo\/#breadcrumb\"},\"inLanguage\":\"en-US\",\"potentialAction\":[{\"@type\":\"ReadAction\",\"target\":[\"https:\/\/cbdshop.ee\/en\/ostuinfo\/\"]}]},{\"@type\":\"BreadcrumbList\",\"@id\":\"https:\/\/cbdshop.ee\/en\/ostuinfo\/#breadcrumb\",\"itemListElement\":[{\"@type\":\"ListItem\",\"position\":1,\"name\":\"Home\",\"item\":\"https:\/\/www.cbdshop.ee\/en\/\"},{\"@type\":\"ListItem\",\"position\":2,\"name\":\"Shopping info\"}]},{\"@type\":\"WebSite\",\"@id\":\"https:\/\/cbdshop.ee\/#website\",\"url\":\"https:\/\/cbdshop.ee\/\",\"name\":\"CBDshop.ee\",\"description\":\"\u00d5itsed, \u00f5ietolm, CBD \u00f5li, CBD kanep, e-vedelikud\",\"publisher\":{\"@id\":\"https:\/\/cbdshop.ee\/#organization\"},\"potentialAction\":[{\"@type\":\"SearchAction\",\"target\":{\"@type\":\"EntryPoint\",\"urlTemplate\":\"https:\/\/cbdshop.ee\/?s={search_term_string}\"},\"query-input\":\"required name=search_term_string\"}],\"inLanguage\":\"en-US\"},{\"@type\":\"Organization\",\"@id\":\"https:\/\/cbdshop.ee\/#organization\",\"name\":\"Nordic Synergy O\u00dc\",\"url\":\"https:\/\/cbdshop.ee\/\",\"logo\":{\"@type\":\"ImageObject\",\"inLanguage\":\"en-US\",\"@id\":\"https:\/\/cbdshop.ee\/#\/schema\/logo\/image\/\",\"url\":\"\",\"contentUrl\":\"\",\"caption\":\"Nordic Synergy O\u00dc\"},\"image\":{\"@id\":\"https:\/\/cbdshop.ee\/#\/schema\/logo\/image\/\"},\"sameAs\":[\"https:\/\/m.facebook.com\/cbdshop.ee\/\",\"https:\/\/www.instagram.com\/cbdshop.ee\/\"]}]}<\/script>\n<!-- \/ Yoast SEO plugin. -->","yoast_head_json":{"title":"Shopping info - CBDshop.ee","robots":{"index":"index","follow":"follow","max-snippet":"max-snippet:-1","max-image-preview":"max-image-preview:large","max-video-preview":"max-video-preview:-1"},"canonical":"https:\/\/cbdshop.ee\/en\/ostuinfo\/","og_locale":"en_US","og_type":"article","og_title":"Shopping info - CBDshop.ee","og_url":"https:\/\/cbdshop.ee\/en\/ostuinfo\/","og_site_name":"CBDshop.ee","article_publisher":"https:\/\/m.facebook.com\/cbdshop.ee\/","article_modified_time":"2025-11-23T14:21:39+00:00","twitter_card":"summary_large_image","twitter_misc":{"Est. reading time":"3 minutes"},"schema":{"@context":"https:\/\/schema.org","@graph":[{"@type":"WebPage","@id":"https:\/\/cbdshop.ee\/en\/ostuinfo\/","url":"https:\/\/cbdshop.ee\/en\/ostuinfo\/","name":"Shopping info - CBDshop.ee","isPartOf":{"@id":"https:\/\/cbdshop.ee\/#website"},"datePublished":"2019-05-08T04:51:37+00:00","dateModified":"2025-11-23T14:21:39+00:00","breadcrumb":{"@id":"https:\/\/cbdshop.ee\/en\/ostuinfo\/#breadcrumb"},"inLanguage":"en-US","potentialAction":[{"@type":"ReadAction","target":["https:\/\/cbdshop.ee\/en\/ostuinfo\/"]}]},{"@type":"BreadcrumbList","@id":"https:\/\/cbdshop.ee\/en\/ostuinfo\/#breadcrumb","itemListElement":[{"@type":"ListItem","position":1,"name":"Home","item":"https:\/\/www.cbdshop.ee\/en\/"},{"@type":"ListItem","position":2,"name":"Shopping info"}]},{"@type":"WebSite","@id":"https:\/\/cbdshop.ee\/#website","url":"https:\/\/cbdshop.ee\/","name":"CBDshop.ee","description":"\u00d5itsed, \u00f5ietolm, CBD \u00f5li, CBD kanep, e-vedelikud","publisher":{"@id":"https:\/\/cbdshop.ee\/#organization"},"potentialAction":[{"@type":"SearchAction","target":{"@type":"EntryPoint","urlTemplate":"https:\/\/cbdshop.ee\/?s={search_term_string}"},"query-input":"required name=search_term_string"}],"inLanguage":"en-US"},{"@type":"Organization","@id":"https:\/\/cbdshop.ee\/#organization","name":"Nordic Synergy O\u00dc","url":"https:\/\/cbdshop.ee\/","logo":{"@type":"ImageObject","inLanguage":"en-US","@id":"https:\/\/cbdshop.ee\/#\/schema\/logo\/image\/","url":"","contentUrl":"","caption":"Nordic Synergy O\u00dc"},"image":{"@id":"https:\/\/cbdshop.ee\/#\/schema\/logo\/image\/"},"sameAs":["https:\/\/m.facebook.com\/cbdshop.ee\/","https:\/\/www.instagram.com\/cbdshop.ee\/"]}]}},"_links":{"self":[{"href":"https:\/\/cbdshop.ee\/en\/wp-json\/wp\/v2\/pages\/20474"}],"collection":[{"href":"https:\/\/cbdshop.ee\/en\/wp-json\/wp\/v2\/pages"}],"about":[{"href":"https:\/\/cbdshop.ee\/en\/wp-json\/wp\/v2\/types\/page"}],"author":[{"embeddable":true,"href":"https:\/\/cbdshop.ee\/en\/wp-json\/wp\/v2\/users\/4"}],"replies":[{"embeddable":true,"href":"https:\/\/cbdshop.ee\/en\/wp-json\/wp\/v2\/comments?post=20474"}],"version-history":[{"count":4,"href":"https:\/\/cbdshop.ee\/en\/wp-json\/wp\/v2\/pages\/20474\/revisions"}],"predecessor-version":[{"id":39421,"href":"https:\/\/cbdshop.ee\/en\/wp-json\/wp\/v2\/pages\/20474\/revisions\/39421"}],"wp:attachment":[{"href":"https:\/\/cbdshop.ee\/en\/wp-json\/wp\/v2\/media?parent=20474"}],"curies":[{"name":"wp","href":"https:\/\/api.w.org\/{rel}","templated":true}]}}