{"id":21767,"date":"2019-12-17T23:09:43","date_gmt":"2019-12-17T21:09:43","guid":{"rendered":"https:\/\/cbdshop.ee\/?post_type=product&#038;p=21767"},"modified":"2025-11-27T17:06:57","modified_gmt":"2025-11-27T15:06:57","slug":"moon-rock","status":"publish","type":"product","link":"https:\/\/cbdshop.ee\/en\/toode\/moon-rock\/","title":{"rendered":"MOON ROCK"},"content":{"rendered":"<p>Moonrocks are eu certified industrial hemp variety with further processing. The CBD Content is &gt;70 %. With just 0,2 % THC, you do not have to be afraid of psychoactive effects. Taste this new bud wetted in CBD hashoil. On top of it \u2013 covered in strong CBD kief!<\/p>\n","protected":false},"excerpt":{"rendered":"<h3 data-start=\"78\" data-end=\"105\"><strong data-start=\"82\" data-end=\"105\">Product Description<\/strong><\/h3>\n<p data-start=\"107\" data-end=\"266\">Industrial hemp consisting of dried inflorescences from <strong data-start=\"163\" data-end=\"185\">Cannabis sativa L.<\/strong> varieties certified in the EU. The product does not contain tobacco or nicotine.<\/p>\n<p data-start=\"268\" data-end=\"481\"><strong data-start=\"268\" data-end=\"284\">Ingredients:<\/strong> 100% <em data-start=\"290\" data-end=\"310\">Cannabis sativa L.<\/em><br data-start=\"310\" data-end=\"313\" \/><strong data-start=\"313\" data-end=\"321\">THC:<\/strong> \u2264 0.3%. Laboratory analysis certificates have been issued by two laboratories: the Estonian Forensic Science Institute and a private laboratory in Switzerland.<\/p>\n<h3 data-start=\"483\" data-end=\"500\"><strong data-start=\"487\" data-end=\"500\">Attention<\/strong><\/h3>\n<ul data-start=\"501\" data-end=\"689\">\n<li data-start=\"501\" data-end=\"569\">\n<p data-start=\"503\" data-end=\"569\">This product is not a medicine and not a herbal smoking product.<\/p>\n<\/li>\n<li data-start=\"570\" data-end=\"630\">\n<p data-start=\"572\" data-end=\"630\">Does not contain psychoactive THC above the legal limit.<\/p>\n<\/li>\n<li data-start=\"631\" data-end=\"660\">\n<p data-start=\"633\" data-end=\"660\">Not intended for smoking.<\/p>\n<\/li>\n<li data-start=\"661\" data-end=\"689\">\n<p data-start=\"663\" data-end=\"689\">Intended for adults (18+).<\/p>\n<\/li>\n<\/ul>\n<h3 data-start=\"691\" data-end=\"717\"><strong data-start=\"695\" data-end=\"717\">Directions for Use<\/strong><\/h3>\n<p data-start=\"718\" data-end=\"847\">Industrial hemp (<em data-start=\"735\" data-end=\"755\">Cannabis sativa L.<\/em>) is an agricultural crop used for producing fibers, seeds, oil, and various other products.<\/p>\n","protected":false},"featured_media":25475,"comment_status":"open","ping_status":"closed","template":"","meta":[],"product_cat":[452],"product_tag":[],"yoast_head":"<!-- This site is optimized with the Yoast SEO plugin v20.8 - https:\/\/yoast.com\/wordpress\/plugins\/seo\/ -->\n<title>MOON ROCK - CBDshop.ee<\/title>\n<meta name=\"description\" content=\"MOON ROCK \u2013 telli kvaliteetne CBD toode parima hinnaga. Tasuta tarne Eestis, diskreetne pakend. Osta mugavalt CBDshopi e-poest \u2013 kiire ja turvaline!\" \/>\n<meta name=\"robots\" content=\"index, follow, max-snippet:-1, max-image-preview:large, max-video-preview:-1\" \/>\n<link rel=\"canonical\" href=\"https:\/\/cbdshop.ee\/en\/toode\/moon-rock\/\" \/>\n<meta property=\"og:locale\" content=\"en_US\" \/>\n<meta property=\"og:type\" content=\"article\" \/>\n<meta property=\"og:title\" content=\"MOON ROCK - CBDshop.ee\" \/>\n<meta property=\"og:description\" content=\"MOON ROCK \u2013 telli kvaliteetne CBD toode parima hinnaga. Tasuta tarne Eestis, diskreetne pakend. Osta mugavalt CBDshopi e-poest \u2013 kiire ja turvaline!\" \/>\n<meta property=\"og:url\" content=\"https:\/\/cbdshop.ee\/en\/toode\/moon-rock\/\" \/>\n<meta property=\"og:site_name\" content=\"CBDshop.ee\" \/>\n<meta property=\"article:publisher\" content=\"https:\/\/m.facebook.com\/cbdshop.ee\/\" \/>\n<meta property=\"article:modified_time\" content=\"2025-11-27T15:06:57+00:00\" \/>\n<meta property=\"og:image\" content=\"https:\/\/www.cbdshop.ee\/wp-content\/uploads\/2019\/12\/1vp-CBD-WEED-MOON-ROCKS-BULK-2.jpg\" \/>\n\t<meta property=\"og:image:width\" content=\"1000\" \/>\n\t<meta property=\"og:image:height\" content=\"1000\" \/>\n\t<meta property=\"og:image:type\" content=\"image\/jpeg\" \/>\n<meta name=\"twitter:card\" content=\"summary_large_image\" \/>\n<meta name=\"twitter:label1\" content=\"Est. reading time\" \/>\n\t<meta name=\"twitter:data1\" content=\"1 minute\" \/>\n<script type=\"application\/ld+json\" class=\"yoast-schema-graph\">{\"@context\":\"https:\/\/schema.org\",\"@graph\":[{\"@type\":\"WebPage\",\"@id\":\"https:\/\/cbdshop.ee\/en\/toode\/moon-rock\/\",\"url\":\"https:\/\/cbdshop.ee\/en\/toode\/moon-rock\/\",\"name\":\"MOON ROCK - CBDshop.ee\",\"isPartOf\":{\"@id\":\"https:\/\/cbdshop.ee\/fi\/#website\"},\"datePublished\":\"2019-12-17T21:09:43+00:00\",\"dateModified\":\"2025-11-27T15:06:57+00:00\",\"description\":\"MOON ROCK \u2013 telli kvaliteetne CBD toode parima hinnaga. Tasuta tarne Eestis, diskreetne pakend. Osta mugavalt CBDshopi e-poest \u2013 kiire ja turvaline!\",\"breadcrumb\":{\"@id\":\"https:\/\/cbdshop.ee\/en\/toode\/moon-rock\/#breadcrumb\"},\"inLanguage\":\"en-US\",\"potentialAction\":[{\"@type\":\"ReadAction\",\"target\":[\"https:\/\/cbdshop.ee\/en\/toode\/moon-rock\/\"]}]},{\"@type\":\"BreadcrumbList\",\"@id\":\"https:\/\/cbdshop.ee\/en\/toode\/moon-rock\/#breadcrumb\",\"itemListElement\":[{\"@type\":\"ListItem\",\"position\":1,\"name\":\"Home\",\"item\":\"https:\/\/cbdshop.ee\/en\/\"},{\"@type\":\"ListItem\",\"position\":2,\"name\":\"Products\",\"item\":\"https:\/\/cbdshop.ee\/en\/tooted\/\"},{\"@type\":\"ListItem\",\"position\":3,\"name\":\"MOON ROCK\"}]},{\"@type\":\"WebSite\",\"@id\":\"https:\/\/cbdshop.ee\/fi\/#website\",\"url\":\"https:\/\/cbdshop.ee\/fi\/\",\"name\":\"CBDshop.ee\",\"description\":\"\u00d5itsed, \u00f5ietolm, CBD \u00f5li, CBD kanep, e-vedelikud\",\"publisher\":{\"@id\":\"https:\/\/cbdshop.ee\/fi\/#organization\"},\"potentialAction\":[{\"@type\":\"SearchAction\",\"target\":{\"@type\":\"EntryPoint\",\"urlTemplate\":\"https:\/\/cbdshop.ee\/fi\/?s={search_term_string}\"},\"query-input\":\"required name=search_term_string\"}],\"inLanguage\":\"en-US\"},{\"@type\":\"Organization\",\"@id\":\"https:\/\/cbdshop.ee\/fi\/#organization\",\"name\":\"Nordic Synergy O\u00dc\",\"url\":\"https:\/\/cbdshop.ee\/fi\/\",\"logo\":{\"@type\":\"ImageObject\",\"inLanguage\":\"en-US\",\"@id\":\"https:\/\/cbdshop.ee\/fi\/#\/schema\/logo\/image\/\",\"url\":\"\",\"contentUrl\":\"\",\"caption\":\"Nordic Synergy O\u00dc\"},\"image\":{\"@id\":\"https:\/\/cbdshop.ee\/fi\/#\/schema\/logo\/image\/\"},\"sameAs\":[\"https:\/\/m.facebook.com\/cbdshop.ee\/\",\"https:\/\/www.instagram.com\/cbdshop.ee\/\"]}]}<\/script>\n<!-- \/ Yoast SEO plugin. -->","yoast_head_json":{"title":"MOON ROCK - CBDshop.ee","description":"MOON ROCK \u2013 telli kvaliteetne CBD toode parima hinnaga. Tasuta tarne Eestis, diskreetne pakend. Osta mugavalt CBDshopi e-poest \u2013 kiire ja turvaline!","robots":{"index":"index","follow":"follow","max-snippet":"max-snippet:-1","max-image-preview":"max-image-preview:large","max-video-preview":"max-video-preview:-1"},"canonical":"https:\/\/cbdshop.ee\/en\/toode\/moon-rock\/","og_locale":"en_US","og_type":"article","og_title":"MOON ROCK - CBDshop.ee","og_description":"MOON ROCK \u2013 telli kvaliteetne CBD toode parima hinnaga. Tasuta tarne Eestis, diskreetne pakend. Osta mugavalt CBDshopi e-poest \u2013 kiire ja turvaline!","og_url":"https:\/\/cbdshop.ee\/en\/toode\/moon-rock\/","og_site_name":"CBDshop.ee","article_publisher":"https:\/\/m.facebook.com\/cbdshop.ee\/","article_modified_time":"2025-11-27T15:06:57+00:00","og_image":[{"width":1000,"height":1000,"url":"https:\/\/www.cbdshop.ee\/wp-content\/uploads\/2019\/12\/1vp-CBD-WEED-MOON-ROCKS-BULK-2.jpg","type":"image\/jpeg"}],"twitter_card":"summary_large_image","twitter_misc":{"Est. reading time":"1 minute"},"schema":{"@context":"https:\/\/schema.org","@graph":[{"@type":"WebPage","@id":"https:\/\/cbdshop.ee\/en\/toode\/moon-rock\/","url":"https:\/\/cbdshop.ee\/en\/toode\/moon-rock\/","name":"MOON ROCK - CBDshop.ee","isPartOf":{"@id":"https:\/\/cbdshop.ee\/fi\/#website"},"datePublished":"2019-12-17T21:09:43+00:00","dateModified":"2025-11-27T15:06:57+00:00","description":"MOON ROCK \u2013 telli kvaliteetne CBD toode parima hinnaga. Tasuta tarne Eestis, diskreetne pakend. Osta mugavalt CBDshopi e-poest \u2013 kiire ja turvaline!","breadcrumb":{"@id":"https:\/\/cbdshop.ee\/en\/toode\/moon-rock\/#breadcrumb"},"inLanguage":"en-US","potentialAction":[{"@type":"ReadAction","target":["https:\/\/cbdshop.ee\/en\/toode\/moon-rock\/"]}]},{"@type":"BreadcrumbList","@id":"https:\/\/cbdshop.ee\/en\/toode\/moon-rock\/#breadcrumb","itemListElement":[{"@type":"ListItem","position":1,"name":"Home","item":"https:\/\/cbdshop.ee\/en\/"},{"@type":"ListItem","position":2,"name":"Products","item":"https:\/\/cbdshop.ee\/en\/tooted\/"},{"@type":"ListItem","position":3,"name":"MOON ROCK"}]},{"@type":"WebSite","@id":"https:\/\/cbdshop.ee\/fi\/#website","url":"https:\/\/cbdshop.ee\/fi\/","name":"CBDshop.ee","description":"\u00d5itsed, \u00f5ietolm, CBD \u00f5li, CBD kanep, e-vedelikud","publisher":{"@id":"https:\/\/cbdshop.ee\/fi\/#organization"},"potentialAction":[{"@type":"SearchAction","target":{"@type":"EntryPoint","urlTemplate":"https:\/\/cbdshop.ee\/fi\/?s={search_term_string}"},"query-input":"required name=search_term_string"}],"inLanguage":"en-US"},{"@type":"Organization","@id":"https:\/\/cbdshop.ee\/fi\/#organization","name":"Nordic Synergy O\u00dc","url":"https:\/\/cbdshop.ee\/fi\/","logo":{"@type":"ImageObject","inLanguage":"en-US","@id":"https:\/\/cbdshop.ee\/fi\/#\/schema\/logo\/image\/","url":"","contentUrl":"","caption":"Nordic Synergy O\u00dc"},"image":{"@id":"https:\/\/cbdshop.ee\/fi\/#\/schema\/logo\/image\/"},"sameAs":["https:\/\/m.facebook.com\/cbdshop.ee\/","https:\/\/www.instagram.com\/cbdshop.ee\/"]}]}},"_links":{"self":[{"href":"https:\/\/cbdshop.ee\/en\/wp-json\/wp\/v2\/product\/21767"}],"collection":[{"href":"https:\/\/cbdshop.ee\/en\/wp-json\/wp\/v2\/product"}],"about":[{"href":"https:\/\/cbdshop.ee\/en\/wp-json\/wp\/v2\/types\/product"}],"replies":[{"embeddable":true,"href":"https:\/\/cbdshop.ee\/en\/wp-json\/wp\/v2\/comments?post=21767"}],"wp:featuredmedia":[{"embeddable":true,"href":"https:\/\/cbdshop.ee\/en\/wp-json\/wp\/v2\/media\/25475"}],"wp:attachment":[{"href":"https:\/\/cbdshop.ee\/en\/wp-json\/wp\/v2\/media?parent=21767"}],"wp:term":[{"taxonomy":"product_cat","embeddable":true,"href":"https:\/\/cbdshop.ee\/en\/wp-json\/wp\/v2\/product_cat?post=21767"},{"taxonomy":"product_tag","embeddable":true,"href":"https:\/\/cbdshop.ee\/en\/wp-json\/wp\/v2\/product_tag?post=21767"}],"curies":[{"name":"wp","href":"https:\/\/api.w.org\/{rel}","templated":true}]}}