{"id":24381,"date":"2020-05-31T21:46:05","date_gmt":"2020-05-31T18:46:05","guid":{"rendered":"https:\/\/cbdshop.ee\/?post_type=product&#038;p=24381"},"modified":"2026-03-20T16:10:32","modified_gmt":"2026-03-20T14:10:32","slug":"cbd-oil-10-hemp","status":"publish","type":"product","link":"https:\/\/cbdshop.ee\/en\/toode\/cbd-oil-10-hemp\/","title":{"rendered":"CBD oil 10% Hemp"},"content":{"rendered":"<p><b><i>11% cannabinoids (of which 10% pure CBD), 89% organic hemp seed oil. One full dropper contains 34mg of CBD and each bottle contains 30 full droppers of product. The CBD is derived from ethically-grown and organic hemp plants through a gentle CO2 extraction process. The oil can be taken on its own and in combination with foods or liquids.<\/i><\/b><\/p>\n<p><i><span style=\"font-weight: 400;\">Our CBD oils are made with Non-GMO and pesticide-free certified industrial hemp Cannabis Sativa L.<\/span><\/i><\/p>\n<p><i><span style=\"font-weight: 400;\">Recommended daily dose: 1-8 drops, 1-3 times daily (shake bottle before each use).The recommended daily dose should not be exceeded. Oil should be used exclusively to supplement a healthy lifestyle and can never replace a healthy and varied diet.<\/span><\/i><\/p>\n<p><i><span style=\"font-weight: 400;\">They are also gluten-free, vegan and contain no artificial preservatives or dyes.<\/span><\/i><\/p>\n<p><i><span style=\"font-weight: 400;\">Weedflower CBD Oil is a perishable product and should be stored in a cool, dark place, ideally in a refrigerator.<\/span><\/i><\/p>\n<p>&nbsp;<\/p>\n","protected":false},"excerpt":{"rendered":"<p><i><span style=\"font-weight: 400;\">10% CBD Oil. Hemp extract. Collection item.<\/span><\/i><\/p>\n<p><i><span style=\"font-weight: 400;\">Volume: 10 ml (1000 mg CBD)<\/span><\/i><\/p>\n<p><i><span style=\"font-weight: 400;\">THC &lt;0,2%<\/span><\/i><\/p>\n<ul>\n<li><i><span style=\"font-weight: 400;\">Organic<\/span><\/i><\/li>\n<li><span style=\"font-weight: 400;\">Vegan<\/span><\/li>\n<li style=\"font-weight: 400;\"><span style=\"font-weight: 400;\">NO GMO<\/span><\/li>\n<li style=\"font-weight: 400;\"><span style=\"font-weight: 400;\">100% BIO<\/span><\/li>\n<\/ul>\n<p><i><span style=\"font-weight: 400;\">Forbidden for persons under the age of 18.<\/span><\/i><\/p>\n<p>&nbsp;<\/p>\n","protected":false},"featured_media":25058,"comment_status":"open","ping_status":"closed","template":"","meta":[],"product_cat":[448],"product_tag":[],"yoast_head":"<!-- This site is optimized with the Yoast SEO plugin v20.8 - https:\/\/yoast.com\/wordpress\/plugins\/seo\/ -->\n<title>CBD oil 10% Hemp - CBDshop.ee<\/title>\n<meta name=\"description\" content=\"CBD oil 10% Hemp \u2013 telli kvaliteetne CBD toode parima hinnaga. Tasuta tarne Eestis, diskreetne pakend. Osta mugavalt CBDshopi e-poest \u2013 kiire ja turvaline!\" \/>\n<meta name=\"robots\" content=\"index, follow, max-snippet:-1, max-image-preview:large, max-video-preview:-1\" \/>\n<link rel=\"canonical\" href=\"https:\/\/www.cbdshop.ee\/en\/toode\/cbd-oil-10-hemp\/\" \/>\n<meta property=\"og:locale\" content=\"en_US\" \/>\n<meta property=\"og:type\" content=\"article\" \/>\n<meta property=\"og:title\" content=\"CBD oil 10% Hemp - CBDshop.ee\" \/>\n<meta property=\"og:description\" content=\"CBD oil 10% Hemp \u2013 telli kvaliteetne CBD toode parima hinnaga. Tasuta tarne Eestis, diskreetne pakend. Osta mugavalt CBDshopi e-poest \u2013 kiire ja turvaline!\" \/>\n<meta property=\"og:url\" content=\"https:\/\/www.cbdshop.ee\/en\/toode\/cbd-oil-10-hemp\/\" \/>\n<meta property=\"og:site_name\" content=\"CBDshop.ee\" \/>\n<meta property=\"article:publisher\" content=\"https:\/\/m.facebook.com\/cbdshop.ee\/\" \/>\n<meta property=\"article:modified_time\" content=\"2026-03-20T14:10:32+00:00\" \/>\n<meta property=\"og:image\" content=\"https:\/\/www.cbdshop.ee\/wp-content\/uploads\/2020\/06\/10oil.jpg\" \/>\n\t<meta property=\"og:image:width\" content=\"1500\" \/>\n\t<meta property=\"og:image:height\" content=\"1500\" \/>\n\t<meta property=\"og:image:type\" content=\"image\/jpeg\" \/>\n<meta name=\"twitter:card\" content=\"summary_large_image\" \/>\n<meta name=\"twitter:label1\" content=\"Est. reading time\" \/>\n\t<meta name=\"twitter:data1\" content=\"1 minute\" \/>\n<script type=\"application\/ld+json\" class=\"yoast-schema-graph\">{\"@context\":\"https:\/\/schema.org\",\"@graph\":[{\"@type\":\"WebPage\",\"@id\":\"https:\/\/www.cbdshop.ee\/en\/toode\/cbd-oil-10-hemp\/\",\"url\":\"https:\/\/www.cbdshop.ee\/en\/toode\/cbd-oil-10-hemp\/\",\"name\":\"CBD oil 10% Hemp - CBDshop.ee\",\"isPartOf\":{\"@id\":\"https:\/\/www.cbdshop.ee\/#website\"},\"datePublished\":\"2020-05-31T18:46:05+00:00\",\"dateModified\":\"2026-03-20T14:10:32+00:00\",\"description\":\"CBD oil 10% Hemp \u2013 telli kvaliteetne CBD toode parima hinnaga. Tasuta tarne Eestis, diskreetne pakend. Osta mugavalt CBDshopi e-poest \u2013 kiire ja turvaline!\",\"breadcrumb\":{\"@id\":\"https:\/\/www.cbdshop.ee\/en\/toode\/cbd-oil-10-hemp\/#breadcrumb\"},\"inLanguage\":\"en-US\",\"potentialAction\":[{\"@type\":\"ReadAction\",\"target\":[\"https:\/\/www.cbdshop.ee\/en\/toode\/cbd-oil-10-hemp\/\"]}]},{\"@type\":\"BreadcrumbList\",\"@id\":\"https:\/\/www.cbdshop.ee\/en\/toode\/cbd-oil-10-hemp\/#breadcrumb\",\"itemListElement\":[{\"@type\":\"ListItem\",\"position\":1,\"name\":\"Home\",\"item\":\"https:\/\/cbdshop.ee\/en\/\"},{\"@type\":\"ListItem\",\"position\":2,\"name\":\"Products\",\"item\":\"https:\/\/cbdshop.ee\/en\/tooted\/\"},{\"@type\":\"ListItem\",\"position\":3,\"name\":\"CBD oil 10% Hemp\"}]},{\"@type\":\"WebSite\",\"@id\":\"https:\/\/www.cbdshop.ee\/#website\",\"url\":\"https:\/\/www.cbdshop.ee\/\",\"name\":\"CBDshop.ee\",\"description\":\"\u00d5itsed, \u00f5ietolm, CBD \u00f5li, CBD kanep, e-vedelikud\",\"publisher\":{\"@id\":\"https:\/\/www.cbdshop.ee\/#organization\"},\"potentialAction\":[{\"@type\":\"SearchAction\",\"target\":{\"@type\":\"EntryPoint\",\"urlTemplate\":\"https:\/\/www.cbdshop.ee\/?s={search_term_string}\"},\"query-input\":\"required name=search_term_string\"}],\"inLanguage\":\"en-US\"},{\"@type\":\"Organization\",\"@id\":\"https:\/\/www.cbdshop.ee\/#organization\",\"name\":\"Nordic Synergy O\u00dc\",\"url\":\"https:\/\/www.cbdshop.ee\/\",\"logo\":{\"@type\":\"ImageObject\",\"inLanguage\":\"en-US\",\"@id\":\"https:\/\/www.cbdshop.ee\/#\/schema\/logo\/image\/\",\"url\":\"\",\"contentUrl\":\"\",\"caption\":\"Nordic Synergy O\u00dc\"},\"image\":{\"@id\":\"https:\/\/www.cbdshop.ee\/#\/schema\/logo\/image\/\"},\"sameAs\":[\"https:\/\/m.facebook.com\/cbdshop.ee\/\",\"https:\/\/www.instagram.com\/cbdshop.ee\/\"]}]}<\/script>\n<!-- \/ Yoast SEO plugin. -->","yoast_head_json":{"title":"CBD oil 10% Hemp - CBDshop.ee","description":"CBD oil 10% Hemp \u2013 telli kvaliteetne CBD toode parima hinnaga. Tasuta tarne Eestis, diskreetne pakend. Osta mugavalt CBDshopi e-poest \u2013 kiire ja turvaline!","robots":{"index":"index","follow":"follow","max-snippet":"max-snippet:-1","max-image-preview":"max-image-preview:large","max-video-preview":"max-video-preview:-1"},"canonical":"https:\/\/www.cbdshop.ee\/en\/toode\/cbd-oil-10-hemp\/","og_locale":"en_US","og_type":"article","og_title":"CBD oil 10% Hemp - CBDshop.ee","og_description":"CBD oil 10% Hemp \u2013 telli kvaliteetne CBD toode parima hinnaga. Tasuta tarne Eestis, diskreetne pakend. Osta mugavalt CBDshopi e-poest \u2013 kiire ja turvaline!","og_url":"https:\/\/www.cbdshop.ee\/en\/toode\/cbd-oil-10-hemp\/","og_site_name":"CBDshop.ee","article_publisher":"https:\/\/m.facebook.com\/cbdshop.ee\/","article_modified_time":"2026-03-20T14:10:32+00:00","og_image":[{"width":1500,"height":1500,"url":"https:\/\/www.cbdshop.ee\/wp-content\/uploads\/2020\/06\/10oil.jpg","type":"image\/jpeg"}],"twitter_card":"summary_large_image","twitter_misc":{"Est. reading time":"1 minute"},"schema":{"@context":"https:\/\/schema.org","@graph":[{"@type":"WebPage","@id":"https:\/\/www.cbdshop.ee\/en\/toode\/cbd-oil-10-hemp\/","url":"https:\/\/www.cbdshop.ee\/en\/toode\/cbd-oil-10-hemp\/","name":"CBD oil 10% Hemp - CBDshop.ee","isPartOf":{"@id":"https:\/\/www.cbdshop.ee\/#website"},"datePublished":"2020-05-31T18:46:05+00:00","dateModified":"2026-03-20T14:10:32+00:00","description":"CBD oil 10% Hemp \u2013 telli kvaliteetne CBD toode parima hinnaga. Tasuta tarne Eestis, diskreetne pakend. Osta mugavalt CBDshopi e-poest \u2013 kiire ja turvaline!","breadcrumb":{"@id":"https:\/\/www.cbdshop.ee\/en\/toode\/cbd-oil-10-hemp\/#breadcrumb"},"inLanguage":"en-US","potentialAction":[{"@type":"ReadAction","target":["https:\/\/www.cbdshop.ee\/en\/toode\/cbd-oil-10-hemp\/"]}]},{"@type":"BreadcrumbList","@id":"https:\/\/www.cbdshop.ee\/en\/toode\/cbd-oil-10-hemp\/#breadcrumb","itemListElement":[{"@type":"ListItem","position":1,"name":"Home","item":"https:\/\/cbdshop.ee\/en\/"},{"@type":"ListItem","position":2,"name":"Products","item":"https:\/\/cbdshop.ee\/en\/tooted\/"},{"@type":"ListItem","position":3,"name":"CBD oil 10% Hemp"}]},{"@type":"WebSite","@id":"https:\/\/www.cbdshop.ee\/#website","url":"https:\/\/www.cbdshop.ee\/","name":"CBDshop.ee","description":"\u00d5itsed, \u00f5ietolm, CBD \u00f5li, CBD kanep, e-vedelikud","publisher":{"@id":"https:\/\/www.cbdshop.ee\/#organization"},"potentialAction":[{"@type":"SearchAction","target":{"@type":"EntryPoint","urlTemplate":"https:\/\/www.cbdshop.ee\/?s={search_term_string}"},"query-input":"required name=search_term_string"}],"inLanguage":"en-US"},{"@type":"Organization","@id":"https:\/\/www.cbdshop.ee\/#organization","name":"Nordic Synergy O\u00dc","url":"https:\/\/www.cbdshop.ee\/","logo":{"@type":"ImageObject","inLanguage":"en-US","@id":"https:\/\/www.cbdshop.ee\/#\/schema\/logo\/image\/","url":"","contentUrl":"","caption":"Nordic Synergy O\u00dc"},"image":{"@id":"https:\/\/www.cbdshop.ee\/#\/schema\/logo\/image\/"},"sameAs":["https:\/\/m.facebook.com\/cbdshop.ee\/","https:\/\/www.instagram.com\/cbdshop.ee\/"]}]}},"_links":{"self":[{"href":"https:\/\/cbdshop.ee\/en\/wp-json\/wp\/v2\/product\/24381"}],"collection":[{"href":"https:\/\/cbdshop.ee\/en\/wp-json\/wp\/v2\/product"}],"about":[{"href":"https:\/\/cbdshop.ee\/en\/wp-json\/wp\/v2\/types\/product"}],"replies":[{"embeddable":true,"href":"https:\/\/cbdshop.ee\/en\/wp-json\/wp\/v2\/comments?post=24381"}],"wp:featuredmedia":[{"embeddable":true,"href":"https:\/\/cbdshop.ee\/en\/wp-json\/wp\/v2\/media\/25058"}],"wp:attachment":[{"href":"https:\/\/cbdshop.ee\/en\/wp-json\/wp\/v2\/media?parent=24381"}],"wp:term":[{"taxonomy":"product_cat","embeddable":true,"href":"https:\/\/cbdshop.ee\/en\/wp-json\/wp\/v2\/product_cat?post=24381"},{"taxonomy":"product_tag","embeddable":true,"href":"https:\/\/cbdshop.ee\/en\/wp-json\/wp\/v2\/product_tag?post=24381"}],"curies":[{"name":"wp","href":"https:\/\/api.w.org\/{rel}","templated":true}]}}