{"id":24596,"date":"2020-07-09T00:39:39","date_gmt":"2020-07-08T21:39:39","guid":{"rendered":"https:\/\/cbdshop.ee\/?post_type=product&#038;p=24596"},"modified":"2026-03-20T16:10:06","modified_gmt":"2026-03-20T14:10:06","slug":"cbd-oil-20-hemp","status":"publish","type":"product","link":"https:\/\/cbdshop.ee\/en\/toode\/cbd-oil-20-hemp\/","title":{"rendered":"CBD oil 20% Hemp"},"content":{"rendered":"<p>Cbdshop.ee ei v\u00e4ljasta infot manustamiseks, egakasutamiseks! Cbdshop.ee ei m\u00fc\u00fc seda toodet toidulisandina!Hetkel, kus levib laialdaselt segadust ning valeinfot, leiabCbdshop.ee, et CBD \u00f5li peab olema vabalt saadavaluurimust\u00f6\u00f6ks , kuna CBD \u00d5li ei ole: keskkonda saastav,eluohtlik, ps\u00fchhotroopne, s\u00f6\u00f6vitav, kergesti s\u00fcttiv egam\u00fcrgine. Samuti cbd \u00f5li ei ole keelatud m\u00fc\u00fcgiks toode, vaidei ole lubatud m\u00fc\u00fca toidulisandina. Tegu on t\u00f6\u00f6stuslikukanepi (Cannabis Sativa L.) tootega, mida kasutab ainu\u00fcksiAmeerikas toidulisandina 64 millionit inimest. Cbdshop.eepakub k\u00f5rgeima kvaliteediga CBD \u00f5li, et aidata kaasas\u00f5ltumatule uurimust\u00f6\u00f6le.<\/p>\n<p>Suukaudne kasutamine keelatud! Ainult laboratoorsete jateaduslike uuringute ning eksperimentide teostamiseks\u00fclikoolidele ja teistele teadus ja uurimist\u00f6\u00f6d tegevateleinimestele ja asutustele. Hoida lastele k\u00e4ttesaamatus kohas.<\/p>\n","protected":false},"excerpt":{"rendered":"<p>CBD \u00f5li: 20% kanepimaitseline<\/p>\n<p><strong>NB! \u00d5li ei ole inimkasutuseks, vaid uurimust\u00f6\u00f6ks! M\u00fc\u00fcakse toorainena!<\/strong><\/p>\n<p>10 ml (2000 mg CBD)<\/p>\n<p>THC &lt;0,2%<\/p>\n<ul>\n<li>Orgaaniline<\/li>\n<li>Vegan<\/li>\n<li>NO GMO<\/li>\n<li>100% BIO<\/li>\n<\/ul>\n<p>Alla 18a keelatud.<\/p>\n","protected":false},"featured_media":25049,"comment_status":"open","ping_status":"closed","template":"","meta":[],"product_cat":[448],"product_tag":[],"yoast_head":"<!-- This site is optimized with the Yoast SEO plugin v20.8 - https:\/\/yoast.com\/wordpress\/plugins\/seo\/ -->\n<title>CBD oil 20% Hemp - CBDshop.ee<\/title>\n<meta name=\"description\" content=\"CBD oil 20% Hemp \u2013 telli kvaliteetne CBD toode parima hinnaga. Tasuta tarne Eestis, diskreetne pakend. Osta mugavalt CBDshopi e-poest \u2013 kiire ja turvaline!\" \/>\n<meta name=\"robots\" content=\"index, follow, max-snippet:-1, max-image-preview:large, max-video-preview:-1\" \/>\n<link rel=\"canonical\" href=\"https:\/\/www.cbdshop.ee\/en\/toode\/cbd-oil-20-hemp\/\" \/>\n<meta property=\"og:locale\" content=\"en_US\" \/>\n<meta property=\"og:type\" content=\"article\" \/>\n<meta property=\"og:title\" content=\"CBD oil 20% Hemp - CBDshop.ee\" \/>\n<meta property=\"og:description\" content=\"CBD oil 20% Hemp \u2013 telli kvaliteetne CBD toode parima hinnaga. Tasuta tarne Eestis, diskreetne pakend. Osta mugavalt CBDshopi e-poest \u2013 kiire ja turvaline!\" \/>\n<meta property=\"og:url\" content=\"https:\/\/www.cbdshop.ee\/en\/toode\/cbd-oil-20-hemp\/\" \/>\n<meta property=\"og:site_name\" content=\"CBDshop.ee\" \/>\n<meta property=\"article:publisher\" content=\"https:\/\/m.facebook.com\/cbdshop.ee\/\" \/>\n<meta property=\"article:modified_time\" content=\"2026-03-20T14:10:06+00:00\" \/>\n<meta property=\"og:image\" content=\"https:\/\/www.cbdshop.ee\/wp-content\/uploads\/2020\/07\/20oil.jpg\" \/>\n\t<meta property=\"og:image:width\" content=\"1500\" \/>\n\t<meta property=\"og:image:height\" content=\"1500\" \/>\n\t<meta property=\"og:image:type\" content=\"image\/jpeg\" \/>\n<meta name=\"twitter:card\" content=\"summary_large_image\" \/>\n<meta name=\"twitter:label1\" content=\"Est. reading time\" \/>\n\t<meta name=\"twitter:data1\" content=\"1 minute\" \/>\n<script type=\"application\/ld+json\" class=\"yoast-schema-graph\">{\"@context\":\"https:\/\/schema.org\",\"@graph\":[{\"@type\":\"WebPage\",\"@id\":\"https:\/\/www.cbdshop.ee\/en\/toode\/cbd-oil-20-hemp\/\",\"url\":\"https:\/\/www.cbdshop.ee\/en\/toode\/cbd-oil-20-hemp\/\",\"name\":\"CBD oil 20% Hemp - CBDshop.ee\",\"isPartOf\":{\"@id\":\"https:\/\/cbdshop.ee\/#website\"},\"datePublished\":\"2020-07-08T21:39:39+00:00\",\"dateModified\":\"2026-03-20T14:10:06+00:00\",\"description\":\"CBD oil 20% Hemp \u2013 telli kvaliteetne CBD toode parima hinnaga. Tasuta tarne Eestis, diskreetne pakend. Osta mugavalt CBDshopi e-poest \u2013 kiire ja turvaline!\",\"breadcrumb\":{\"@id\":\"https:\/\/www.cbdshop.ee\/en\/toode\/cbd-oil-20-hemp\/#breadcrumb\"},\"inLanguage\":\"en-US\",\"potentialAction\":[{\"@type\":\"ReadAction\",\"target\":[\"https:\/\/www.cbdshop.ee\/en\/toode\/cbd-oil-20-hemp\/\"]}]},{\"@type\":\"BreadcrumbList\",\"@id\":\"https:\/\/www.cbdshop.ee\/en\/toode\/cbd-oil-20-hemp\/#breadcrumb\",\"itemListElement\":[{\"@type\":\"ListItem\",\"position\":1,\"name\":\"Home\",\"item\":\"https:\/\/www.cbdshop.ee\/en\/\"},{\"@type\":\"ListItem\",\"position\":2,\"name\":\"Products\",\"item\":\"https:\/\/cbdshop.ee\/en\/tooted\/\"},{\"@type\":\"ListItem\",\"position\":3,\"name\":\"CBD oil 20% Hemp\"}]},{\"@type\":\"WebSite\",\"@id\":\"https:\/\/cbdshop.ee\/#website\",\"url\":\"https:\/\/cbdshop.ee\/\",\"name\":\"CBDshop.ee\",\"description\":\"\u00d5itsed, \u00f5ietolm, CBD \u00f5li, CBD kanep, e-vedelikud\",\"publisher\":{\"@id\":\"https:\/\/cbdshop.ee\/#organization\"},\"potentialAction\":[{\"@type\":\"SearchAction\",\"target\":{\"@type\":\"EntryPoint\",\"urlTemplate\":\"https:\/\/cbdshop.ee\/?s={search_term_string}\"},\"query-input\":\"required name=search_term_string\"}],\"inLanguage\":\"en-US\"},{\"@type\":\"Organization\",\"@id\":\"https:\/\/cbdshop.ee\/#organization\",\"name\":\"Nordic Synergy O\u00dc\",\"url\":\"https:\/\/cbdshop.ee\/\",\"logo\":{\"@type\":\"ImageObject\",\"inLanguage\":\"en-US\",\"@id\":\"https:\/\/cbdshop.ee\/#\/schema\/logo\/image\/\",\"url\":\"\",\"contentUrl\":\"\",\"caption\":\"Nordic Synergy O\u00dc\"},\"image\":{\"@id\":\"https:\/\/cbdshop.ee\/#\/schema\/logo\/image\/\"},\"sameAs\":[\"https:\/\/m.facebook.com\/cbdshop.ee\/\",\"https:\/\/www.instagram.com\/cbdshop.ee\/\"]}]}<\/script>\n<!-- \/ Yoast SEO plugin. -->","yoast_head_json":{"title":"CBD oil 20% Hemp - CBDshop.ee","description":"CBD oil 20% Hemp \u2013 telli kvaliteetne CBD toode parima hinnaga. Tasuta tarne Eestis, diskreetne pakend. Osta mugavalt CBDshopi e-poest \u2013 kiire ja turvaline!","robots":{"index":"index","follow":"follow","max-snippet":"max-snippet:-1","max-image-preview":"max-image-preview:large","max-video-preview":"max-video-preview:-1"},"canonical":"https:\/\/www.cbdshop.ee\/en\/toode\/cbd-oil-20-hemp\/","og_locale":"en_US","og_type":"article","og_title":"CBD oil 20% Hemp - CBDshop.ee","og_description":"CBD oil 20% Hemp \u2013 telli kvaliteetne CBD toode parima hinnaga. Tasuta tarne Eestis, diskreetne pakend. Osta mugavalt CBDshopi e-poest \u2013 kiire ja turvaline!","og_url":"https:\/\/www.cbdshop.ee\/en\/toode\/cbd-oil-20-hemp\/","og_site_name":"CBDshop.ee","article_publisher":"https:\/\/m.facebook.com\/cbdshop.ee\/","article_modified_time":"2026-03-20T14:10:06+00:00","og_image":[{"width":1500,"height":1500,"url":"https:\/\/www.cbdshop.ee\/wp-content\/uploads\/2020\/07\/20oil.jpg","type":"image\/jpeg"}],"twitter_card":"summary_large_image","twitter_misc":{"Est. reading time":"1 minute"},"schema":{"@context":"https:\/\/schema.org","@graph":[{"@type":"WebPage","@id":"https:\/\/www.cbdshop.ee\/en\/toode\/cbd-oil-20-hemp\/","url":"https:\/\/www.cbdshop.ee\/en\/toode\/cbd-oil-20-hemp\/","name":"CBD oil 20% Hemp - CBDshop.ee","isPartOf":{"@id":"https:\/\/cbdshop.ee\/#website"},"datePublished":"2020-07-08T21:39:39+00:00","dateModified":"2026-03-20T14:10:06+00:00","description":"CBD oil 20% Hemp \u2013 telli kvaliteetne CBD toode parima hinnaga. Tasuta tarne Eestis, diskreetne pakend. Osta mugavalt CBDshopi e-poest \u2013 kiire ja turvaline!","breadcrumb":{"@id":"https:\/\/www.cbdshop.ee\/en\/toode\/cbd-oil-20-hemp\/#breadcrumb"},"inLanguage":"en-US","potentialAction":[{"@type":"ReadAction","target":["https:\/\/www.cbdshop.ee\/en\/toode\/cbd-oil-20-hemp\/"]}]},{"@type":"BreadcrumbList","@id":"https:\/\/www.cbdshop.ee\/en\/toode\/cbd-oil-20-hemp\/#breadcrumb","itemListElement":[{"@type":"ListItem","position":1,"name":"Home","item":"https:\/\/www.cbdshop.ee\/en\/"},{"@type":"ListItem","position":2,"name":"Products","item":"https:\/\/cbdshop.ee\/en\/tooted\/"},{"@type":"ListItem","position":3,"name":"CBD oil 20% Hemp"}]},{"@type":"WebSite","@id":"https:\/\/cbdshop.ee\/#website","url":"https:\/\/cbdshop.ee\/","name":"CBDshop.ee","description":"\u00d5itsed, \u00f5ietolm, CBD \u00f5li, CBD kanep, e-vedelikud","publisher":{"@id":"https:\/\/cbdshop.ee\/#organization"},"potentialAction":[{"@type":"SearchAction","target":{"@type":"EntryPoint","urlTemplate":"https:\/\/cbdshop.ee\/?s={search_term_string}"},"query-input":"required name=search_term_string"}],"inLanguage":"en-US"},{"@type":"Organization","@id":"https:\/\/cbdshop.ee\/#organization","name":"Nordic Synergy O\u00dc","url":"https:\/\/cbdshop.ee\/","logo":{"@type":"ImageObject","inLanguage":"en-US","@id":"https:\/\/cbdshop.ee\/#\/schema\/logo\/image\/","url":"","contentUrl":"","caption":"Nordic Synergy O\u00dc"},"image":{"@id":"https:\/\/cbdshop.ee\/#\/schema\/logo\/image\/"},"sameAs":["https:\/\/m.facebook.com\/cbdshop.ee\/","https:\/\/www.instagram.com\/cbdshop.ee\/"]}]}},"_links":{"self":[{"href":"https:\/\/cbdshop.ee\/en\/wp-json\/wp\/v2\/product\/24596"}],"collection":[{"href":"https:\/\/cbdshop.ee\/en\/wp-json\/wp\/v2\/product"}],"about":[{"href":"https:\/\/cbdshop.ee\/en\/wp-json\/wp\/v2\/types\/product"}],"replies":[{"embeddable":true,"href":"https:\/\/cbdshop.ee\/en\/wp-json\/wp\/v2\/comments?post=24596"}],"wp:featuredmedia":[{"embeddable":true,"href":"https:\/\/cbdshop.ee\/en\/wp-json\/wp\/v2\/media\/25049"}],"wp:attachment":[{"href":"https:\/\/cbdshop.ee\/en\/wp-json\/wp\/v2\/media?parent=24596"}],"wp:term":[{"taxonomy":"product_cat","embeddable":true,"href":"https:\/\/cbdshop.ee\/en\/wp-json\/wp\/v2\/product_cat?post=24596"},{"taxonomy":"product_tag","embeddable":true,"href":"https:\/\/cbdshop.ee\/en\/wp-json\/wp\/v2\/product_tag?post=24596"}],"curies":[{"name":"wp","href":"https:\/\/api.w.org\/{rel}","templated":true}]}}