{"id":26923,"date":"2021-12-15T15:26:38","date_gmt":"2021-12-15T13:26:38","guid":{"rendered":"https:\/\/cbdshop.ee\/?post_type=product&#038;p=26923"},"modified":"2025-11-15T16:38:05","modified_gmt":"2025-11-15T14:38:05","slug":"cannaline-cbd-tea-immune-system","status":"publish","type":"product","link":"https:\/\/cbdshop.ee\/en\/toode\/cannaline-cbd-tea-immune-system\/","title":{"rendered":"cannaline CBD Tea IMMUNE SYSTEM"},"content":{"rendered":"<p><strong>Netto weight:<\/strong> 30 g<br \/>\n<strong>Ingredients:<\/strong> Echinacea 20%, ginkgo 20%, nettle 15%, mint 15%, hemp seed 10%, rosehip 10%, sea buckthorn 9%, hemp leaf 1%. Vegan, No artificial color, No artificial flavour.<br \/>\n<strong>Recommended dosage:<\/strong> 1 cup per day.<br \/>\n<strong>Storage:<\/strong> Store in a dry place at a temperature up to 25\u02daC.<\/p>\n","protected":false},"excerpt":{"rendered":"<h4>Strengthens immune system | Stabilizes blood pressure | Fights flue and cold<\/h4>\n<p>Echinacea, nettle, rosehip and mint support your body&#8217;s natural defences and contribute to the normal function of the respiratory system. Ginkgo supports the microcirculation of the blood system, normal brain activity and mental balance. Sea buckthorn boosts the immune system and provides energy. Hemp has a relaxing effect.<\/p>\n<p><strong>Instructions<\/strong>:<\/p>\n<ol>\n<li>Place a tea bag in your favourite cup (approx. 250 ml)<\/li>\n<li>Pour boiling water (100 \u00b0C) onto the tea bag.<\/li>\n<li>Steep for a good 15 minutes. Don\u2019t rush it to get all the herbal benefits.<\/li>\n<li>Remove the tea bag, relax and enjoy!<\/li>\n<\/ol>\n<p><strong>Best time to drink CBD tea<\/strong><\/p>\n<p>The <strong>canna<\/strong>line CBD Tea IMMUNE SYSTEM can be enjoyed in the morning, during the day as well as before bed.<\/p>\n","protected":false},"featured_media":26924,"comment_status":"open","ping_status":"closed","template":"","meta":[],"product_cat":[488],"product_tag":[],"yoast_head":"<!-- This site is optimized with the Yoast SEO plugin v20.8 - https:\/\/yoast.com\/wordpress\/plugins\/seo\/ -->\n<title>cannaline CBD Tea IMMUNE SYSTEM - CBDshop.ee<\/title>\n<meta name=\"description\" content=\"cannaline CBD Tea IMMUNE SYSTEM \u2013 telli kvaliteetne CBD toode parima hinnaga. Tasuta tarne Eestis, diskreetne pakend. Osta mugavalt CBDshopi e-poest \u2013 kiire ja turvaline!\" \/>\n<meta name=\"robots\" content=\"index, follow, max-snippet:-1, max-image-preview:large, max-video-preview:-1\" \/>\n<link rel=\"canonical\" href=\"https:\/\/www.cbdshop.ee\/en\/toode\/cannaline-cbd-tea-immune-system\/\" \/>\n<meta property=\"og:locale\" content=\"en_US\" \/>\n<meta property=\"og:type\" content=\"article\" \/>\n<meta property=\"og:title\" content=\"cannaline CBD Tea IMMUNE SYSTEM - CBDshop.ee\" \/>\n<meta property=\"og:description\" content=\"cannaline CBD Tea IMMUNE SYSTEM \u2013 telli kvaliteetne CBD toode parima hinnaga. Tasuta tarne Eestis, diskreetne pakend. Osta mugavalt CBDshopi e-poest \u2013 kiire ja turvaline!\" \/>\n<meta property=\"og:url\" content=\"https:\/\/www.cbdshop.ee\/en\/toode\/cannaline-cbd-tea-immune-system\/\" \/>\n<meta property=\"og:site_name\" content=\"CBDshop.ee\" \/>\n<meta property=\"article:publisher\" content=\"https:\/\/m.facebook.com\/cbdshop.ee\/\" \/>\n<meta property=\"article:modified_time\" content=\"2025-11-15T14:38:05+00:00\" \/>\n<meta property=\"og:image\" content=\"https:\/\/www.cbdshop.ee\/wp-content\/uploads\/2021\/12\/a8p-0033-CANNALINE-CBD-Tea-IMMUNITY-1.jpg\" \/>\n\t<meta property=\"og:image:width\" content=\"1000\" \/>\n\t<meta property=\"og:image:height\" content=\"1100\" \/>\n\t<meta property=\"og:image:type\" content=\"image\/jpeg\" \/>\n<meta name=\"twitter:card\" content=\"summary_large_image\" \/>\n<meta name=\"twitter:label1\" content=\"Est. reading time\" \/>\n\t<meta name=\"twitter:data1\" content=\"1 minute\" \/>\n<script type=\"application\/ld+json\" class=\"yoast-schema-graph\">{\"@context\":\"https:\/\/schema.org\",\"@graph\":[{\"@type\":\"WebPage\",\"@id\":\"https:\/\/www.cbdshop.ee\/en\/toode\/cannaline-cbd-tea-immune-system\/\",\"url\":\"https:\/\/www.cbdshop.ee\/en\/toode\/cannaline-cbd-tea-immune-system\/\",\"name\":\"cannaline CBD Tea IMMUNE SYSTEM - CBDshop.ee\",\"isPartOf\":{\"@id\":\"https:\/\/cbdshop.ee\/#website\"},\"datePublished\":\"2021-12-15T13:26:38+00:00\",\"dateModified\":\"2025-11-15T14:38:05+00:00\",\"description\":\"cannaline CBD Tea IMMUNE SYSTEM \u2013 telli kvaliteetne CBD toode parima hinnaga. Tasuta tarne Eestis, diskreetne pakend. Osta mugavalt CBDshopi e-poest \u2013 kiire ja turvaline!\",\"breadcrumb\":{\"@id\":\"https:\/\/www.cbdshop.ee\/en\/toode\/cannaline-cbd-tea-immune-system\/#breadcrumb\"},\"inLanguage\":\"en-US\",\"potentialAction\":[{\"@type\":\"ReadAction\",\"target\":[\"https:\/\/www.cbdshop.ee\/en\/toode\/cannaline-cbd-tea-immune-system\/\"]}]},{\"@type\":\"BreadcrumbList\",\"@id\":\"https:\/\/www.cbdshop.ee\/en\/toode\/cannaline-cbd-tea-immune-system\/#breadcrumb\",\"itemListElement\":[{\"@type\":\"ListItem\",\"position\":1,\"name\":\"Home\",\"item\":\"https:\/\/cbdshop.ee\/en\/\"},{\"@type\":\"ListItem\",\"position\":2,\"name\":\"Products\",\"item\":\"https:\/\/cbdshop.ee\/en\/tooted\/\"},{\"@type\":\"ListItem\",\"position\":3,\"name\":\"cannaline CBD Tea IMMUNE SYSTEM\"}]},{\"@type\":\"WebSite\",\"@id\":\"https:\/\/cbdshop.ee\/#website\",\"url\":\"https:\/\/cbdshop.ee\/\",\"name\":\"CBDshop.ee\",\"description\":\"\u00d5itsed, \u00f5ietolm, CBD \u00f5li, CBD kanep, e-vedelikud\",\"publisher\":{\"@id\":\"https:\/\/cbdshop.ee\/#organization\"},\"potentialAction\":[{\"@type\":\"SearchAction\",\"target\":{\"@type\":\"EntryPoint\",\"urlTemplate\":\"https:\/\/cbdshop.ee\/?s={search_term_string}\"},\"query-input\":\"required name=search_term_string\"}],\"inLanguage\":\"en-US\"},{\"@type\":\"Organization\",\"@id\":\"https:\/\/cbdshop.ee\/#organization\",\"name\":\"Nordic Synergy O\u00dc\",\"url\":\"https:\/\/cbdshop.ee\/\",\"logo\":{\"@type\":\"ImageObject\",\"inLanguage\":\"en-US\",\"@id\":\"https:\/\/cbdshop.ee\/#\/schema\/logo\/image\/\",\"url\":\"\",\"contentUrl\":\"\",\"caption\":\"Nordic Synergy O\u00dc\"},\"image\":{\"@id\":\"https:\/\/cbdshop.ee\/#\/schema\/logo\/image\/\"},\"sameAs\":[\"https:\/\/m.facebook.com\/cbdshop.ee\/\",\"https:\/\/www.instagram.com\/cbdshop.ee\/\"]}]}<\/script>\n<!-- \/ Yoast SEO plugin. -->","yoast_head_json":{"title":"cannaline CBD Tea IMMUNE SYSTEM - CBDshop.ee","description":"cannaline CBD Tea IMMUNE SYSTEM \u2013 telli kvaliteetne CBD toode parima hinnaga. Tasuta tarne Eestis, diskreetne pakend. Osta mugavalt CBDshopi e-poest \u2013 kiire ja turvaline!","robots":{"index":"index","follow":"follow","max-snippet":"max-snippet:-1","max-image-preview":"max-image-preview:large","max-video-preview":"max-video-preview:-1"},"canonical":"https:\/\/www.cbdshop.ee\/en\/toode\/cannaline-cbd-tea-immune-system\/","og_locale":"en_US","og_type":"article","og_title":"cannaline CBD Tea IMMUNE SYSTEM - CBDshop.ee","og_description":"cannaline CBD Tea IMMUNE SYSTEM \u2013 telli kvaliteetne CBD toode parima hinnaga. Tasuta tarne Eestis, diskreetne pakend. Osta mugavalt CBDshopi e-poest \u2013 kiire ja turvaline!","og_url":"https:\/\/www.cbdshop.ee\/en\/toode\/cannaline-cbd-tea-immune-system\/","og_site_name":"CBDshop.ee","article_publisher":"https:\/\/m.facebook.com\/cbdshop.ee\/","article_modified_time":"2025-11-15T14:38:05+00:00","og_image":[{"width":1000,"height":1100,"url":"https:\/\/www.cbdshop.ee\/wp-content\/uploads\/2021\/12\/a8p-0033-CANNALINE-CBD-Tea-IMMUNITY-1.jpg","type":"image\/jpeg"}],"twitter_card":"summary_large_image","twitter_misc":{"Est. reading time":"1 minute"},"schema":{"@context":"https:\/\/schema.org","@graph":[{"@type":"WebPage","@id":"https:\/\/www.cbdshop.ee\/en\/toode\/cannaline-cbd-tea-immune-system\/","url":"https:\/\/www.cbdshop.ee\/en\/toode\/cannaline-cbd-tea-immune-system\/","name":"cannaline CBD Tea IMMUNE SYSTEM - CBDshop.ee","isPartOf":{"@id":"https:\/\/cbdshop.ee\/#website"},"datePublished":"2021-12-15T13:26:38+00:00","dateModified":"2025-11-15T14:38:05+00:00","description":"cannaline CBD Tea IMMUNE SYSTEM \u2013 telli kvaliteetne CBD toode parima hinnaga. Tasuta tarne Eestis, diskreetne pakend. Osta mugavalt CBDshopi e-poest \u2013 kiire ja turvaline!","breadcrumb":{"@id":"https:\/\/www.cbdshop.ee\/en\/toode\/cannaline-cbd-tea-immune-system\/#breadcrumb"},"inLanguage":"en-US","potentialAction":[{"@type":"ReadAction","target":["https:\/\/www.cbdshop.ee\/en\/toode\/cannaline-cbd-tea-immune-system\/"]}]},{"@type":"BreadcrumbList","@id":"https:\/\/www.cbdshop.ee\/en\/toode\/cannaline-cbd-tea-immune-system\/#breadcrumb","itemListElement":[{"@type":"ListItem","position":1,"name":"Home","item":"https:\/\/cbdshop.ee\/en\/"},{"@type":"ListItem","position":2,"name":"Products","item":"https:\/\/cbdshop.ee\/en\/tooted\/"},{"@type":"ListItem","position":3,"name":"cannaline CBD Tea IMMUNE SYSTEM"}]},{"@type":"WebSite","@id":"https:\/\/cbdshop.ee\/#website","url":"https:\/\/cbdshop.ee\/","name":"CBDshop.ee","description":"\u00d5itsed, \u00f5ietolm, CBD \u00f5li, CBD kanep, e-vedelikud","publisher":{"@id":"https:\/\/cbdshop.ee\/#organization"},"potentialAction":[{"@type":"SearchAction","target":{"@type":"EntryPoint","urlTemplate":"https:\/\/cbdshop.ee\/?s={search_term_string}"},"query-input":"required name=search_term_string"}],"inLanguage":"en-US"},{"@type":"Organization","@id":"https:\/\/cbdshop.ee\/#organization","name":"Nordic Synergy O\u00dc","url":"https:\/\/cbdshop.ee\/","logo":{"@type":"ImageObject","inLanguage":"en-US","@id":"https:\/\/cbdshop.ee\/#\/schema\/logo\/image\/","url":"","contentUrl":"","caption":"Nordic Synergy O\u00dc"},"image":{"@id":"https:\/\/cbdshop.ee\/#\/schema\/logo\/image\/"},"sameAs":["https:\/\/m.facebook.com\/cbdshop.ee\/","https:\/\/www.instagram.com\/cbdshop.ee\/"]}]}},"_links":{"self":[{"href":"https:\/\/cbdshop.ee\/en\/wp-json\/wp\/v2\/product\/26923"}],"collection":[{"href":"https:\/\/cbdshop.ee\/en\/wp-json\/wp\/v2\/product"}],"about":[{"href":"https:\/\/cbdshop.ee\/en\/wp-json\/wp\/v2\/types\/product"}],"replies":[{"embeddable":true,"href":"https:\/\/cbdshop.ee\/en\/wp-json\/wp\/v2\/comments?post=26923"}],"wp:featuredmedia":[{"embeddable":true,"href":"https:\/\/cbdshop.ee\/en\/wp-json\/wp\/v2\/media\/26924"}],"wp:attachment":[{"href":"https:\/\/cbdshop.ee\/en\/wp-json\/wp\/v2\/media?parent=26923"}],"wp:term":[{"taxonomy":"product_cat","embeddable":true,"href":"https:\/\/cbdshop.ee\/en\/wp-json\/wp\/v2\/product_cat?post=26923"},{"taxonomy":"product_tag","embeddable":true,"href":"https:\/\/cbdshop.ee\/en\/wp-json\/wp\/v2\/product_tag?post=26923"}],"curies":[{"name":"wp","href":"https:\/\/api.w.org\/{rel}","templated":true}]}}