{"id":27006,"date":"2021-12-22T15:15:03","date_gmt":"2021-12-22T13:15:03","guid":{"rendered":"https:\/\/cbdshop.ee\/?post_type=product&#038;p=27006"},"modified":"2026-03-05T11:31:35","modified_gmt":"2026-03-05T09:31:35","slug":"cannaline-cbd-capsules-1500-mg-cbd","status":"publish","type":"product","link":"https:\/\/cbdshop.ee\/en\/toode\/cannaline-cbd-capsules-1500-mg-cbd\/","title":{"rendered":"cannaline CBD Capsules &#8211; 1500 mg CBD"},"content":{"rendered":"<p><strong>CBD content:<\/strong> 1500 mg<br \/>\n<strong>Shelf life:<\/strong> 24 month<br \/>\n<strong>Storage:<\/strong> Store in a dry and cool place<br \/>\n<strong>Ingredients:<\/strong> Industrial hemp extract (Cannabis sativa L.) isolate, gelatin from bovine skin, water, cannabis sativa seed oil<br \/>\n<strong>Notice:<\/strong> Not intended for children. Keep out of reach of children. Do not use if pregnant or breastfeeding. Do not exceed 70 mg in a 24-hour period. This is a food supplement; it should not be used as a substitute for a varied diet. This product is not intended to cure cancer or any diseases<br \/>\n<strong>Recommended dosage:<\/strong> One capsule per day<\/p>\n","protected":false},"excerpt":{"rendered":"<div>You do not like the harsh taste of CBD oil? No worries, cannaline CBD Capsules are here to help!<\/div>\n<p>Cannaline CBD Capsules are travel-friendly, quick to take and a great option for those on the go. Our CBD is suspended in fractionated hempseed oil and then encapsulated for easy consumption. We offer two strengths, 25mg and 50mg, which can be taken in the morning or at night for fast and easy comfort.<\/p>\n<p>Gel Capsules per Bottle: 30<br \/>\n50mg CBD Capsules = 1,500mg CBD per bottle<\/p>\n","protected":false},"featured_media":27007,"comment_status":"open","ping_status":"closed","template":"","meta":[],"product_cat":[491],"product_tag":[],"yoast_head":"<!-- This site is optimized with the Yoast SEO plugin v20.8 - https:\/\/yoast.com\/wordpress\/plugins\/seo\/ -->\n<title>cannaline CBD Capsules - 1500 mg CBD - CBDshop.ee<\/title>\n<meta name=\"description\" content=\"cannaline CBD Capsules - 1500 mg CBD \u2013 telli kvaliteetne CBD toode parima hinnaga. Tasuta tarne Eestis, diskreetne pakend. Osta mugavalt CBDshopi e-poest \u2013 kiire ja turvaline!\" \/>\n<meta name=\"robots\" content=\"index, follow, max-snippet:-1, max-image-preview:large, max-video-preview:-1\" \/>\n<link rel=\"canonical\" href=\"https:\/\/cbdshop.ee\/en\/toode\/cannaline-cbd-capsules-1500-mg-cbd\/\" \/>\n<meta property=\"og:locale\" content=\"en_US\" \/>\n<meta property=\"og:type\" content=\"article\" \/>\n<meta property=\"og:title\" content=\"cannaline CBD Capsules - 1500 mg CBD - CBDshop.ee\" \/>\n<meta property=\"og:description\" content=\"cannaline CBD Capsules - 1500 mg CBD \u2013 telli kvaliteetne CBD toode parima hinnaga. Tasuta tarne Eestis, diskreetne pakend. Osta mugavalt CBDshopi e-poest \u2013 kiire ja turvaline!\" \/>\n<meta property=\"og:url\" content=\"https:\/\/cbdshop.ee\/en\/toode\/cannaline-cbd-capsules-1500-mg-cbd\/\" \/>\n<meta property=\"og:site_name\" content=\"CBDshop.ee\" \/>\n<meta property=\"article:publisher\" content=\"https:\/\/m.facebook.com\/cbdshop.ee\/\" \/>\n<meta property=\"article:modified_time\" content=\"2026-03-05T09:31:35+00:00\" \/>\n<meta property=\"og:image\" content=\"https:\/\/cbdshop.ee\/wp-content\/uploads\/2021\/12\/4ll-capsule15001-1-.png\" \/>\n\t<meta property=\"og:image:width\" content=\"1000\" \/>\n\t<meta property=\"og:image:height\" content=\"926\" \/>\n\t<meta property=\"og:image:type\" content=\"image\/png\" \/>\n<meta name=\"twitter:card\" content=\"summary_large_image\" \/>\n<meta name=\"twitter:label1\" content=\"Est. reading time\" \/>\n\t<meta name=\"twitter:data1\" content=\"1 minute\" \/>\n<script type=\"application\/ld+json\" class=\"yoast-schema-graph\">{\"@context\":\"https:\/\/schema.org\",\"@graph\":[{\"@type\":\"WebPage\",\"@id\":\"https:\/\/cbdshop.ee\/en\/toode\/cannaline-cbd-capsules-1500-mg-cbd\/\",\"url\":\"https:\/\/cbdshop.ee\/en\/toode\/cannaline-cbd-capsules-1500-mg-cbd\/\",\"name\":\"cannaline CBD Capsules - 1500 mg CBD - CBDshop.ee\",\"isPartOf\":{\"@id\":\"https:\/\/cbdshop.ee\/#website\"},\"datePublished\":\"2021-12-22T13:15:03+00:00\",\"dateModified\":\"2026-03-05T09:31:35+00:00\",\"description\":\"cannaline CBD Capsules - 1500 mg CBD \u2013 telli kvaliteetne CBD toode parima hinnaga. Tasuta tarne Eestis, diskreetne pakend. Osta mugavalt CBDshopi e-poest \u2013 kiire ja turvaline!\",\"breadcrumb\":{\"@id\":\"https:\/\/cbdshop.ee\/en\/toode\/cannaline-cbd-capsules-1500-mg-cbd\/#breadcrumb\"},\"inLanguage\":\"en-US\",\"potentialAction\":[{\"@type\":\"ReadAction\",\"target\":[\"https:\/\/cbdshop.ee\/en\/toode\/cannaline-cbd-capsules-1500-mg-cbd\/\"]}]},{\"@type\":\"BreadcrumbList\",\"@id\":\"https:\/\/cbdshop.ee\/en\/toode\/cannaline-cbd-capsules-1500-mg-cbd\/#breadcrumb\",\"itemListElement\":[{\"@type\":\"ListItem\",\"position\":1,\"name\":\"Home\",\"item\":\"https:\/\/cbdshop.ee\/en\/\"},{\"@type\":\"ListItem\",\"position\":2,\"name\":\"Products\",\"item\":\"https:\/\/cbdshop.ee\/en\/tooted\/\"},{\"@type\":\"ListItem\",\"position\":3,\"name\":\"cannaline CBD Capsules &#8211; 1500 mg CBD\"}]},{\"@type\":\"WebSite\",\"@id\":\"https:\/\/cbdshop.ee\/#website\",\"url\":\"https:\/\/cbdshop.ee\/\",\"name\":\"CBDshop.ee\",\"description\":\"\u00d5itsed, \u00f5ietolm, CBD \u00f5li, CBD kanep, e-vedelikud\",\"publisher\":{\"@id\":\"https:\/\/cbdshop.ee\/#organization\"},\"potentialAction\":[{\"@type\":\"SearchAction\",\"target\":{\"@type\":\"EntryPoint\",\"urlTemplate\":\"https:\/\/cbdshop.ee\/?s={search_term_string}\"},\"query-input\":\"required name=search_term_string\"}],\"inLanguage\":\"en-US\"},{\"@type\":\"Organization\",\"@id\":\"https:\/\/cbdshop.ee\/#organization\",\"name\":\"Nordic Synergy O\u00dc\",\"url\":\"https:\/\/cbdshop.ee\/\",\"logo\":{\"@type\":\"ImageObject\",\"inLanguage\":\"en-US\",\"@id\":\"https:\/\/cbdshop.ee\/#\/schema\/logo\/image\/\",\"url\":\"\",\"contentUrl\":\"\",\"caption\":\"Nordic Synergy O\u00dc\"},\"image\":{\"@id\":\"https:\/\/cbdshop.ee\/#\/schema\/logo\/image\/\"},\"sameAs\":[\"https:\/\/m.facebook.com\/cbdshop.ee\/\",\"https:\/\/www.instagram.com\/cbdshop.ee\/\"]}]}<\/script>\n<!-- \/ Yoast SEO plugin. -->","yoast_head_json":{"title":"cannaline CBD Capsules - 1500 mg CBD - CBDshop.ee","description":"cannaline CBD Capsules - 1500 mg CBD \u2013 telli kvaliteetne CBD toode parima hinnaga. Tasuta tarne Eestis, diskreetne pakend. Osta mugavalt CBDshopi e-poest \u2013 kiire ja turvaline!","robots":{"index":"index","follow":"follow","max-snippet":"max-snippet:-1","max-image-preview":"max-image-preview:large","max-video-preview":"max-video-preview:-1"},"canonical":"https:\/\/cbdshop.ee\/en\/toode\/cannaline-cbd-capsules-1500-mg-cbd\/","og_locale":"en_US","og_type":"article","og_title":"cannaline CBD Capsules - 1500 mg CBD - CBDshop.ee","og_description":"cannaline CBD Capsules - 1500 mg CBD \u2013 telli kvaliteetne CBD toode parima hinnaga. Tasuta tarne Eestis, diskreetne pakend. Osta mugavalt CBDshopi e-poest \u2013 kiire ja turvaline!","og_url":"https:\/\/cbdshop.ee\/en\/toode\/cannaline-cbd-capsules-1500-mg-cbd\/","og_site_name":"CBDshop.ee","article_publisher":"https:\/\/m.facebook.com\/cbdshop.ee\/","article_modified_time":"2026-03-05T09:31:35+00:00","og_image":[{"width":1000,"height":926,"url":"https:\/\/cbdshop.ee\/wp-content\/uploads\/2021\/12\/4ll-capsule15001-1-.png","type":"image\/png"}],"twitter_card":"summary_large_image","twitter_misc":{"Est. reading time":"1 minute"},"schema":{"@context":"https:\/\/schema.org","@graph":[{"@type":"WebPage","@id":"https:\/\/cbdshop.ee\/en\/toode\/cannaline-cbd-capsules-1500-mg-cbd\/","url":"https:\/\/cbdshop.ee\/en\/toode\/cannaline-cbd-capsules-1500-mg-cbd\/","name":"cannaline CBD Capsules - 1500 mg CBD - CBDshop.ee","isPartOf":{"@id":"https:\/\/cbdshop.ee\/#website"},"datePublished":"2021-12-22T13:15:03+00:00","dateModified":"2026-03-05T09:31:35+00:00","description":"cannaline CBD Capsules - 1500 mg CBD \u2013 telli kvaliteetne CBD toode parima hinnaga. Tasuta tarne Eestis, diskreetne pakend. Osta mugavalt CBDshopi e-poest \u2013 kiire ja turvaline!","breadcrumb":{"@id":"https:\/\/cbdshop.ee\/en\/toode\/cannaline-cbd-capsules-1500-mg-cbd\/#breadcrumb"},"inLanguage":"en-US","potentialAction":[{"@type":"ReadAction","target":["https:\/\/cbdshop.ee\/en\/toode\/cannaline-cbd-capsules-1500-mg-cbd\/"]}]},{"@type":"BreadcrumbList","@id":"https:\/\/cbdshop.ee\/en\/toode\/cannaline-cbd-capsules-1500-mg-cbd\/#breadcrumb","itemListElement":[{"@type":"ListItem","position":1,"name":"Home","item":"https:\/\/cbdshop.ee\/en\/"},{"@type":"ListItem","position":2,"name":"Products","item":"https:\/\/cbdshop.ee\/en\/tooted\/"},{"@type":"ListItem","position":3,"name":"cannaline CBD Capsules &#8211; 1500 mg CBD"}]},{"@type":"WebSite","@id":"https:\/\/cbdshop.ee\/#website","url":"https:\/\/cbdshop.ee\/","name":"CBDshop.ee","description":"\u00d5itsed, \u00f5ietolm, CBD \u00f5li, CBD kanep, e-vedelikud","publisher":{"@id":"https:\/\/cbdshop.ee\/#organization"},"potentialAction":[{"@type":"SearchAction","target":{"@type":"EntryPoint","urlTemplate":"https:\/\/cbdshop.ee\/?s={search_term_string}"},"query-input":"required name=search_term_string"}],"inLanguage":"en-US"},{"@type":"Organization","@id":"https:\/\/cbdshop.ee\/#organization","name":"Nordic Synergy O\u00dc","url":"https:\/\/cbdshop.ee\/","logo":{"@type":"ImageObject","inLanguage":"en-US","@id":"https:\/\/cbdshop.ee\/#\/schema\/logo\/image\/","url":"","contentUrl":"","caption":"Nordic Synergy O\u00dc"},"image":{"@id":"https:\/\/cbdshop.ee\/#\/schema\/logo\/image\/"},"sameAs":["https:\/\/m.facebook.com\/cbdshop.ee\/","https:\/\/www.instagram.com\/cbdshop.ee\/"]}]}},"_links":{"self":[{"href":"https:\/\/cbdshop.ee\/en\/wp-json\/wp\/v2\/product\/27006"}],"collection":[{"href":"https:\/\/cbdshop.ee\/en\/wp-json\/wp\/v2\/product"}],"about":[{"href":"https:\/\/cbdshop.ee\/en\/wp-json\/wp\/v2\/types\/product"}],"replies":[{"embeddable":true,"href":"https:\/\/cbdshop.ee\/en\/wp-json\/wp\/v2\/comments?post=27006"}],"wp:featuredmedia":[{"embeddable":true,"href":"https:\/\/cbdshop.ee\/en\/wp-json\/wp\/v2\/media\/27007"}],"wp:attachment":[{"href":"https:\/\/cbdshop.ee\/en\/wp-json\/wp\/v2\/media?parent=27006"}],"wp:term":[{"taxonomy":"product_cat","embeddable":true,"href":"https:\/\/cbdshop.ee\/en\/wp-json\/wp\/v2\/product_cat?post=27006"},{"taxonomy":"product_tag","embeddable":true,"href":"https:\/\/cbdshop.ee\/en\/wp-json\/wp\/v2\/product_tag?post=27006"}],"curies":[{"name":"wp","href":"https:\/\/api.w.org\/{rel}","templated":true}]}}