{"id":27596,"date":"2022-03-17T17:49:44","date_gmt":"2022-03-17T15:49:44","guid":{"rendered":"https:\/\/cbdshop.ee\/?post_type=product&#038;p=27596"},"modified":"2024-09-10T15:16:24","modified_gmt":"2024-09-10T12:16:24","slug":"cannaline-cbd-day-cream","status":"publish","type":"product","link":"https:\/\/www.cbdshop.ee\/en\/toode\/cannaline-cbd-day-cream\/","title":{"rendered":"cannaline CBD Day Cream"},"content":{"rendered":"<p><strong>Netto weight:<\/strong> 50 ml<br \/>\n<strong>Ingredients:<\/strong> Aqua, Squalane, Prunus Amygdalus Dulcis Oil, Glycerin, Panthenol, Olea Europaea Fruit Oil, Glyceryl Stearate, Polyacrylamide, Oleyl Erucate, Tocopheryl Acetate, C13-14 Isoparaffin, Cannabis sativa Seed Oil, Cetyl Alcohol, Phenoxyethanol, Polysorbate 80, PEG-40 Stearate, Laureth-7, Cannabidiol, Ethylhexylglycerin, Aloe Barbadensis Leaf Juice, Ubiquinone, Camellia Sinensis Leaf Extract, Linaria Vulgaris Extract, Equisetum Arvense Extract, Arctium Lappa Root Extract, Salvia Officinalis Extract, Amorolphallus Konjac Root Extract, Carbomer, Sodium Hydroxyde, Parfum, alpha- Isomethyl Ionone, Butylphenyl Methylpropional, Hexyl Cinnamal, Limonene, Linallool.<\/p>\n","protected":false},"excerpt":{"rendered":"<h4>Regenerates | Hydrates | Refreshes your skin<\/h4>\n<p>Day cream with coenzyme Q10, CBD and hemp oil is an original light cream for face and d\u00e9collet\u00e9 containing a number of other complementary biologically active ones substances (aloe vera, vitamin E, panthenol, green tea extracts, linseed, horsetail, burdock, sage, etc.), has regenerative, hydrating and refreshing effects.<\/p>\n","protected":false},"featured_media":27587,"comment_status":"open","ping_status":"closed","template":"","meta":[],"product_cat":[494],"product_tag":[],"yoast_head":"<!-- This site is optimized with the Yoast SEO plugin v20.8 - https:\/\/yoast.com\/wordpress\/plugins\/seo\/ -->\n<title>cannaline CBD Day Cream - CBDshop.ee<\/title>\n<meta name=\"description\" content=\"cannaline CBD Day Cream \u2013 telli kvaliteetne CBD toode parima hinnaga. Tasuta tarne Eestis, diskreetne pakend. Osta mugavalt CBDshopi e-poest \u2013 kiire ja turvaline!\" \/>\n<meta name=\"robots\" content=\"index, follow, max-snippet:-1, max-image-preview:large, max-video-preview:-1\" \/>\n<link rel=\"canonical\" href=\"https:\/\/www.cbdshop.ee\/en\/toode\/cannaline-cbd-day-cream\/\" \/>\n<meta property=\"og:locale\" content=\"en_US\" \/>\n<meta property=\"og:type\" content=\"article\" \/>\n<meta property=\"og:title\" content=\"cannaline CBD Day Cream - CBDshop.ee\" \/>\n<meta property=\"og:description\" content=\"cannaline CBD Day Cream \u2013 telli kvaliteetne CBD toode parima hinnaga. Tasuta tarne Eestis, diskreetne pakend. Osta mugavalt CBDshopi e-poest \u2013 kiire ja turvaline!\" \/>\n<meta property=\"og:url\" content=\"https:\/\/www.cbdshop.ee\/en\/toode\/cannaline-cbd-day-cream\/\" \/>\n<meta property=\"og:site_name\" content=\"CBDshop.ee\" \/>\n<meta property=\"article:publisher\" content=\"https:\/\/m.facebook.com\/cbdshop.ee\/\" \/>\n<meta property=\"article:modified_time\" content=\"2024-09-10T12:16:24+00:00\" \/>\n<meta property=\"og:image\" content=\"https:\/\/cbdshop.ee\/wp-content\/uploads\/2022\/03\/8gb-CBD-Day-cream-01.jpg\" \/>\n\t<meta property=\"og:image:width\" content=\"2000\" \/>\n\t<meta property=\"og:image:height\" content=\"2000\" \/>\n\t<meta property=\"og:image:type\" content=\"image\/jpeg\" \/>\n<meta name=\"twitter:card\" content=\"summary_large_image\" \/>\n<meta name=\"twitter:label1\" content=\"Est. reading time\" \/>\n\t<meta name=\"twitter:data1\" content=\"1 minute\" \/>\n<script type=\"application\/ld+json\" class=\"yoast-schema-graph\">{\"@context\":\"https:\/\/schema.org\",\"@graph\":[{\"@type\":\"WebPage\",\"@id\":\"https:\/\/www.cbdshop.ee\/en\/toode\/cannaline-cbd-day-cream\/\",\"url\":\"https:\/\/www.cbdshop.ee\/en\/toode\/cannaline-cbd-day-cream\/\",\"name\":\"cannaline CBD Day Cream - CBDshop.ee\",\"isPartOf\":{\"@id\":\"https:\/\/cbdshop.ee\/#website\"},\"datePublished\":\"2022-03-17T15:49:44+00:00\",\"dateModified\":\"2024-09-10T12:16:24+00:00\",\"description\":\"cannaline CBD Day Cream \u2013 telli kvaliteetne CBD toode parima hinnaga. Tasuta tarne Eestis, diskreetne pakend. Osta mugavalt CBDshopi e-poest \u2013 kiire ja turvaline!\",\"breadcrumb\":{\"@id\":\"https:\/\/www.cbdshop.ee\/en\/toode\/cannaline-cbd-day-cream\/#breadcrumb\"},\"inLanguage\":\"en-US\",\"potentialAction\":[{\"@type\":\"ReadAction\",\"target\":[\"https:\/\/www.cbdshop.ee\/en\/toode\/cannaline-cbd-day-cream\/\"]}]},{\"@type\":\"BreadcrumbList\",\"@id\":\"https:\/\/www.cbdshop.ee\/en\/toode\/cannaline-cbd-day-cream\/#breadcrumb\",\"itemListElement\":[{\"@type\":\"ListItem\",\"position\":1,\"name\":\"Home\",\"item\":\"https:\/\/cbdshop.ee\/en\/\"},{\"@type\":\"ListItem\",\"position\":2,\"name\":\"Products\",\"item\":\"https:\/\/cbdshop.ee\/en\/tooted\/\"},{\"@type\":\"ListItem\",\"position\":3,\"name\":\"cannaline CBD Day Cream\"}]},{\"@type\":\"WebSite\",\"@id\":\"https:\/\/cbdshop.ee\/#website\",\"url\":\"https:\/\/cbdshop.ee\/\",\"name\":\"CBDshop.ee\",\"description\":\"\u00d5itsed, \u00f5ietolm, CBD \u00f5li, CBD kanep, e-vedelikud\",\"publisher\":{\"@id\":\"https:\/\/cbdshop.ee\/#organization\"},\"potentialAction\":[{\"@type\":\"SearchAction\",\"target\":{\"@type\":\"EntryPoint\",\"urlTemplate\":\"https:\/\/cbdshop.ee\/?s={search_term_string}\"},\"query-input\":\"required name=search_term_string\"}],\"inLanguage\":\"en-US\"},{\"@type\":\"Organization\",\"@id\":\"https:\/\/cbdshop.ee\/#organization\",\"name\":\"Nordic Synergy O\u00dc\",\"url\":\"https:\/\/cbdshop.ee\/\",\"logo\":{\"@type\":\"ImageObject\",\"inLanguage\":\"en-US\",\"@id\":\"https:\/\/cbdshop.ee\/#\/schema\/logo\/image\/\",\"url\":\"\",\"contentUrl\":\"\",\"caption\":\"Nordic Synergy O\u00dc\"},\"image\":{\"@id\":\"https:\/\/cbdshop.ee\/#\/schema\/logo\/image\/\"},\"sameAs\":[\"https:\/\/m.facebook.com\/cbdshop.ee\/\",\"https:\/\/www.instagram.com\/cbdshop.ee\/\"]}]}<\/script>\n<!-- \/ Yoast SEO plugin. -->","yoast_head_json":{"title":"cannaline CBD Day Cream - CBDshop.ee","description":"cannaline CBD Day Cream \u2013 telli kvaliteetne CBD toode parima hinnaga. Tasuta tarne Eestis, diskreetne pakend. Osta mugavalt CBDshopi e-poest \u2013 kiire ja turvaline!","robots":{"index":"index","follow":"follow","max-snippet":"max-snippet:-1","max-image-preview":"max-image-preview:large","max-video-preview":"max-video-preview:-1"},"canonical":"https:\/\/www.cbdshop.ee\/en\/toode\/cannaline-cbd-day-cream\/","og_locale":"en_US","og_type":"article","og_title":"cannaline CBD Day Cream - CBDshop.ee","og_description":"cannaline CBD Day Cream \u2013 telli kvaliteetne CBD toode parima hinnaga. Tasuta tarne Eestis, diskreetne pakend. Osta mugavalt CBDshopi e-poest \u2013 kiire ja turvaline!","og_url":"https:\/\/www.cbdshop.ee\/en\/toode\/cannaline-cbd-day-cream\/","og_site_name":"CBDshop.ee","article_publisher":"https:\/\/m.facebook.com\/cbdshop.ee\/","article_modified_time":"2024-09-10T12:16:24+00:00","og_image":[{"width":2000,"height":2000,"url":"https:\/\/cbdshop.ee\/wp-content\/uploads\/2022\/03\/8gb-CBD-Day-cream-01.jpg","type":"image\/jpeg"}],"twitter_card":"summary_large_image","twitter_misc":{"Est. reading time":"1 minute"},"schema":{"@context":"https:\/\/schema.org","@graph":[{"@type":"WebPage","@id":"https:\/\/www.cbdshop.ee\/en\/toode\/cannaline-cbd-day-cream\/","url":"https:\/\/www.cbdshop.ee\/en\/toode\/cannaline-cbd-day-cream\/","name":"cannaline CBD Day Cream - CBDshop.ee","isPartOf":{"@id":"https:\/\/cbdshop.ee\/#website"},"datePublished":"2022-03-17T15:49:44+00:00","dateModified":"2024-09-10T12:16:24+00:00","description":"cannaline CBD Day Cream \u2013 telli kvaliteetne CBD toode parima hinnaga. Tasuta tarne Eestis, diskreetne pakend. Osta mugavalt CBDshopi e-poest \u2013 kiire ja turvaline!","breadcrumb":{"@id":"https:\/\/www.cbdshop.ee\/en\/toode\/cannaline-cbd-day-cream\/#breadcrumb"},"inLanguage":"en-US","potentialAction":[{"@type":"ReadAction","target":["https:\/\/www.cbdshop.ee\/en\/toode\/cannaline-cbd-day-cream\/"]}]},{"@type":"BreadcrumbList","@id":"https:\/\/www.cbdshop.ee\/en\/toode\/cannaline-cbd-day-cream\/#breadcrumb","itemListElement":[{"@type":"ListItem","position":1,"name":"Home","item":"https:\/\/cbdshop.ee\/en\/"},{"@type":"ListItem","position":2,"name":"Products","item":"https:\/\/cbdshop.ee\/en\/tooted\/"},{"@type":"ListItem","position":3,"name":"cannaline CBD Day Cream"}]},{"@type":"WebSite","@id":"https:\/\/cbdshop.ee\/#website","url":"https:\/\/cbdshop.ee\/","name":"CBDshop.ee","description":"\u00d5itsed, \u00f5ietolm, CBD \u00f5li, CBD kanep, e-vedelikud","publisher":{"@id":"https:\/\/cbdshop.ee\/#organization"},"potentialAction":[{"@type":"SearchAction","target":{"@type":"EntryPoint","urlTemplate":"https:\/\/cbdshop.ee\/?s={search_term_string}"},"query-input":"required name=search_term_string"}],"inLanguage":"en-US"},{"@type":"Organization","@id":"https:\/\/cbdshop.ee\/#organization","name":"Nordic Synergy O\u00dc","url":"https:\/\/cbdshop.ee\/","logo":{"@type":"ImageObject","inLanguage":"en-US","@id":"https:\/\/cbdshop.ee\/#\/schema\/logo\/image\/","url":"","contentUrl":"","caption":"Nordic Synergy O\u00dc"},"image":{"@id":"https:\/\/cbdshop.ee\/#\/schema\/logo\/image\/"},"sameAs":["https:\/\/m.facebook.com\/cbdshop.ee\/","https:\/\/www.instagram.com\/cbdshop.ee\/"]}]}},"_links":{"self":[{"href":"https:\/\/www.cbdshop.ee\/en\/wp-json\/wp\/v2\/product\/27596"}],"collection":[{"href":"https:\/\/www.cbdshop.ee\/en\/wp-json\/wp\/v2\/product"}],"about":[{"href":"https:\/\/www.cbdshop.ee\/en\/wp-json\/wp\/v2\/types\/product"}],"replies":[{"embeddable":true,"href":"https:\/\/www.cbdshop.ee\/en\/wp-json\/wp\/v2\/comments?post=27596"}],"wp:featuredmedia":[{"embeddable":true,"href":"https:\/\/www.cbdshop.ee\/en\/wp-json\/wp\/v2\/media\/27587"}],"wp:attachment":[{"href":"https:\/\/www.cbdshop.ee\/en\/wp-json\/wp\/v2\/media?parent=27596"}],"wp:term":[{"taxonomy":"product_cat","embeddable":true,"href":"https:\/\/www.cbdshop.ee\/en\/wp-json\/wp\/v2\/product_cat?post=27596"},{"taxonomy":"product_tag","embeddable":true,"href":"https:\/\/www.cbdshop.ee\/en\/wp-json\/wp\/v2\/product_tag?post=27596"}],"curies":[{"name":"wp","href":"https:\/\/api.w.org\/{rel}","templated":true}]}}