{"id":28453,"date":"2022-07-30T18:29:03","date_gmt":"2022-07-30T15:29:03","guid":{"rendered":"https:\/\/cbdshop.ee\/?post_type=product&#038;p=28453"},"modified":"2026-02-24T01:29:48","modified_gmt":"2026-02-23T23:29:48","slug":"cbd-oil-for-dogs-3","status":"publish","type":"product","link":"https:\/\/cbdshop.ee\/en\/toode\/cbd-oil-for-dogs-3\/","title":{"rendered":"CBD oil for dogs 3%"},"content":{"rendered":"<p>Scientists know that cannabinoids interact with the endocannabinoid receptors located in the central and peripheral nervous systems of people and animals, which help maintain balance in the body and keep it in a normal healthy state.<\/p>\n","protected":false},"excerpt":{"rendered":"<p>3% CBD Oil. Hemp extract in MCT oil with natural bacon flavour.<\/p>\n<ul>\n<li>Volume: 10 ml (300 mg CBD)<\/li>\n<li>CBD Full Spectrum (CBD, CBDA, CBG, CBGA, CBN, CBC)<\/li>\n<li>THC &lt;0,2%<\/li>\n<\/ul>\n","protected":false},"featured_media":25403,"comment_status":"open","ping_status":"closed","template":"","meta":[],"product_cat":[497],"product_tag":[],"yoast_head":"<!-- This site is optimized with the Yoast SEO plugin v20.8 - https:\/\/yoast.com\/wordpress\/plugins\/seo\/ -->\n<title>CBD oil for dogs 3% - CBDshop.ee<\/title>\n<meta name=\"description\" content=\"CBD oil for dogs 3% \u2013 telli kvaliteetne CBD toode parima hinnaga. Tasuta tarne Eestis, diskreetne pakend. Osta mugavalt CBDshopi e-poest \u2013 kiire ja turvaline!\" \/>\n<meta name=\"robots\" content=\"index, follow, max-snippet:-1, max-image-preview:large, max-video-preview:-1\" \/>\n<link rel=\"canonical\" href=\"https:\/\/cbdshop.ee\/en\/toode\/cbd-oil-for-dogs-3\/\" \/>\n<meta property=\"og:locale\" content=\"en_US\" \/>\n<meta property=\"og:type\" content=\"article\" \/>\n<meta property=\"og:title\" content=\"CBD oil for dogs 3% - CBDshop.ee\" \/>\n<meta property=\"og:description\" content=\"CBD oil for dogs 3% \u2013 telli kvaliteetne CBD toode parima hinnaga. Tasuta tarne Eestis, diskreetne pakend. Osta mugavalt CBDshopi e-poest \u2013 kiire ja turvaline!\" \/>\n<meta property=\"og:url\" content=\"https:\/\/cbdshop.ee\/en\/toode\/cbd-oil-for-dogs-3\/\" \/>\n<meta property=\"og:site_name\" content=\"CBDshop.ee\" \/>\n<meta property=\"article:publisher\" content=\"https:\/\/m.facebook.com\/cbdshop.ee\/\" \/>\n<meta property=\"article:modified_time\" content=\"2026-02-23T23:29:48+00:00\" \/>\n<meta property=\"og:image\" content=\"https:\/\/cbdshop.ee\/wp-content\/uploads\/2021\/02\/6fs-cbd-oil-for-dogs-300mg.jpg\" \/>\n\t<meta property=\"og:image:width\" content=\"1000\" \/>\n\t<meta property=\"og:image:height\" content=\"1000\" \/>\n\t<meta property=\"og:image:type\" content=\"image\/jpeg\" \/>\n<meta name=\"twitter:card\" content=\"summary_large_image\" \/>\n<meta name=\"twitter:label1\" content=\"Est. reading time\" \/>\n\t<meta name=\"twitter:data1\" content=\"1 minute\" \/>\n<script type=\"application\/ld+json\" class=\"yoast-schema-graph\">{\"@context\":\"https:\/\/schema.org\",\"@graph\":[{\"@type\":\"WebPage\",\"@id\":\"https:\/\/cbdshop.ee\/en\/toode\/cbd-oil-for-dogs-3\/\",\"url\":\"https:\/\/cbdshop.ee\/en\/toode\/cbd-oil-for-dogs-3\/\",\"name\":\"CBD oil for dogs 3% - CBDshop.ee\",\"isPartOf\":{\"@id\":\"https:\/\/cbdshop.ee\/#website\"},\"datePublished\":\"2022-07-30T15:29:03+00:00\",\"dateModified\":\"2026-02-23T23:29:48+00:00\",\"description\":\"CBD oil for dogs 3% \u2013 telli kvaliteetne CBD toode parima hinnaga. Tasuta tarne Eestis, diskreetne pakend. Osta mugavalt CBDshopi e-poest \u2013 kiire ja turvaline!\",\"breadcrumb\":{\"@id\":\"https:\/\/cbdshop.ee\/en\/toode\/cbd-oil-for-dogs-3\/#breadcrumb\"},\"inLanguage\":\"en-US\",\"potentialAction\":[{\"@type\":\"ReadAction\",\"target\":[\"https:\/\/cbdshop.ee\/en\/toode\/cbd-oil-for-dogs-3\/\"]}]},{\"@type\":\"BreadcrumbList\",\"@id\":\"https:\/\/cbdshop.ee\/en\/toode\/cbd-oil-for-dogs-3\/#breadcrumb\",\"itemListElement\":[{\"@type\":\"ListItem\",\"position\":1,\"name\":\"Home\",\"item\":\"https:\/\/cbdshop.ee\/en\/\"},{\"@type\":\"ListItem\",\"position\":2,\"name\":\"Products\",\"item\":\"https:\/\/cbdshop.ee\/en\/tooted\/\"},{\"@type\":\"ListItem\",\"position\":3,\"name\":\"CBD oil for dogs 3%\"}]},{\"@type\":\"WebSite\",\"@id\":\"https:\/\/cbdshop.ee\/#website\",\"url\":\"https:\/\/cbdshop.ee\/\",\"name\":\"CBDshop.ee\",\"description\":\"\u00d5itsed, \u00f5ietolm, CBD \u00f5li, CBD kanep, e-vedelikud\",\"publisher\":{\"@id\":\"https:\/\/cbdshop.ee\/#organization\"},\"potentialAction\":[{\"@type\":\"SearchAction\",\"target\":{\"@type\":\"EntryPoint\",\"urlTemplate\":\"https:\/\/cbdshop.ee\/?s={search_term_string}\"},\"query-input\":\"required name=search_term_string\"}],\"inLanguage\":\"en-US\"},{\"@type\":\"Organization\",\"@id\":\"https:\/\/cbdshop.ee\/#organization\",\"name\":\"Nordic Synergy O\u00dc\",\"url\":\"https:\/\/cbdshop.ee\/\",\"logo\":{\"@type\":\"ImageObject\",\"inLanguage\":\"en-US\",\"@id\":\"https:\/\/cbdshop.ee\/#\/schema\/logo\/image\/\",\"url\":\"\",\"contentUrl\":\"\",\"caption\":\"Nordic Synergy O\u00dc\"},\"image\":{\"@id\":\"https:\/\/cbdshop.ee\/#\/schema\/logo\/image\/\"},\"sameAs\":[\"https:\/\/m.facebook.com\/cbdshop.ee\/\",\"https:\/\/www.instagram.com\/cbdshop.ee\/\"]}]}<\/script>\n<!-- \/ Yoast SEO plugin. -->","yoast_head_json":{"title":"CBD oil for dogs 3% - CBDshop.ee","description":"CBD oil for dogs 3% \u2013 telli kvaliteetne CBD toode parima hinnaga. Tasuta tarne Eestis, diskreetne pakend. Osta mugavalt CBDshopi e-poest \u2013 kiire ja turvaline!","robots":{"index":"index","follow":"follow","max-snippet":"max-snippet:-1","max-image-preview":"max-image-preview:large","max-video-preview":"max-video-preview:-1"},"canonical":"https:\/\/cbdshop.ee\/en\/toode\/cbd-oil-for-dogs-3\/","og_locale":"en_US","og_type":"article","og_title":"CBD oil for dogs 3% - CBDshop.ee","og_description":"CBD oil for dogs 3% \u2013 telli kvaliteetne CBD toode parima hinnaga. Tasuta tarne Eestis, diskreetne pakend. Osta mugavalt CBDshopi e-poest \u2013 kiire ja turvaline!","og_url":"https:\/\/cbdshop.ee\/en\/toode\/cbd-oil-for-dogs-3\/","og_site_name":"CBDshop.ee","article_publisher":"https:\/\/m.facebook.com\/cbdshop.ee\/","article_modified_time":"2026-02-23T23:29:48+00:00","og_image":[{"width":1000,"height":1000,"url":"https:\/\/cbdshop.ee\/wp-content\/uploads\/2021\/02\/6fs-cbd-oil-for-dogs-300mg.jpg","type":"image\/jpeg"}],"twitter_card":"summary_large_image","twitter_misc":{"Est. reading time":"1 minute"},"schema":{"@context":"https:\/\/schema.org","@graph":[{"@type":"WebPage","@id":"https:\/\/cbdshop.ee\/en\/toode\/cbd-oil-for-dogs-3\/","url":"https:\/\/cbdshop.ee\/en\/toode\/cbd-oil-for-dogs-3\/","name":"CBD oil for dogs 3% - CBDshop.ee","isPartOf":{"@id":"https:\/\/cbdshop.ee\/#website"},"datePublished":"2022-07-30T15:29:03+00:00","dateModified":"2026-02-23T23:29:48+00:00","description":"CBD oil for dogs 3% \u2013 telli kvaliteetne CBD toode parima hinnaga. Tasuta tarne Eestis, diskreetne pakend. Osta mugavalt CBDshopi e-poest \u2013 kiire ja turvaline!","breadcrumb":{"@id":"https:\/\/cbdshop.ee\/en\/toode\/cbd-oil-for-dogs-3\/#breadcrumb"},"inLanguage":"en-US","potentialAction":[{"@type":"ReadAction","target":["https:\/\/cbdshop.ee\/en\/toode\/cbd-oil-for-dogs-3\/"]}]},{"@type":"BreadcrumbList","@id":"https:\/\/cbdshop.ee\/en\/toode\/cbd-oil-for-dogs-3\/#breadcrumb","itemListElement":[{"@type":"ListItem","position":1,"name":"Home","item":"https:\/\/cbdshop.ee\/en\/"},{"@type":"ListItem","position":2,"name":"Products","item":"https:\/\/cbdshop.ee\/en\/tooted\/"},{"@type":"ListItem","position":3,"name":"CBD oil for dogs 3%"}]},{"@type":"WebSite","@id":"https:\/\/cbdshop.ee\/#website","url":"https:\/\/cbdshop.ee\/","name":"CBDshop.ee","description":"\u00d5itsed, \u00f5ietolm, CBD \u00f5li, CBD kanep, e-vedelikud","publisher":{"@id":"https:\/\/cbdshop.ee\/#organization"},"potentialAction":[{"@type":"SearchAction","target":{"@type":"EntryPoint","urlTemplate":"https:\/\/cbdshop.ee\/?s={search_term_string}"},"query-input":"required name=search_term_string"}],"inLanguage":"en-US"},{"@type":"Organization","@id":"https:\/\/cbdshop.ee\/#organization","name":"Nordic Synergy O\u00dc","url":"https:\/\/cbdshop.ee\/","logo":{"@type":"ImageObject","inLanguage":"en-US","@id":"https:\/\/cbdshop.ee\/#\/schema\/logo\/image\/","url":"","contentUrl":"","caption":"Nordic Synergy O\u00dc"},"image":{"@id":"https:\/\/cbdshop.ee\/#\/schema\/logo\/image\/"},"sameAs":["https:\/\/m.facebook.com\/cbdshop.ee\/","https:\/\/www.instagram.com\/cbdshop.ee\/"]}]}},"_links":{"self":[{"href":"https:\/\/cbdshop.ee\/en\/wp-json\/wp\/v2\/product\/28453"}],"collection":[{"href":"https:\/\/cbdshop.ee\/en\/wp-json\/wp\/v2\/product"}],"about":[{"href":"https:\/\/cbdshop.ee\/en\/wp-json\/wp\/v2\/types\/product"}],"replies":[{"embeddable":true,"href":"https:\/\/cbdshop.ee\/en\/wp-json\/wp\/v2\/comments?post=28453"}],"wp:featuredmedia":[{"embeddable":true,"href":"https:\/\/cbdshop.ee\/en\/wp-json\/wp\/v2\/media\/25403"}],"wp:attachment":[{"href":"https:\/\/cbdshop.ee\/en\/wp-json\/wp\/v2\/media?parent=28453"}],"wp:term":[{"taxonomy":"product_cat","embeddable":true,"href":"https:\/\/cbdshop.ee\/en\/wp-json\/wp\/v2\/product_cat?post=28453"},{"taxonomy":"product_tag","embeddable":true,"href":"https:\/\/cbdshop.ee\/en\/wp-json\/wp\/v2\/product_tag?post=28453"}],"curies":[{"name":"wp","href":"https:\/\/api.w.org\/{rel}","templated":true}]}}