{"id":28487,"date":"2022-08-02T14:04:19","date_gmt":"2022-08-02T11:04:19","guid":{"rendered":"https:\/\/cbdshop.ee\/?post_type=product&#038;p=28487"},"modified":"2024-12-15T16:41:49","modified_gmt":"2024-12-15T14:41:49","slug":"cbd-hash-40-caramello","status":"publish","type":"product","link":"https:\/\/cbdshop.ee\/en\/toode\/cbd-hash-40-caramello\/","title":{"rendered":"CBD HASH 40% CARAMELLO"},"content":{"rendered":"","protected":false},"excerpt":{"rendered":"<div id=\"undefined1\" class=\"product_desciption_wrap h300\" data-readmore=\"\" aria-expanded=\"false\">\n<p>Euphoria Caramello CBD Hash is a premium quality product with 40% full-spectrum CBD and natural terpenes. These qualities enhance the smoking experience and assure several health benefits of CBD. Lab Tests of the product confirm the Euphoria Caramello Hash is made out of 100% unadulterated Cannabis Sativa and contains less than 0.2 % of THC.<\/p>\n<p><strong>Juicy Flavour<\/strong><\/p>\n<p>The Caramello of the Hash is a fantastic choice to smoke. The Euphoria Caramello Hash has a fantastic aroma adding to the gentle puffs of this product.<\/p>\n<p><strong>High-Quality CBD Hash<\/strong><\/p>\n<p>The CBD Hash is made from the best quality Cannabis Sativa plant grown in a controlled environment, and you can feel the rich texture of Hash by holding it. The Euphoria Caramello CBD Hash is incredibly squishy and contains the right amount of moisture to enhance its flavour.<\/p>\n<p><strong>Stylish Packaging\u00a0<\/strong><\/p>\n<p>Euphoria Caramello CBD Hash comes in 1gram packing stored in a plastic container to preserve its quality.<\/p>\n<p><strong>Features<\/strong><\/p>\n<ul>\n<li>&lt;0.2% THC<\/li>\n<li>40% Full Spectrum CBD<\/li>\n<li>Made of 100% Pure Cannabis Sativa<\/li>\n<li>Premium Packaging<\/li>\n<\/ul>\n<\/div>\n","protected":false},"featured_media":28482,"comment_status":"open","ping_status":"closed","template":"","meta":[],"product_cat":[452],"product_tag":[],"yoast_head":"<!-- This site is optimized with the Yoast SEO plugin v20.8 - https:\/\/yoast.com\/wordpress\/plugins\/seo\/ -->\n<title>CBD HASH 40% CARAMELLO - CBDshop.ee<\/title>\n<meta name=\"description\" content=\"CBD HASH 40% CARAMELLO \u2013 telli kvaliteetne CBD toode parima hinnaga. Tasuta tarne Eestis, diskreetne pakend. Osta mugavalt CBDshopi e-poest \u2013 kiire ja turvaline!\" \/>\n<meta name=\"robots\" content=\"index, follow, max-snippet:-1, max-image-preview:large, max-video-preview:-1\" \/>\n<link rel=\"canonical\" href=\"https:\/\/cbdshop.ee\/en\/toode\/cbd-hash-40-caramello\/\" \/>\n<meta property=\"og:locale\" content=\"en_US\" \/>\n<meta property=\"og:type\" content=\"article\" \/>\n<meta property=\"og:title\" content=\"CBD HASH 40% CARAMELLO - CBDshop.ee\" \/>\n<meta property=\"og:description\" content=\"CBD HASH 40% CARAMELLO \u2013 telli kvaliteetne CBD toode parima hinnaga. Tasuta tarne Eestis, diskreetne pakend. Osta mugavalt CBDshopi e-poest \u2013 kiire ja turvaline!\" \/>\n<meta property=\"og:url\" content=\"https:\/\/cbdshop.ee\/en\/toode\/cbd-hash-40-caramello\/\" \/>\n<meta property=\"og:site_name\" content=\"CBDshop.ee\" \/>\n<meta property=\"article:publisher\" content=\"https:\/\/m.facebook.com\/cbdshop.ee\/\" \/>\n<meta property=\"article:modified_time\" content=\"2024-12-15T14:41:49+00:00\" \/>\n<meta property=\"og:image\" content=\"https:\/\/cbdshop.ee\/wp-content\/uploads\/2022\/08\/qhe-679-Euphoria-40-CBD-Hash-Caramello.png\" \/>\n\t<meta property=\"og:image:width\" content=\"1000\" \/>\n\t<meta property=\"og:image:height\" content=\"1000\" \/>\n\t<meta property=\"og:image:type\" content=\"image\/png\" \/>\n<meta name=\"twitter:card\" content=\"summary_large_image\" \/>\n<script type=\"application\/ld+json\" class=\"yoast-schema-graph\">{\"@context\":\"https:\/\/schema.org\",\"@graph\":[{\"@type\":\"WebPage\",\"@id\":\"https:\/\/cbdshop.ee\/en\/toode\/cbd-hash-40-caramello\/\",\"url\":\"https:\/\/cbdshop.ee\/en\/toode\/cbd-hash-40-caramello\/\",\"name\":\"CBD HASH 40% CARAMELLO - CBDshop.ee\",\"isPartOf\":{\"@id\":\"https:\/\/cbdshop.ee\/#website\"},\"datePublished\":\"2022-08-02T11:04:19+00:00\",\"dateModified\":\"2024-12-15T14:41:49+00:00\",\"description\":\"CBD HASH 40% CARAMELLO \u2013 telli kvaliteetne CBD toode parima hinnaga. Tasuta tarne Eestis, diskreetne pakend. Osta mugavalt CBDshopi e-poest \u2013 kiire ja turvaline!\",\"breadcrumb\":{\"@id\":\"https:\/\/cbdshop.ee\/en\/toode\/cbd-hash-40-caramello\/#breadcrumb\"},\"inLanguage\":\"en-US\",\"potentialAction\":[{\"@type\":\"ReadAction\",\"target\":[\"https:\/\/cbdshop.ee\/en\/toode\/cbd-hash-40-caramello\/\"]}]},{\"@type\":\"BreadcrumbList\",\"@id\":\"https:\/\/cbdshop.ee\/en\/toode\/cbd-hash-40-caramello\/#breadcrumb\",\"itemListElement\":[{\"@type\":\"ListItem\",\"position\":1,\"name\":\"Home\",\"item\":\"https:\/\/cbdshop.ee\/en\/\"},{\"@type\":\"ListItem\",\"position\":2,\"name\":\"Products\",\"item\":\"https:\/\/cbdshop.ee\/en\/tooted\/\"},{\"@type\":\"ListItem\",\"position\":3,\"name\":\"CBD HASH 40% CARAMELLO\"}]},{\"@type\":\"WebSite\",\"@id\":\"https:\/\/cbdshop.ee\/#website\",\"url\":\"https:\/\/cbdshop.ee\/\",\"name\":\"CBDshop.ee\",\"description\":\"\u00d5itsed, \u00f5ietolm, CBD \u00f5li, CBD kanep, e-vedelikud\",\"publisher\":{\"@id\":\"https:\/\/cbdshop.ee\/#organization\"},\"potentialAction\":[{\"@type\":\"SearchAction\",\"target\":{\"@type\":\"EntryPoint\",\"urlTemplate\":\"https:\/\/cbdshop.ee\/?s={search_term_string}\"},\"query-input\":\"required name=search_term_string\"}],\"inLanguage\":\"en-US\"},{\"@type\":\"Organization\",\"@id\":\"https:\/\/cbdshop.ee\/#organization\",\"name\":\"Nordic Synergy O\u00dc\",\"url\":\"https:\/\/cbdshop.ee\/\",\"logo\":{\"@type\":\"ImageObject\",\"inLanguage\":\"en-US\",\"@id\":\"https:\/\/cbdshop.ee\/#\/schema\/logo\/image\/\",\"url\":\"\",\"contentUrl\":\"\",\"caption\":\"Nordic Synergy O\u00dc\"},\"image\":{\"@id\":\"https:\/\/cbdshop.ee\/#\/schema\/logo\/image\/\"},\"sameAs\":[\"https:\/\/m.facebook.com\/cbdshop.ee\/\",\"https:\/\/www.instagram.com\/cbdshop.ee\/\"]}]}<\/script>\n<!-- \/ Yoast SEO plugin. -->","yoast_head_json":{"title":"CBD HASH 40% CARAMELLO - CBDshop.ee","description":"CBD HASH 40% CARAMELLO \u2013 telli kvaliteetne CBD toode parima hinnaga. Tasuta tarne Eestis, diskreetne pakend. Osta mugavalt CBDshopi e-poest \u2013 kiire ja turvaline!","robots":{"index":"index","follow":"follow","max-snippet":"max-snippet:-1","max-image-preview":"max-image-preview:large","max-video-preview":"max-video-preview:-1"},"canonical":"https:\/\/cbdshop.ee\/en\/toode\/cbd-hash-40-caramello\/","og_locale":"en_US","og_type":"article","og_title":"CBD HASH 40% CARAMELLO - CBDshop.ee","og_description":"CBD HASH 40% CARAMELLO \u2013 telli kvaliteetne CBD toode parima hinnaga. Tasuta tarne Eestis, diskreetne pakend. Osta mugavalt CBDshopi e-poest \u2013 kiire ja turvaline!","og_url":"https:\/\/cbdshop.ee\/en\/toode\/cbd-hash-40-caramello\/","og_site_name":"CBDshop.ee","article_publisher":"https:\/\/m.facebook.com\/cbdshop.ee\/","article_modified_time":"2024-12-15T14:41:49+00:00","og_image":[{"width":1000,"height":1000,"url":"https:\/\/cbdshop.ee\/wp-content\/uploads\/2022\/08\/qhe-679-Euphoria-40-CBD-Hash-Caramello.png","type":"image\/png"}],"twitter_card":"summary_large_image","schema":{"@context":"https:\/\/schema.org","@graph":[{"@type":"WebPage","@id":"https:\/\/cbdshop.ee\/en\/toode\/cbd-hash-40-caramello\/","url":"https:\/\/cbdshop.ee\/en\/toode\/cbd-hash-40-caramello\/","name":"CBD HASH 40% CARAMELLO - CBDshop.ee","isPartOf":{"@id":"https:\/\/cbdshop.ee\/#website"},"datePublished":"2022-08-02T11:04:19+00:00","dateModified":"2024-12-15T14:41:49+00:00","description":"CBD HASH 40% CARAMELLO \u2013 telli kvaliteetne CBD toode parima hinnaga. Tasuta tarne Eestis, diskreetne pakend. Osta mugavalt CBDshopi e-poest \u2013 kiire ja turvaline!","breadcrumb":{"@id":"https:\/\/cbdshop.ee\/en\/toode\/cbd-hash-40-caramello\/#breadcrumb"},"inLanguage":"en-US","potentialAction":[{"@type":"ReadAction","target":["https:\/\/cbdshop.ee\/en\/toode\/cbd-hash-40-caramello\/"]}]},{"@type":"BreadcrumbList","@id":"https:\/\/cbdshop.ee\/en\/toode\/cbd-hash-40-caramello\/#breadcrumb","itemListElement":[{"@type":"ListItem","position":1,"name":"Home","item":"https:\/\/cbdshop.ee\/en\/"},{"@type":"ListItem","position":2,"name":"Products","item":"https:\/\/cbdshop.ee\/en\/tooted\/"},{"@type":"ListItem","position":3,"name":"CBD HASH 40% CARAMELLO"}]},{"@type":"WebSite","@id":"https:\/\/cbdshop.ee\/#website","url":"https:\/\/cbdshop.ee\/","name":"CBDshop.ee","description":"\u00d5itsed, \u00f5ietolm, CBD \u00f5li, CBD kanep, e-vedelikud","publisher":{"@id":"https:\/\/cbdshop.ee\/#organization"},"potentialAction":[{"@type":"SearchAction","target":{"@type":"EntryPoint","urlTemplate":"https:\/\/cbdshop.ee\/?s={search_term_string}"},"query-input":"required name=search_term_string"}],"inLanguage":"en-US"},{"@type":"Organization","@id":"https:\/\/cbdshop.ee\/#organization","name":"Nordic Synergy O\u00dc","url":"https:\/\/cbdshop.ee\/","logo":{"@type":"ImageObject","inLanguage":"en-US","@id":"https:\/\/cbdshop.ee\/#\/schema\/logo\/image\/","url":"","contentUrl":"","caption":"Nordic Synergy O\u00dc"},"image":{"@id":"https:\/\/cbdshop.ee\/#\/schema\/logo\/image\/"},"sameAs":["https:\/\/m.facebook.com\/cbdshop.ee\/","https:\/\/www.instagram.com\/cbdshop.ee\/"]}]}},"_links":{"self":[{"href":"https:\/\/cbdshop.ee\/en\/wp-json\/wp\/v2\/product\/28487"}],"collection":[{"href":"https:\/\/cbdshop.ee\/en\/wp-json\/wp\/v2\/product"}],"about":[{"href":"https:\/\/cbdshop.ee\/en\/wp-json\/wp\/v2\/types\/product"}],"replies":[{"embeddable":true,"href":"https:\/\/cbdshop.ee\/en\/wp-json\/wp\/v2\/comments?post=28487"}],"wp:featuredmedia":[{"embeddable":true,"href":"https:\/\/cbdshop.ee\/en\/wp-json\/wp\/v2\/media\/28482"}],"wp:attachment":[{"href":"https:\/\/cbdshop.ee\/en\/wp-json\/wp\/v2\/media?parent=28487"}],"wp:term":[{"taxonomy":"product_cat","embeddable":true,"href":"https:\/\/cbdshop.ee\/en\/wp-json\/wp\/v2\/product_cat?post=28487"},{"taxonomy":"product_tag","embeddable":true,"href":"https:\/\/cbdshop.ee\/en\/wp-json\/wp\/v2\/product_tag?post=28487"}],"curies":[{"name":"wp","href":"https:\/\/api.w.org\/{rel}","templated":true}]}}