{"id":28751,"date":"2022-09-08T12:11:45","date_gmt":"2022-09-08T09:11:45","guid":{"rendered":"https:\/\/cbdshop.ee\/?post_type=product&#038;p=28751"},"modified":"2024-12-14T19:18:00","modified_gmt":"2024-12-14T17:18:00","slug":"euphoria-vaporizer","status":"publish","type":"product","link":"https:\/\/cbdshop.ee\/en\/toode\/euphoria-vaporizer\/","title":{"rendered":"EUPHORIA VAPORIZER"},"content":{"rendered":"","protected":false},"excerpt":{"rendered":"<p>Designed, configured, and tested to deliver premium vapor flow for use with our Euphoria CBD Cartridges. To achieve this, air is drawn from the Power Supply into the Cartridge\u2019s primary air inlet hole. This airflow triggers the inhale actuated sensor to engage the Power Supply and produces instantaneous vapor. Manufactured with advanced electronic components for extended battery life and a USB port for accessible recharging.<\/p>\n<ul>\n<li>360\u00ba embedded heating element prevents overheating and dry hits.<\/li>\n<li>Overuse protection limits activation duration to 10 seconds<\/li>\n<\/ul>\n","protected":false},"featured_media":28639,"comment_status":"open","ping_status":"closed","template":"","meta":[],"product_cat":[449],"product_tag":[],"yoast_head":"<!-- This site is optimized with the Yoast SEO plugin v20.8 - https:\/\/yoast.com\/wordpress\/plugins\/seo\/ -->\n<title>EUPHORIA VAPORIZER - CBDshop.ee<\/title>\n<meta name=\"description\" content=\"EUPHORIA VAPORIZER \u2013 telli kvaliteetne CBD toode parima hinnaga. Tasuta tarne Eestis, diskreetne pakend. Osta mugavalt CBDshopi e-poest \u2013 kiire ja turvaline!\" \/>\n<meta name=\"robots\" content=\"index, follow, max-snippet:-1, max-image-preview:large, max-video-preview:-1\" \/>\n<link rel=\"canonical\" href=\"https:\/\/cbdshop.ee\/en\/toode\/euphoria-vaporizer\/\" \/>\n<meta property=\"og:locale\" content=\"en_US\" \/>\n<meta property=\"og:type\" content=\"article\" \/>\n<meta property=\"og:title\" content=\"EUPHORIA VAPORIZER - CBDshop.ee\" \/>\n<meta property=\"og:description\" content=\"EUPHORIA VAPORIZER \u2013 telli kvaliteetne CBD toode parima hinnaga. Tasuta tarne Eestis, diskreetne pakend. Osta mugavalt CBDshopi e-poest \u2013 kiire ja turvaline!\" \/>\n<meta property=\"og:url\" content=\"https:\/\/cbdshop.ee\/en\/toode\/euphoria-vaporizer\/\" \/>\n<meta property=\"og:site_name\" content=\"CBDshop.ee\" \/>\n<meta property=\"article:publisher\" content=\"https:\/\/m.facebook.com\/cbdshop.ee\/\" \/>\n<meta property=\"article:modified_time\" content=\"2024-12-14T17:18:00+00:00\" \/>\n<meta property=\"og:image\" content=\"https:\/\/cbdshop.ee\/wp-content\/uploads\/2022\/08\/eis-vape.jpg\" \/>\n\t<meta property=\"og:image:width\" content=\"1920\" \/>\n\t<meta property=\"og:image:height\" content=\"2560\" \/>\n\t<meta property=\"og:image:type\" content=\"image\/jpeg\" \/>\n<meta name=\"twitter:card\" content=\"summary_large_image\" \/>\n<script type=\"application\/ld+json\" class=\"yoast-schema-graph\">{\"@context\":\"https:\/\/schema.org\",\"@graph\":[{\"@type\":\"WebPage\",\"@id\":\"https:\/\/cbdshop.ee\/en\/toode\/euphoria-vaporizer\/\",\"url\":\"https:\/\/cbdshop.ee\/en\/toode\/euphoria-vaporizer\/\",\"name\":\"EUPHORIA VAPORIZER - CBDshop.ee\",\"isPartOf\":{\"@id\":\"https:\/\/www.cbdshop.ee\/en\/#website\"},\"datePublished\":\"2022-09-08T09:11:45+00:00\",\"dateModified\":\"2024-12-14T17:18:00+00:00\",\"description\":\"EUPHORIA VAPORIZER \u2013 telli kvaliteetne CBD toode parima hinnaga. Tasuta tarne Eestis, diskreetne pakend. Osta mugavalt CBDshopi e-poest \u2013 kiire ja turvaline!\",\"breadcrumb\":{\"@id\":\"https:\/\/cbdshop.ee\/en\/toode\/euphoria-vaporizer\/#breadcrumb\"},\"inLanguage\":\"en-US\",\"potentialAction\":[{\"@type\":\"ReadAction\",\"target\":[\"https:\/\/cbdshop.ee\/en\/toode\/euphoria-vaporizer\/\"]}]},{\"@type\":\"BreadcrumbList\",\"@id\":\"https:\/\/cbdshop.ee\/en\/toode\/euphoria-vaporizer\/#breadcrumb\",\"itemListElement\":[{\"@type\":\"ListItem\",\"position\":1,\"name\":\"Home\",\"item\":\"https:\/\/www.cbdshop.ee\/en\/\"},{\"@type\":\"ListItem\",\"position\":2,\"name\":\"Products\",\"item\":\"https:\/\/www.cbdshop.ee\/en\/tooted\/\"},{\"@type\":\"ListItem\",\"position\":3,\"name\":\"EUPHORIA VAPORIZER\"}]},{\"@type\":\"WebSite\",\"@id\":\"https:\/\/www.cbdshop.ee\/en\/#website\",\"url\":\"https:\/\/www.cbdshop.ee\/en\/\",\"name\":\"CBDshop.ee\",\"description\":\"\u00d5itsed, \u00f5ietolm, CBD \u00f5li, CBD kanep, e-vedelikud\",\"publisher\":{\"@id\":\"https:\/\/www.cbdshop.ee\/en\/#organization\"},\"potentialAction\":[{\"@type\":\"SearchAction\",\"target\":{\"@type\":\"EntryPoint\",\"urlTemplate\":\"https:\/\/www.cbdshop.ee\/en\/?s={search_term_string}\"},\"query-input\":\"required name=search_term_string\"}],\"inLanguage\":\"en-US\"},{\"@type\":\"Organization\",\"@id\":\"https:\/\/www.cbdshop.ee\/en\/#organization\",\"name\":\"Nordic Synergy O\u00dc\",\"url\":\"https:\/\/www.cbdshop.ee\/en\/\",\"logo\":{\"@type\":\"ImageObject\",\"inLanguage\":\"en-US\",\"@id\":\"https:\/\/www.cbdshop.ee\/en\/#\/schema\/logo\/image\/\",\"url\":\"\",\"contentUrl\":\"\",\"caption\":\"Nordic Synergy O\u00dc\"},\"image\":{\"@id\":\"https:\/\/www.cbdshop.ee\/en\/#\/schema\/logo\/image\/\"},\"sameAs\":[\"https:\/\/m.facebook.com\/cbdshop.ee\/\",\"https:\/\/www.instagram.com\/cbdshop.ee\/\"]}]}<\/script>\n<!-- \/ Yoast SEO plugin. -->","yoast_head_json":{"title":"EUPHORIA VAPORIZER - CBDshop.ee","description":"EUPHORIA VAPORIZER \u2013 telli kvaliteetne CBD toode parima hinnaga. Tasuta tarne Eestis, diskreetne pakend. Osta mugavalt CBDshopi e-poest \u2013 kiire ja turvaline!","robots":{"index":"index","follow":"follow","max-snippet":"max-snippet:-1","max-image-preview":"max-image-preview:large","max-video-preview":"max-video-preview:-1"},"canonical":"https:\/\/cbdshop.ee\/en\/toode\/euphoria-vaporizer\/","og_locale":"en_US","og_type":"article","og_title":"EUPHORIA VAPORIZER - CBDshop.ee","og_description":"EUPHORIA VAPORIZER \u2013 telli kvaliteetne CBD toode parima hinnaga. Tasuta tarne Eestis, diskreetne pakend. Osta mugavalt CBDshopi e-poest \u2013 kiire ja turvaline!","og_url":"https:\/\/cbdshop.ee\/en\/toode\/euphoria-vaporizer\/","og_site_name":"CBDshop.ee","article_publisher":"https:\/\/m.facebook.com\/cbdshop.ee\/","article_modified_time":"2024-12-14T17:18:00+00:00","og_image":[{"width":1920,"height":2560,"url":"https:\/\/cbdshop.ee\/wp-content\/uploads\/2022\/08\/eis-vape.jpg","type":"image\/jpeg"}],"twitter_card":"summary_large_image","schema":{"@context":"https:\/\/schema.org","@graph":[{"@type":"WebPage","@id":"https:\/\/cbdshop.ee\/en\/toode\/euphoria-vaporizer\/","url":"https:\/\/cbdshop.ee\/en\/toode\/euphoria-vaporizer\/","name":"EUPHORIA VAPORIZER - CBDshop.ee","isPartOf":{"@id":"https:\/\/www.cbdshop.ee\/en\/#website"},"datePublished":"2022-09-08T09:11:45+00:00","dateModified":"2024-12-14T17:18:00+00:00","description":"EUPHORIA VAPORIZER \u2013 telli kvaliteetne CBD toode parima hinnaga. Tasuta tarne Eestis, diskreetne pakend. Osta mugavalt CBDshopi e-poest \u2013 kiire ja turvaline!","breadcrumb":{"@id":"https:\/\/cbdshop.ee\/en\/toode\/euphoria-vaporizer\/#breadcrumb"},"inLanguage":"en-US","potentialAction":[{"@type":"ReadAction","target":["https:\/\/cbdshop.ee\/en\/toode\/euphoria-vaporizer\/"]}]},{"@type":"BreadcrumbList","@id":"https:\/\/cbdshop.ee\/en\/toode\/euphoria-vaporizer\/#breadcrumb","itemListElement":[{"@type":"ListItem","position":1,"name":"Home","item":"https:\/\/www.cbdshop.ee\/en\/"},{"@type":"ListItem","position":2,"name":"Products","item":"https:\/\/www.cbdshop.ee\/en\/tooted\/"},{"@type":"ListItem","position":3,"name":"EUPHORIA VAPORIZER"}]},{"@type":"WebSite","@id":"https:\/\/www.cbdshop.ee\/en\/#website","url":"https:\/\/www.cbdshop.ee\/en\/","name":"CBDshop.ee","description":"\u00d5itsed, \u00f5ietolm, CBD \u00f5li, CBD kanep, e-vedelikud","publisher":{"@id":"https:\/\/www.cbdshop.ee\/en\/#organization"},"potentialAction":[{"@type":"SearchAction","target":{"@type":"EntryPoint","urlTemplate":"https:\/\/www.cbdshop.ee\/en\/?s={search_term_string}"},"query-input":"required name=search_term_string"}],"inLanguage":"en-US"},{"@type":"Organization","@id":"https:\/\/www.cbdshop.ee\/en\/#organization","name":"Nordic Synergy O\u00dc","url":"https:\/\/www.cbdshop.ee\/en\/","logo":{"@type":"ImageObject","inLanguage":"en-US","@id":"https:\/\/www.cbdshop.ee\/en\/#\/schema\/logo\/image\/","url":"","contentUrl":"","caption":"Nordic Synergy O\u00dc"},"image":{"@id":"https:\/\/www.cbdshop.ee\/en\/#\/schema\/logo\/image\/"},"sameAs":["https:\/\/m.facebook.com\/cbdshop.ee\/","https:\/\/www.instagram.com\/cbdshop.ee\/"]}]}},"_links":{"self":[{"href":"https:\/\/cbdshop.ee\/en\/wp-json\/wp\/v2\/product\/28751"}],"collection":[{"href":"https:\/\/cbdshop.ee\/en\/wp-json\/wp\/v2\/product"}],"about":[{"href":"https:\/\/cbdshop.ee\/en\/wp-json\/wp\/v2\/types\/product"}],"replies":[{"embeddable":true,"href":"https:\/\/cbdshop.ee\/en\/wp-json\/wp\/v2\/comments?post=28751"}],"wp:featuredmedia":[{"embeddable":true,"href":"https:\/\/cbdshop.ee\/en\/wp-json\/wp\/v2\/media\/28639"}],"wp:attachment":[{"href":"https:\/\/cbdshop.ee\/en\/wp-json\/wp\/v2\/media?parent=28751"}],"wp:term":[{"taxonomy":"product_cat","embeddable":true,"href":"https:\/\/cbdshop.ee\/en\/wp-json\/wp\/v2\/product_cat?post=28751"},{"taxonomy":"product_tag","embeddable":true,"href":"https:\/\/cbdshop.ee\/en\/wp-json\/wp\/v2\/product_tag?post=28751"}],"curies":[{"name":"wp","href":"https:\/\/api.w.org\/{rel}","templated":true}]}}