{"id":36433,"date":"2024-10-02T17:50:05","date_gmt":"2024-10-02T14:50:05","guid":{"rendered":"https:\/\/cbdshop.ee\/?post_type=product&#038;p=36433"},"modified":"2024-11-08T16:53:00","modified_gmt":"2024-11-08T14:53:00","slug":"prof-color-clap-windproof-blue-flame-lighters","status":"publish","type":"product","link":"https:\/\/cbdshop.ee\/en\/toode\/prof-color-clap-windproof-blue-flame-lighters\/","title":{"rendered":"Prof Color Clap Windproof Blue Flame Lighters"},"content":{"rendered":"","protected":false},"excerpt":{"rendered":"<p>These lighters are not just colorful and fanciful, they are as functional as can be. Built to withstand extreme weather conditions, the Prof\u2019s Colour Clap lighters are easy to use. With an excellent and fast ignition technology, the lighters can burn at high temperatures, producing no smoke or odour during use. This makes them safe for indoor use.<\/p>\n<p>Random color<\/p>\n","protected":false},"featured_media":36434,"comment_status":"open","ping_status":"closed","template":"","meta":[],"product_cat":[564],"product_tag":[],"yoast_head":"<!-- This site is optimized with the Yoast SEO plugin v20.8 - https:\/\/yoast.com\/wordpress\/plugins\/seo\/ -->\n<title>Prof Color Clap Windproof Blue Flame Lighters - CBDshop.ee<\/title>\n<meta name=\"description\" content=\"Prof Color Clap Windproof Blue Flame Lighters \u2013 telli kvaliteetne CBD toode parima hinnaga. Tasuta tarne Eestis, diskreetne pakend. Osta mugavalt CBDshopi e-poest \u2013 kiire ja turvaline!\" \/>\n<meta name=\"robots\" content=\"index, follow, max-snippet:-1, max-image-preview:large, max-video-preview:-1\" \/>\n<link rel=\"canonical\" href=\"https:\/\/www.cbdshop.ee\/en\/toode\/prof-color-clap-windproof-blue-flame-lighters\/\" \/>\n<meta property=\"og:locale\" content=\"en_US\" \/>\n<meta property=\"og:type\" content=\"article\" \/>\n<meta property=\"og:title\" content=\"Prof Color Clap Windproof Blue Flame Lighters - CBDshop.ee\" \/>\n<meta property=\"og:description\" content=\"Prof Color Clap Windproof Blue Flame Lighters \u2013 telli kvaliteetne CBD toode parima hinnaga. Tasuta tarne Eestis, diskreetne pakend. Osta mugavalt CBDshopi e-poest \u2013 kiire ja turvaline!\" \/>\n<meta property=\"og:url\" content=\"https:\/\/www.cbdshop.ee\/en\/toode\/prof-color-clap-windproof-blue-flame-lighters\/\" \/>\n<meta property=\"og:site_name\" content=\"CBDshop.ee\" \/>\n<meta property=\"article:publisher\" content=\"https:\/\/m.facebook.com\/cbdshop.ee\/\" \/>\n<meta property=\"article:modified_time\" content=\"2024-11-08T14:53:00+00:00\" \/>\n<meta property=\"og:image\" content=\"https:\/\/cbdshop.ee\/wp-content\/uploads\/2024\/10\/wholesale-prof-color-clap-5.jpg\" \/>\n\t<meta property=\"og:image:width\" content=\"1000\" \/>\n\t<meta property=\"og:image:height\" content=\"1000\" \/>\n\t<meta property=\"og:image:type\" content=\"image\/jpeg\" \/>\n<meta name=\"twitter:card\" content=\"summary_large_image\" \/>\n<script type=\"application\/ld+json\" class=\"yoast-schema-graph\">{\"@context\":\"https:\/\/schema.org\",\"@graph\":[{\"@type\":\"WebPage\",\"@id\":\"https:\/\/www.cbdshop.ee\/en\/toode\/prof-color-clap-windproof-blue-flame-lighters\/\",\"url\":\"https:\/\/www.cbdshop.ee\/en\/toode\/prof-color-clap-windproof-blue-flame-lighters\/\",\"name\":\"Prof Color Clap Windproof Blue Flame Lighters - CBDshop.ee\",\"isPartOf\":{\"@id\":\"https:\/\/cbdshop.ee\/#website\"},\"datePublished\":\"2024-10-02T14:50:05+00:00\",\"dateModified\":\"2024-11-08T14:53:00+00:00\",\"description\":\"Prof Color Clap Windproof Blue Flame Lighters \u2013 telli kvaliteetne CBD toode parima hinnaga. Tasuta tarne Eestis, diskreetne pakend. Osta mugavalt CBDshopi e-poest \u2013 kiire ja turvaline!\",\"breadcrumb\":{\"@id\":\"https:\/\/www.cbdshop.ee\/en\/toode\/prof-color-clap-windproof-blue-flame-lighters\/#breadcrumb\"},\"inLanguage\":\"en-US\",\"potentialAction\":[{\"@type\":\"ReadAction\",\"target\":[\"https:\/\/www.cbdshop.ee\/en\/toode\/prof-color-clap-windproof-blue-flame-lighters\/\"]}]},{\"@type\":\"BreadcrumbList\",\"@id\":\"https:\/\/www.cbdshop.ee\/en\/toode\/prof-color-clap-windproof-blue-flame-lighters\/#breadcrumb\",\"itemListElement\":[{\"@type\":\"ListItem\",\"position\":1,\"name\":\"Home\",\"item\":\"https:\/\/www.cbdshop.ee\/en\/\"},{\"@type\":\"ListItem\",\"position\":2,\"name\":\"Products\",\"item\":\"https:\/\/cbdshop.ee\/en\/tooted\/\"},{\"@type\":\"ListItem\",\"position\":3,\"name\":\"Prof Color Clap Windproof Blue Flame Lighters\"}]},{\"@type\":\"WebSite\",\"@id\":\"https:\/\/cbdshop.ee\/#website\",\"url\":\"https:\/\/cbdshop.ee\/\",\"name\":\"CBDshop.ee\",\"description\":\"\u00d5itsed, \u00f5ietolm, CBD \u00f5li, CBD kanep, e-vedelikud\",\"publisher\":{\"@id\":\"https:\/\/cbdshop.ee\/#organization\"},\"potentialAction\":[{\"@type\":\"SearchAction\",\"target\":{\"@type\":\"EntryPoint\",\"urlTemplate\":\"https:\/\/cbdshop.ee\/?s={search_term_string}\"},\"query-input\":\"required name=search_term_string\"}],\"inLanguage\":\"en-US\"},{\"@type\":\"Organization\",\"@id\":\"https:\/\/cbdshop.ee\/#organization\",\"name\":\"Nordic Synergy O\u00dc\",\"url\":\"https:\/\/cbdshop.ee\/\",\"logo\":{\"@type\":\"ImageObject\",\"inLanguage\":\"en-US\",\"@id\":\"https:\/\/cbdshop.ee\/#\/schema\/logo\/image\/\",\"url\":\"\",\"contentUrl\":\"\",\"caption\":\"Nordic Synergy O\u00dc\"},\"image\":{\"@id\":\"https:\/\/cbdshop.ee\/#\/schema\/logo\/image\/\"},\"sameAs\":[\"https:\/\/m.facebook.com\/cbdshop.ee\/\",\"https:\/\/www.instagram.com\/cbdshop.ee\/\"]}]}<\/script>\n<!-- \/ Yoast SEO plugin. -->","yoast_head_json":{"title":"Prof Color Clap Windproof Blue Flame Lighters - CBDshop.ee","description":"Prof Color Clap Windproof Blue Flame Lighters \u2013 telli kvaliteetne CBD toode parima hinnaga. Tasuta tarne Eestis, diskreetne pakend. Osta mugavalt CBDshopi e-poest \u2013 kiire ja turvaline!","robots":{"index":"index","follow":"follow","max-snippet":"max-snippet:-1","max-image-preview":"max-image-preview:large","max-video-preview":"max-video-preview:-1"},"canonical":"https:\/\/www.cbdshop.ee\/en\/toode\/prof-color-clap-windproof-blue-flame-lighters\/","og_locale":"en_US","og_type":"article","og_title":"Prof Color Clap Windproof Blue Flame Lighters - CBDshop.ee","og_description":"Prof Color Clap Windproof Blue Flame Lighters \u2013 telli kvaliteetne CBD toode parima hinnaga. Tasuta tarne Eestis, diskreetne pakend. Osta mugavalt CBDshopi e-poest \u2013 kiire ja turvaline!","og_url":"https:\/\/www.cbdshop.ee\/en\/toode\/prof-color-clap-windproof-blue-flame-lighters\/","og_site_name":"CBDshop.ee","article_publisher":"https:\/\/m.facebook.com\/cbdshop.ee\/","article_modified_time":"2024-11-08T14:53:00+00:00","og_image":[{"width":1000,"height":1000,"url":"https:\/\/cbdshop.ee\/wp-content\/uploads\/2024\/10\/wholesale-prof-color-clap-5.jpg","type":"image\/jpeg"}],"twitter_card":"summary_large_image","schema":{"@context":"https:\/\/schema.org","@graph":[{"@type":"WebPage","@id":"https:\/\/www.cbdshop.ee\/en\/toode\/prof-color-clap-windproof-blue-flame-lighters\/","url":"https:\/\/www.cbdshop.ee\/en\/toode\/prof-color-clap-windproof-blue-flame-lighters\/","name":"Prof Color Clap Windproof Blue Flame Lighters - CBDshop.ee","isPartOf":{"@id":"https:\/\/cbdshop.ee\/#website"},"datePublished":"2024-10-02T14:50:05+00:00","dateModified":"2024-11-08T14:53:00+00:00","description":"Prof Color Clap Windproof Blue Flame Lighters \u2013 telli kvaliteetne CBD toode parima hinnaga. Tasuta tarne Eestis, diskreetne pakend. Osta mugavalt CBDshopi e-poest \u2013 kiire ja turvaline!","breadcrumb":{"@id":"https:\/\/www.cbdshop.ee\/en\/toode\/prof-color-clap-windproof-blue-flame-lighters\/#breadcrumb"},"inLanguage":"en-US","potentialAction":[{"@type":"ReadAction","target":["https:\/\/www.cbdshop.ee\/en\/toode\/prof-color-clap-windproof-blue-flame-lighters\/"]}]},{"@type":"BreadcrumbList","@id":"https:\/\/www.cbdshop.ee\/en\/toode\/prof-color-clap-windproof-blue-flame-lighters\/#breadcrumb","itemListElement":[{"@type":"ListItem","position":1,"name":"Home","item":"https:\/\/www.cbdshop.ee\/en\/"},{"@type":"ListItem","position":2,"name":"Products","item":"https:\/\/cbdshop.ee\/en\/tooted\/"},{"@type":"ListItem","position":3,"name":"Prof Color Clap Windproof Blue Flame Lighters"}]},{"@type":"WebSite","@id":"https:\/\/cbdshop.ee\/#website","url":"https:\/\/cbdshop.ee\/","name":"CBDshop.ee","description":"\u00d5itsed, \u00f5ietolm, CBD \u00f5li, CBD kanep, e-vedelikud","publisher":{"@id":"https:\/\/cbdshop.ee\/#organization"},"potentialAction":[{"@type":"SearchAction","target":{"@type":"EntryPoint","urlTemplate":"https:\/\/cbdshop.ee\/?s={search_term_string}"},"query-input":"required name=search_term_string"}],"inLanguage":"en-US"},{"@type":"Organization","@id":"https:\/\/cbdshop.ee\/#organization","name":"Nordic Synergy O\u00dc","url":"https:\/\/cbdshop.ee\/","logo":{"@type":"ImageObject","inLanguage":"en-US","@id":"https:\/\/cbdshop.ee\/#\/schema\/logo\/image\/","url":"","contentUrl":"","caption":"Nordic Synergy O\u00dc"},"image":{"@id":"https:\/\/cbdshop.ee\/#\/schema\/logo\/image\/"},"sameAs":["https:\/\/m.facebook.com\/cbdshop.ee\/","https:\/\/www.instagram.com\/cbdshop.ee\/"]}]}},"_links":{"self":[{"href":"https:\/\/cbdshop.ee\/en\/wp-json\/wp\/v2\/product\/36433"}],"collection":[{"href":"https:\/\/cbdshop.ee\/en\/wp-json\/wp\/v2\/product"}],"about":[{"href":"https:\/\/cbdshop.ee\/en\/wp-json\/wp\/v2\/types\/product"}],"replies":[{"embeddable":true,"href":"https:\/\/cbdshop.ee\/en\/wp-json\/wp\/v2\/comments?post=36433"}],"wp:featuredmedia":[{"embeddable":true,"href":"https:\/\/cbdshop.ee\/en\/wp-json\/wp\/v2\/media\/36434"}],"wp:attachment":[{"href":"https:\/\/cbdshop.ee\/en\/wp-json\/wp\/v2\/media?parent=36433"}],"wp:term":[{"taxonomy":"product_cat","embeddable":true,"href":"https:\/\/cbdshop.ee\/en\/wp-json\/wp\/v2\/product_cat?post=36433"},{"taxonomy":"product_tag","embeddable":true,"href":"https:\/\/cbdshop.ee\/en\/wp-json\/wp\/v2\/product_tag?post=36433"}],"curies":[{"name":"wp","href":"https:\/\/api.w.org\/{rel}","templated":true}]}}