{"id":20860,"date":"2018-10-03T08:53:25","date_gmt":"2018-10-03T05:53:25","guid":{"rendered":"https:\/\/cbdshop.ee\/muugitingimused\/"},"modified":"2025-11-23T16:10:47","modified_gmt":"2025-11-23T14:10:47","slug":"muugitingimused","status":"publish","type":"page","link":"https:\/\/cbdshop.ee\/fi\/muugitingimused\/","title":{"rendered":"K\u00e4ytt\u00f6ehdot"},"content":{"rendered":"<div class=\"fusion-fullwidth fullwidth-box fusion-builder-row-1 nonhundred-percent-fullwidth non-hundred-percent-height-scrolling\" style=\"--awb-border-radius-top-left:0px;--awb-border-radius-top-right:0px;--awb-border-radius-bottom-right:0px;--awb-border-radius-bottom-left:0px;\" ><div class=\"fusion-builder-row fusion-row\"><div class=\"fusion-layout-column fusion_builder_column fusion-builder-column-0 fusion_builder_column_1_1 1_1 fusion-one-full fusion-column-first fusion-column-last\" style=\"--awb-bg-blend:overlay;--awb-bg-size:cover;\"><div class=\"fusion-column-wrapper fusion-column-has-shadow fusion-flex-column-wrapper-legacy\"><div class=\"fusion-text fusion-text-1\"><h3 class=\"fusion-responsive-typography-calculated\" style=\"--fontsize: 24; line-height: 1.5; --fontSize: 24;\" data-fontsize=\"24\" data-lineheight=\"36px\">K\u00e4ytt\u00f6ehdot<\/h3>\n<p>CBDSHOP.EE:n (j\u00e4ljemp\u00e4n\u00e4 verkkokauppa) omistaja on Green shop SIA (rekisterikoodi 40203249140).<\/p>\n<h5 class=\"fusion-responsive-typography-calculated\" style=\"--fontsize: 20; line-height: 1.5; --minfontsize: 20; --fontSize: 20; --minFontSize: 20;\" data-fontsize=\"20\" data-lineheight=\"30px\">Myyntisopimuksen sek\u00e4 tuote- ja hintatietojen oikeellisuus<\/h5>\n<p>Myyntiehdot koskevat tuotteiden ostamista verkkokaupasta.<\/p>\n<p>Verkkokaupassa myyt\u00e4vien tuotteiden hinnat ilmoitetaan tuotteissa. Toimitusmaksut lis\u00e4t\u00e4\u00e4n hintaan.<\/p>\n<p>Toimitusmaksu riippuu ostajan sijainnista ja toimitustavasta. Toimitusmaksu ilmoitetaan ostajalle tilauksen yhteydess\u00e4.<\/p>\n<p>Tuotteita koskevat tiedot ilmoitetaan verkkokaupassa tuotteiden vieress\u00e4.<\/p>\n<h5 class=\"fusion-responsive-typography-calculated\" style=\"--fontsize: 20; line-height: 1.5; --minfontsize: 20; --fontSize: 20; --minFontSize: 20;\" data-fontsize=\"20\" data-lineheight=\"30px\">Tilaaminen<\/h5>\n<p>Tilataksesi tuotteita sinun on lis\u00e4tt\u00e4v\u00e4 haluamasi tuotteet koriin. Tilaus viimeistell\u00e4\u00e4n t\u00e4ytt\u00e4m\u00e4ll\u00e4 vaaditut tietokent\u00e4t ja valitsemalla haluttu toimitustapa. T\u00e4m\u00e4n j\u00e4lkeen ilmoitetaan loppusumma, joka tulee maksaa pankkiin johtavaa linkki\u00e4 seuraamalla tai laskulla.<\/p>\n<p>Sopimus tulee voimaan, kun rahat saapuvat verkkokaupan pankkitilille.<\/p>\n<p>Cbd.ee laskuttaa ainoastaan euroina.<\/p>\n<p>Jos tilattuja tuotteita ei pystyt\u00e4 toimittamaan tuotteiden loppumisen tai muun syyn takia, ostajalle ilmoitetaan asiasta mahdollisimman pian ja maksettu rahasumma (toimituskulut mukaan lukien) palautetaan asiakkaalle v\u00e4litt\u00f6m\u00e4sti, kuitenkin viimeist\u00e4\u00e4n 14 p\u00e4iv\u00e4n kuluessa ilmoituksen l\u00e4hett\u00e4misest\u00e4.<\/p>\n<h5 class=\"fusion-responsive-typography-calculated\" style=\"--fontsize: 20; line-height: 1.5; --minfontsize: 20; --fontSize: 20; --minFontSize: 20;\" data-fontsize=\"20\" data-lineheight=\"30px\">Alennuskuponkien k\u00e4ytt\u00e4minen<\/h5>\n<p>Tilauksen yhteydess\u00e4 voidaan k\u00e4ytt\u00e4\u00e4 yht\u00e4 alennuskuponkia.<\/p>\n<h5 class=\"fusion-responsive-typography-calculated\" style=\"--fontsize: 20; line-height: 1.5; --minfontsize: 20; --fontSize: 20; --minFontSize: 20;\" data-fontsize=\"20\" data-lineheight=\"30px\">Toimitus<\/h5>\n<p>Tuotteita toimitetaan seuraaviin maihin: Viro, Suomi, Latvia.<\/p>\n<p>Tuotteen toimituskulut maksaa ostaja, ja tilauksen yhteydess\u00e4 esitet\u00e4\u00e4n kunkin toimitustavan mukaiset toimituskulut.<\/p>\n<p>Kotimaan kuljetukset toimitetaan ostajan m\u00e4\u00e4ritt\u00e4m\u00e4\u00e4n osoitteeseen p\u00e4\u00e4s\u00e4\u00e4nt\u00f6isesti 7 ty\u00f6p\u00e4iv\u00e4n kuluessa myyntisopimuksen voimaantulosta. Toimitus Viron ulkopuolelle saattaa kest\u00e4\u00e4 14 kalenterip\u00e4iv\u00e4\u00e4.<\/p>\n<p>Joidenkin poikkeustapausten vuoksi pid\u00e4t\u00e4mme oikeuden toimittaa tavarat 45 kalenterip\u00e4iv\u00e4n kuluessa.<\/p>\n<h5 class=\"fusion-responsive-typography-calculated\" style=\"--fontsize: 20; line-height: 1.5; --minfontsize: 20; --fontSize: 20; --minFontSize: 20;\" data-fontsize=\"20\" data-lineheight=\"30px\">Peruutusoikeus<\/h5>\n<p>Tilauksen vastaanotettuaan ostajalla on oikeus peruuttaa verkkokaupassa tehty sopimus 14 p\u00e4iv\u00e4n kuluessa.<\/p>\n<p>Avattujen tuotteiden palauttaminen ei ole mahdollista!<\/p>\n<h5 class=\"fusion-responsive-typography-calculated\" style=\"--fontsize: 20; line-height: 1.5; --minfontsize: 20; --fontSize: 20; --minFontSize: 20;\" data-fontsize=\"20\" data-lineheight=\"30px\">Peruuttamisoikeutta ei sovelleta, jos ostaja on oikeushenkil\u00f6.<\/h5>\n<p>14 p\u00e4iv\u00e4n palautusoikeuden k\u00e4ytt\u00e4miseksi tilattuja tuotteita ei saa k\u00e4ytt\u00e4\u00e4 muulla tavoin kuin on tarpeen tuotteiden luonteen, ominaisuuksien ja toiminnan selvitt\u00e4miseksi samalla tavoin kuin tuotteita on sallittua testata fyysisess\u00e4 kaupassa.<\/p>\n<p>Jos tuotteita on k\u00e4ytetty muuhun tarkoitukseen kuin siihen, mik\u00e4 on tarpeen tavaran luonteen, ominaisuuksien ja toiminnan selvitt\u00e4miseksi, tai jos tuotteissa esiintyy k\u00e4yt\u00f6n tai kulumisen j\u00e4lki\u00e4, verkkokaupalla on oikeus alentaa palautuksen m\u00e4\u00e4r\u00e4\u00e4 tuotteen arvon alenemisen vuoksi.<\/p>\n<p>Tavaroiden palauttamiseksi on t\u00e4ytett\u00e4v\u00e4 palautushakemus, jonka lomake l\u00f6ytyy t\u00e4\u00e4lt\u00e4: palautushakemus, ja l\u00e4hett\u00e4\u00e4 se osoitteeseen cbdshop.estland@gmail.com 14 p\u00e4iv\u00e4n kuluessa tuotteiden vastaanottamisesta.<\/p>\n<p>Tuotteiden palautuskustannukset maksaa ostaja, ellei palautuksen syyn\u00e4 ole tilausta vastaamaton toimitus (esimerkiksi v\u00e4\u00e4r\u00e4 tai viallinen tuote).<\/p>\n<p>Ostajan on palautettava tuotteet 14 p\u00e4iv\u00e4n kuluessa hakemuksen j\u00e4tt\u00e4misest\u00e4 tai toimitettava todisteet siit\u00e4, ett\u00e4 h\u00e4n on toimittanut tuotteen kuljetusliikkeelle mainitun m\u00e4\u00e4r\u00e4ajan kuluessa.<\/p>\n<p>Palautettujen tuotteiden vastaanottamisen j\u00e4lkeen verkkokauppa palauttaa ostajalle v\u00e4litt\u00f6m\u00e4sti, mutta viimeist\u00e4\u00e4n 14 p\u00e4iv\u00e4n kuluessa peruuttamishakemuksen vastaanottamisesta, kaikki ostajalta sopimuksen perusteella saadut maksut.<\/p>\n<p>Verkkokauppa voi kielt\u00e4yty\u00e4 suorittamasta palautuksia, kunnes sopimuksen kohde (tuote) on saatu takaisin tai kunnes ostaja on toimittanut todisteet siit\u00e4, ett\u00e4 se on palauttanut tuotteen, sen mukaan kumpi tulee ensin.<\/p>\n<p>Jos ostaja on nimenomaisesti valinnut jonkin muun tavan kuin verkkokaupan tarjoama halvin vakiotoimitustapa, verkkokaupan ei tarvitse palauttaa ostajalle kustannuksia, jotka ylitt\u00e4v\u00e4t perinteisen toimitustavan kustannukset.<\/p>\n<p>Verkkokaupalla on oikeus peruuttaa myyntitapahtuma ja vaatia tuotteet ostajalta, jos verkkokaupassa olevien tuotteiden hinta on huomattavasti alle niiden markkinahinnan.<\/p>\n<h5 class=\"fusion-responsive-typography-calculated\" style=\"--fontsize: 20; line-height: 1.5; --minfontsize: 20; --fontSize: 20; --minFontSize: 20;\" data-fontsize=\"20\" data-lineheight=\"30px\">Oikeus vaatimuksen esitt\u00e4miseen<\/h5>\n<p>Ostajalla on oikeus ottaa yhteytt\u00e4 verkkokauppaan viimeist\u00e4\u00e4n kahden kuukauden kuluessa l\u00e4hett\u00e4m\u00e4ll\u00e4 s\u00e4hk\u00f6postia osoitteeseen cbdshop.estland@gmail.com.<\/p>\n<p>Verkkokauppa ei ole vastuussa mist\u00e4\u00e4n virheest\u00e4, joka on tapahtunut sen j\u00e4lkeen, kun tuotteet on toimitettu ostajalle.<\/p>\n<p>Jos verkkokaupasta ostetuissa tuotteissa on vikoja, joista verkkokauppa on vastuussa, verkkokauppa korjaa tai korvaa vialliset tuotteet. Jos tuotteita ei voida korjata tai vaihtaa, verkkokauppa palauttaa ostajalle kaikki myyntisopimukseen liittyv\u00e4t maksut.<\/p>\n<p>Verkkokauppa vastaa kuluttajan kanteluun kirjallisesti tai muodossa, joka voidaan toistaa kirjallisesti 15 p\u00e4iv\u00e4n kuluessa.<\/p>\n<h5 class=\"fusion-responsive-typography-calculated\" style=\"--fontsize: 20; line-height: 1.5; --minfontsize: 20; --fontSize: 20; --minFontSize: 20;\" data-fontsize=\"20\" data-lineheight=\"30px\">Suoramarkkinointi ja henkil\u00f6tietojen k\u00e4ytt\u00f6<\/h5>\n<p>Verkkokauppa k\u00e4ytt\u00e4\u00e4 ostajan sy\u00f6tt\u00e4mi\u00e4 henkil\u00f6tietoja (mukaan lukien nimi, puhelinnumero, osoite, s\u00e4hk\u00f6postiosoite, pankkitiedot) ainoastaan tilauksen k\u00e4sittelyyn ja tuotteiden l\u00e4hett\u00e4miseen ostajalle. Verkkokauppa toimittaa henkil\u00f6tietoja kuljetusliikkeille tuotteiden toimittamiseksi.<\/p>\n<p>Verkkokauppa l\u00e4hett\u00e4\u00e4 uutiskirjeit\u00e4 ja tarjouksia ostajan antamaan s\u00e4hk\u00f6postiosoitteeseen vain, jos ostaja on ilmaissut tahtonsa antamalla s\u00e4hk\u00f6postiosoitteensa sivustolla ja on ilmoittanut h\u00e4nelle suoramainontapyynn\u00f6st\u00e4.<\/p>\n<p>Ostaja voi milloin tahansa perua s\u00e4hk\u00f6postiin l\u00e4hetetyt tarjoukset ja uutiskirjeet ilmoittamalla asiasta meille s\u00e4hk\u00f6postitse tai seuraamalla tarjouksia sis\u00e4lt\u00e4v\u00e4ss\u00e4 s\u00e4hk\u00f6postissa annettuja ohjeita.<\/p>\n<h5 class=\"fusion-responsive-typography-calculated\" style=\"--fontsize: 20; line-height: 1.5; --minfontsize: 20; --fontSize: 20; --minFontSize: 20;\" data-fontsize=\"20\" data-lineheight=\"30px\">Erimielisyyksien k\u00e4sittely<\/h5>\n<p>Jos ostajalla on valitettavaa verkkokaupan toiminnasta, ne tulee l\u00e4hett\u00e4\u00e4 osoitteeseen cbdshop.estland@gmail.com.<br \/>\nJos ostaja ja verkkokauppa eiv\u00e4t pysty ratkaisemaan riitaa sopimalla, ostaja voi k\u00e4\u00e4nty\u00e4 kuluttajariitaviranomaisen puoleen. Menettelylliset edellytykset ovat saatavilla ja hakemus j\u00e4tet\u00e4\u00e4n t\u00e4\u00e4ll\u00e4. Kuluttajariitaviranomainen on toimivaltainen ratkaisemaan ostajan ja verkkokaupan v\u00e4lisest\u00e4 sopimuksesta johtuvat riidat. Ostajan valituksen tarkistaminen on maksutonta.<\/p>\n<p>Ostaja voi my\u00f6s vied\u00e4 asian Euroopan unionin kuluttajariitojen ratkaisuj\u00e4rjestelm\u00e4\u00e4n.<\/p>\n<\/div><div class=\"fusion-clearfix\"><\/div><\/div><\/div><\/div><\/div>\n","protected":false},"excerpt":{"rendered":"","protected":false},"author":4,"featured_media":0,"parent":0,"menu_order":0,"comment_status":"closed","ping_status":"closed","template":"","meta":[],"yoast_head":"<!-- This site is optimized with the Yoast SEO plugin v20.8 - https:\/\/yoast.com\/wordpress\/plugins\/seo\/ -->\n<title>K\u00e4ytt\u00f6ehdot - CBDshop.ee<\/title>\n<meta name=\"robots\" content=\"index, follow, max-snippet:-1, max-image-preview:large, max-video-preview:-1\" \/>\n<link rel=\"canonical\" href=\"https:\/\/www.cbdshop.ee\/fi\/muugitingimused\/\" \/>\n<meta property=\"og:locale\" content=\"fi_FI\" \/>\n<meta property=\"og:type\" content=\"article\" \/>\n<meta property=\"og:title\" content=\"K\u00e4ytt\u00f6ehdot - CBDshop.ee\" \/>\n<meta property=\"og:url\" content=\"https:\/\/www.cbdshop.ee\/fi\/muugitingimused\/\" \/>\n<meta property=\"og:site_name\" content=\"CBDshop.ee\" \/>\n<meta property=\"article:publisher\" content=\"https:\/\/m.facebook.com\/cbdshop.ee\/\" \/>\n<meta property=\"article:modified_time\" content=\"2025-11-23T14:10:47+00:00\" \/>\n<meta name=\"twitter:card\" content=\"summary_large_image\" \/>\n<meta name=\"twitter:label1\" content=\"Arvioitu lukuaika\" \/>\n\t<meta name=\"twitter:data1\" content=\"4 minuuttia\" \/>\n<script type=\"application\/ld+json\" class=\"yoast-schema-graph\">{\"@context\":\"https:\/\/schema.org\",\"@graph\":[{\"@type\":\"WebPage\",\"@id\":\"https:\/\/www.cbdshop.ee\/fi\/muugitingimused\/\",\"url\":\"https:\/\/www.cbdshop.ee\/fi\/muugitingimused\/\",\"name\":\"K\u00e4ytt\u00f6ehdot - CBDshop.ee\",\"isPartOf\":{\"@id\":\"https:\/\/cbdshop.ee\/#website\"},\"datePublished\":\"2018-10-03T05:53:25+00:00\",\"dateModified\":\"2025-11-23T14:10:47+00:00\",\"breadcrumb\":{\"@id\":\"https:\/\/www.cbdshop.ee\/fi\/muugitingimused\/#breadcrumb\"},\"inLanguage\":\"fi\",\"potentialAction\":[{\"@type\":\"ReadAction\",\"target\":[\"https:\/\/www.cbdshop.ee\/fi\/muugitingimused\/\"]}]},{\"@type\":\"BreadcrumbList\",\"@id\":\"https:\/\/www.cbdshop.ee\/fi\/muugitingimused\/#breadcrumb\",\"itemListElement\":[{\"@type\":\"ListItem\",\"position\":1,\"name\":\"Home\",\"item\":\"https:\/\/cbdshop.ee\/fi\/\"},{\"@type\":\"ListItem\",\"position\":2,\"name\":\"K\u00e4ytt\u00f6ehdot\"}]},{\"@type\":\"WebSite\",\"@id\":\"https:\/\/cbdshop.ee\/#website\",\"url\":\"https:\/\/cbdshop.ee\/\",\"name\":\"CBDshop.ee\",\"description\":\"\u00d5itsed, \u00f5ietolm, CBD \u00f5li, CBD kanep, e-vedelikud\",\"publisher\":{\"@id\":\"https:\/\/cbdshop.ee\/#organization\"},\"potentialAction\":[{\"@type\":\"SearchAction\",\"target\":{\"@type\":\"EntryPoint\",\"urlTemplate\":\"https:\/\/cbdshop.ee\/?s={search_term_string}\"},\"query-input\":\"required name=search_term_string\"}],\"inLanguage\":\"fi\"},{\"@type\":\"Organization\",\"@id\":\"https:\/\/cbdshop.ee\/#organization\",\"name\":\"Nordic Synergy O\u00dc\",\"url\":\"https:\/\/cbdshop.ee\/\",\"logo\":{\"@type\":\"ImageObject\",\"inLanguage\":\"fi\",\"@id\":\"https:\/\/cbdshop.ee\/#\/schema\/logo\/image\/\",\"url\":\"\",\"contentUrl\":\"\",\"caption\":\"Nordic Synergy O\u00dc\"},\"image\":{\"@id\":\"https:\/\/cbdshop.ee\/#\/schema\/logo\/image\/\"},\"sameAs\":[\"https:\/\/m.facebook.com\/cbdshop.ee\/\",\"https:\/\/www.instagram.com\/cbdshop.ee\/\"]}]}<\/script>\n<!-- \/ Yoast SEO plugin. -->","yoast_head_json":{"title":"K\u00e4ytt\u00f6ehdot - CBDshop.ee","robots":{"index":"index","follow":"follow","max-snippet":"max-snippet:-1","max-image-preview":"max-image-preview:large","max-video-preview":"max-video-preview:-1"},"canonical":"https:\/\/www.cbdshop.ee\/fi\/muugitingimused\/","og_locale":"fi_FI","og_type":"article","og_title":"K\u00e4ytt\u00f6ehdot - CBDshop.ee","og_url":"https:\/\/www.cbdshop.ee\/fi\/muugitingimused\/","og_site_name":"CBDshop.ee","article_publisher":"https:\/\/m.facebook.com\/cbdshop.ee\/","article_modified_time":"2025-11-23T14:10:47+00:00","twitter_card":"summary_large_image","twitter_misc":{"Arvioitu lukuaika":"4 minuuttia"},"schema":{"@context":"https:\/\/schema.org","@graph":[{"@type":"WebPage","@id":"https:\/\/www.cbdshop.ee\/fi\/muugitingimused\/","url":"https:\/\/www.cbdshop.ee\/fi\/muugitingimused\/","name":"K\u00e4ytt\u00f6ehdot - CBDshop.ee","isPartOf":{"@id":"https:\/\/cbdshop.ee\/#website"},"datePublished":"2018-10-03T05:53:25+00:00","dateModified":"2025-11-23T14:10:47+00:00","breadcrumb":{"@id":"https:\/\/www.cbdshop.ee\/fi\/muugitingimused\/#breadcrumb"},"inLanguage":"fi","potentialAction":[{"@type":"ReadAction","target":["https:\/\/www.cbdshop.ee\/fi\/muugitingimused\/"]}]},{"@type":"BreadcrumbList","@id":"https:\/\/www.cbdshop.ee\/fi\/muugitingimused\/#breadcrumb","itemListElement":[{"@type":"ListItem","position":1,"name":"Home","item":"https:\/\/cbdshop.ee\/fi\/"},{"@type":"ListItem","position":2,"name":"K\u00e4ytt\u00f6ehdot"}]},{"@type":"WebSite","@id":"https:\/\/cbdshop.ee\/#website","url":"https:\/\/cbdshop.ee\/","name":"CBDshop.ee","description":"\u00d5itsed, \u00f5ietolm, CBD \u00f5li, CBD kanep, e-vedelikud","publisher":{"@id":"https:\/\/cbdshop.ee\/#organization"},"potentialAction":[{"@type":"SearchAction","target":{"@type":"EntryPoint","urlTemplate":"https:\/\/cbdshop.ee\/?s={search_term_string}"},"query-input":"required name=search_term_string"}],"inLanguage":"fi"},{"@type":"Organization","@id":"https:\/\/cbdshop.ee\/#organization","name":"Nordic Synergy O\u00dc","url":"https:\/\/cbdshop.ee\/","logo":{"@type":"ImageObject","inLanguage":"fi","@id":"https:\/\/cbdshop.ee\/#\/schema\/logo\/image\/","url":"","contentUrl":"","caption":"Nordic Synergy O\u00dc"},"image":{"@id":"https:\/\/cbdshop.ee\/#\/schema\/logo\/image\/"},"sameAs":["https:\/\/m.facebook.com\/cbdshop.ee\/","https:\/\/www.instagram.com\/cbdshop.ee\/"]}]}},"_links":{"self":[{"href":"https:\/\/cbdshop.ee\/fi\/wp-json\/wp\/v2\/pages\/20860"}],"collection":[{"href":"https:\/\/cbdshop.ee\/fi\/wp-json\/wp\/v2\/pages"}],"about":[{"href":"https:\/\/cbdshop.ee\/fi\/wp-json\/wp\/v2\/types\/page"}],"author":[{"embeddable":true,"href":"https:\/\/cbdshop.ee\/fi\/wp-json\/wp\/v2\/users\/4"}],"replies":[{"embeddable":true,"href":"https:\/\/cbdshop.ee\/fi\/wp-json\/wp\/v2\/comments?post=20860"}],"version-history":[{"count":5,"href":"https:\/\/cbdshop.ee\/fi\/wp-json\/wp\/v2\/pages\/20860\/revisions"}],"predecessor-version":[{"id":39411,"href":"https:\/\/cbdshop.ee\/fi\/wp-json\/wp\/v2\/pages\/20860\/revisions\/39411"}],"wp:attachment":[{"href":"https:\/\/cbdshop.ee\/fi\/wp-json\/wp\/v2\/media?parent=20860"}],"curies":[{"name":"wp","href":"https:\/\/api.w.org\/{rel}","templated":true}]}}