{"id":20868,"date":"2018-11-30T12:00:36","date_gmt":"2018-11-30T10:00:36","guid":{"rendered":"https:\/\/cbdshop.ee\/tarne\/"},"modified":"2022-06-29T18:52:51","modified_gmt":"2022-06-29T15:52:51","slug":"tarne","status":"publish","type":"page","link":"https:\/\/cbdshop.ee\/fi\/tarne\/","title":{"rendered":"Toimitus"},"content":{"rendered":"<div class=\"fusion-fullwidth fullwidth-box fusion-builder-row-1 nonhundred-percent-fullwidth non-hundred-percent-height-scrolling\" style=\"--awb-border-radius-top-left:0px;--awb-border-radius-top-right:0px;--awb-border-radius-bottom-right:0px;--awb-border-radius-bottom-left:0px;\" ><div class=\"fusion-builder-row fusion-row\"><div class=\"fusion-layout-column fusion_builder_column fusion-builder-column-0 fusion_builder_column_1_1 1_1 fusion-one-full fusion-column-first fusion-column-last\" style=\"--awb-bg-size:cover;\"><div class=\"fusion-column-wrapper fusion-flex-column-wrapper-legacy\"><div class=\"fusion-text fusion-text-1\"><p>Kotimaan kuljetukset toimitetaan ostajan m\u00e4\u00e4ritt\u00e4m\u00e4\u00e4n osoitteeseen p\u00e4\u00e4s\u00e4\u00e4nt\u00f6isesti 7 ty\u00f6p\u00e4iv\u00e4n kuluessa myyntisopimuksen voimaantulosta. Toimitus Viron ulkopuolelle saattaa kest\u00e4\u00e4 14 kalenterip\u00e4iv\u00e4\u00e4.<\/p>\n<p>Joidenkin poikkeustapausten vuoksi pid\u00e4t\u00e4mme oikeuden toimittaa tavarat 45 kalenterip\u00e4iv\u00e4n kuluessa.<\/p>\n<h5 data-fontsize=\"20\" data-lineheight=\"30px\" class=\"fusion-responsive-typography-calculated\" style=\"--fontSize:20; line-height: 1.5; --minFontSize:20;\">Viro<\/h5>\n<p>Ilmainen toimitus alkaen 20 \u20ac!<\/p>\n<p><strong>Omniva pakettiterminaali \u2013 2.90 \u20ac<\/strong><br \/>\nLue lis\u00e4\u00e4: <a href=\"https:\/\/www.omniva.ee\/\" target=\"_blank\" rel=\"noopener noreferrer\">www.omniva.ee<\/a><\/p>\n<p><strong>Smartpost pakettiterminaali \u2013 <\/strong><b>2.90<\/b><strong> \u20ac<\/strong><br \/>\nLue lis\u00e4\u00e4: <a href=\"http:\/\/uus.smartpost.ee\/\" target=\"_blank\" rel=\"noopener noreferrer\">www.smartpost.ee<\/a><\/p>\n<h5 data-fontsize=\"20\" data-lineheight=\"30px\" class=\"fusion-responsive-typography-calculated\" style=\"--fontSize:20; line-height: 1.5; --minFontSize:20;\">Suomi<\/h5>\n<p><strong>Smartpost pakettiterminaali \u2013 10 \u20ac<\/strong><br \/>\nLue lis\u00e4\u00e4: <a href=\"http:\/\/uus.smartpost.ee\/\" target=\"_blank\" rel=\"noopener noreferrer\">www.smartpost.ee<\/a><\/p>\n<h5 data-fontsize=\"20\" data-lineheight=\"30px\" class=\"fusion-responsive-typography-calculated\" style=\"--fontSize:20; line-height: 1.5; --minFontSize:20;\">Latvia<\/h5>\n<p><strong>Omniva pakettiterminaali \u2013 5 \u20ac<\/strong><br \/>\nLue lis\u00e4\u00e4: <a href=\"https:\/\/www.omniva.ee\/\" target=\"_blank\" rel=\"noopener noreferrer\">www.omniva.ee<\/a><\/p>\n<\/div><div class=\"fusion-clearfix\"><\/div><\/div><\/div><\/div><\/div>\n","protected":false},"excerpt":{"rendered":"","protected":false},"author":2,"featured_media":0,"parent":0,"menu_order":0,"comment_status":"closed","ping_status":"closed","template":"","meta":[],"yoast_head":"<!-- This site is optimized with the Yoast SEO plugin v20.8 - https:\/\/yoast.com\/wordpress\/plugins\/seo\/ -->\n<title>Toimitus - CBDshop.ee<\/title>\n<meta name=\"robots\" content=\"index, follow, max-snippet:-1, max-image-preview:large, max-video-preview:-1\" \/>\n<link rel=\"canonical\" href=\"https:\/\/cbdshop.ee\/fi\/tarne\/\" \/>\n<meta property=\"og:locale\" content=\"fi_FI\" \/>\n<meta property=\"og:type\" content=\"article\" \/>\n<meta property=\"og:title\" content=\"Toimitus - CBDshop.ee\" \/>\n<meta property=\"og:url\" content=\"https:\/\/cbdshop.ee\/fi\/tarne\/\" \/>\n<meta property=\"og:site_name\" content=\"CBDshop.ee\" \/>\n<meta property=\"article:publisher\" content=\"https:\/\/m.facebook.com\/cbdshop.ee\/\" \/>\n<meta property=\"article:modified_time\" content=\"2022-06-29T15:52:51+00:00\" \/>\n<meta name=\"twitter:card\" content=\"summary_large_image\" \/>\n<meta name=\"twitter:label1\" content=\"Arvioitu lukuaika\" \/>\n\t<meta name=\"twitter:data1\" content=\"1 minuutti\" \/>\n<script type=\"application\/ld+json\" class=\"yoast-schema-graph\">{\"@context\":\"https:\/\/schema.org\",\"@graph\":[{\"@type\":\"WebPage\",\"@id\":\"https:\/\/cbdshop.ee\/fi\/tarne\/\",\"url\":\"https:\/\/cbdshop.ee\/fi\/tarne\/\",\"name\":\"Toimitus - CBDshop.ee\",\"isPartOf\":{\"@id\":\"https:\/\/cbdshop.ee\/#website\"},\"datePublished\":\"2018-11-30T10:00:36+00:00\",\"dateModified\":\"2022-06-29T15:52:51+00:00\",\"breadcrumb\":{\"@id\":\"https:\/\/cbdshop.ee\/fi\/tarne\/#breadcrumb\"},\"inLanguage\":\"fi\",\"potentialAction\":[{\"@type\":\"ReadAction\",\"target\":[\"https:\/\/cbdshop.ee\/fi\/tarne\/\"]}]},{\"@type\":\"BreadcrumbList\",\"@id\":\"https:\/\/cbdshop.ee\/fi\/tarne\/#breadcrumb\",\"itemListElement\":[{\"@type\":\"ListItem\",\"position\":1,\"name\":\"Home\",\"item\":\"https:\/\/cbdshop.ee\/fi\/\"},{\"@type\":\"ListItem\",\"position\":2,\"name\":\"Toimitus\"}]},{\"@type\":\"WebSite\",\"@id\":\"https:\/\/cbdshop.ee\/#website\",\"url\":\"https:\/\/cbdshop.ee\/\",\"name\":\"CBDshop.ee\",\"description\":\"\u00d5itsed, \u00f5ietolm, CBD \u00f5li, CBD kanep, e-vedelikud\",\"publisher\":{\"@id\":\"https:\/\/cbdshop.ee\/#organization\"},\"potentialAction\":[{\"@type\":\"SearchAction\",\"target\":{\"@type\":\"EntryPoint\",\"urlTemplate\":\"https:\/\/cbdshop.ee\/?s={search_term_string}\"},\"query-input\":\"required name=search_term_string\"}],\"inLanguage\":\"fi\"},{\"@type\":\"Organization\",\"@id\":\"https:\/\/cbdshop.ee\/#organization\",\"name\":\"Nordic Synergy O\u00dc\",\"url\":\"https:\/\/cbdshop.ee\/\",\"logo\":{\"@type\":\"ImageObject\",\"inLanguage\":\"fi\",\"@id\":\"https:\/\/cbdshop.ee\/#\/schema\/logo\/image\/\",\"url\":\"\",\"contentUrl\":\"\",\"caption\":\"Nordic Synergy O\u00dc\"},\"image\":{\"@id\":\"https:\/\/cbdshop.ee\/#\/schema\/logo\/image\/\"},\"sameAs\":[\"https:\/\/m.facebook.com\/cbdshop.ee\/\",\"https:\/\/www.instagram.com\/cbdshop.ee\/\"]}]}<\/script>\n<!-- \/ Yoast SEO plugin. -->","yoast_head_json":{"title":"Toimitus - CBDshop.ee","robots":{"index":"index","follow":"follow","max-snippet":"max-snippet:-1","max-image-preview":"max-image-preview:large","max-video-preview":"max-video-preview:-1"},"canonical":"https:\/\/cbdshop.ee\/fi\/tarne\/","og_locale":"fi_FI","og_type":"article","og_title":"Toimitus - CBDshop.ee","og_url":"https:\/\/cbdshop.ee\/fi\/tarne\/","og_site_name":"CBDshop.ee","article_publisher":"https:\/\/m.facebook.com\/cbdshop.ee\/","article_modified_time":"2022-06-29T15:52:51+00:00","twitter_card":"summary_large_image","twitter_misc":{"Arvioitu lukuaika":"1 minuutti"},"schema":{"@context":"https:\/\/schema.org","@graph":[{"@type":"WebPage","@id":"https:\/\/cbdshop.ee\/fi\/tarne\/","url":"https:\/\/cbdshop.ee\/fi\/tarne\/","name":"Toimitus - CBDshop.ee","isPartOf":{"@id":"https:\/\/cbdshop.ee\/#website"},"datePublished":"2018-11-30T10:00:36+00:00","dateModified":"2022-06-29T15:52:51+00:00","breadcrumb":{"@id":"https:\/\/cbdshop.ee\/fi\/tarne\/#breadcrumb"},"inLanguage":"fi","potentialAction":[{"@type":"ReadAction","target":["https:\/\/cbdshop.ee\/fi\/tarne\/"]}]},{"@type":"BreadcrumbList","@id":"https:\/\/cbdshop.ee\/fi\/tarne\/#breadcrumb","itemListElement":[{"@type":"ListItem","position":1,"name":"Home","item":"https:\/\/cbdshop.ee\/fi\/"},{"@type":"ListItem","position":2,"name":"Toimitus"}]},{"@type":"WebSite","@id":"https:\/\/cbdshop.ee\/#website","url":"https:\/\/cbdshop.ee\/","name":"CBDshop.ee","description":"\u00d5itsed, \u00f5ietolm, CBD \u00f5li, CBD kanep, e-vedelikud","publisher":{"@id":"https:\/\/cbdshop.ee\/#organization"},"potentialAction":[{"@type":"SearchAction","target":{"@type":"EntryPoint","urlTemplate":"https:\/\/cbdshop.ee\/?s={search_term_string}"},"query-input":"required name=search_term_string"}],"inLanguage":"fi"},{"@type":"Organization","@id":"https:\/\/cbdshop.ee\/#organization","name":"Nordic Synergy O\u00dc","url":"https:\/\/cbdshop.ee\/","logo":{"@type":"ImageObject","inLanguage":"fi","@id":"https:\/\/cbdshop.ee\/#\/schema\/logo\/image\/","url":"","contentUrl":"","caption":"Nordic Synergy O\u00dc"},"image":{"@id":"https:\/\/cbdshop.ee\/#\/schema\/logo\/image\/"},"sameAs":["https:\/\/m.facebook.com\/cbdshop.ee\/","https:\/\/www.instagram.com\/cbdshop.ee\/"]}]}},"_links":{"self":[{"href":"https:\/\/cbdshop.ee\/fi\/wp-json\/wp\/v2\/pages\/20868"}],"collection":[{"href":"https:\/\/cbdshop.ee\/fi\/wp-json\/wp\/v2\/pages"}],"about":[{"href":"https:\/\/cbdshop.ee\/fi\/wp-json\/wp\/v2\/types\/page"}],"author":[{"embeddable":true,"href":"https:\/\/cbdshop.ee\/fi\/wp-json\/wp\/v2\/users\/2"}],"replies":[{"embeddable":true,"href":"https:\/\/cbdshop.ee\/fi\/wp-json\/wp\/v2\/comments?post=20868"}],"version-history":[{"count":1,"href":"https:\/\/cbdshop.ee\/fi\/wp-json\/wp\/v2\/pages\/20868\/revisions"}],"predecessor-version":[{"id":28275,"href":"https:\/\/cbdshop.ee\/fi\/wp-json\/wp\/v2\/pages\/20868\/revisions\/28275"}],"wp:attachment":[{"href":"https:\/\/cbdshop.ee\/fi\/wp-json\/wp\/v2\/media?parent=20868"}],"curies":[{"name":"wp","href":"https:\/\/api.w.org\/{rel}","templated":true}]}}