{"id":24394,"date":"2020-06-01T00:35:11","date_gmt":"2020-05-31T21:35:11","guid":{"rendered":"https:\/\/cbdshop.ee\/?post_type=product&#038;p=24394"},"modified":"2026-03-20T16:05:36","modified_gmt":"2026-03-20T14:05:36","slug":"cbd-oljy-10-hamppu","status":"publish","type":"product","link":"https:\/\/cbdshop.ee\/fi\/toode\/cbd-oljy-10-hamppu\/","title":{"rendered":"CBD \u00f6ljy 10 % Hamppu"},"content":{"rendered":"<p><i><span style=\"font-weight: 400;\">Juokseva 10% CBD-\u00f6ljy, jossa pohjana herkullinen ja ekologinen hampunsiemen\u00f6ljy.<\/span><\/i><\/p>\n<p><i><span style=\"font-weight: 400;\">HUOMIO: T\u00e4m\u00e4 \u00f6ljy (toisin kuin muut \u00f6ljymme) koostuu tiivisteest\u00e4 (hamppu-uute) joka on sekoitettu luonnollisesta hampunsiemen\u00f6ljyst\u00e4. 10% CBD-\u00f6ljyn saamiseksi on v\u00e4ltt\u00e4m\u00e4t\u00f6nt\u00e4 k\u00e4ytt\u00e4\u00e4 tiivistett\u00e4. Tuote on sopiva juuri sinulle, jos tarvitset suhteellisen suuria CBD-annoksia kerralla.<\/span><\/i><\/p>\n<p><i><span style=\"font-weight: 400;\">T\u00e4m\u00e4 10 ml pullo sis\u00e4lt\u00e4\u00e4 noin 200 tippaa ja yhteens\u00e4 1000 mg kannabinoideja, joka tarkoittaa ett\u00e4 saat noin 5 mg puhdasta CBD:t\u00e4 per tippa.<\/span><\/i><\/p>\n<p><i><span style=\"font-weight: 400;\">10,5% kannabinoideja (josta 10% puhdasta CBD:t\u00e4),orgaanista hampunsiemen\u00f6ljy\u00e4.<\/span><\/i><\/p>\n<p><i><span style=\"font-weight: 400;\">Suositeltu vuorokausiannos: 1-8 tippaa, 1-3 kertaa p\u00e4iv\u00e4ss\u00e4 (ravista pulloa ennen jokaista k\u00e4ytt\u00f6\u00e4)<\/span><\/i><\/p>\n<p><i><span style=\"font-weight: 400;\">1 pisara sis\u00e4lt\u00e4\u00e4 noin 5 mg puhdasta CBD:t\u00e4 (huomaa kuitenkin, ett\u00e4 pisaran koko voi vaihdella hieman).<\/span><\/i><\/p>\n<p><i><span style=\"font-weight: 400;\">Suositeltua p\u00e4ivitt\u00e4ist\u00e4 annosta ei saa ylitt\u00e4\u00e4. \u00d6ljy\u00e4 tulisi k\u00e4ytt\u00e4\u00e4 yksinomaan t\u00e4ydent\u00e4m\u00e4\u00e4n terveellist\u00e4 el\u00e4m\u00e4ntapaa, eik\u00e4 se koskaan voi korvata terveellist\u00e4 ja monipuolista ruokavaliota.<\/span><\/i><\/p>\n<p><b><i>S\u00e4ilyt\u00e4 j\u00e4\u00e4kaapissa ja lasten ulottumattomissa.<\/i><\/b><\/p>\n<p><i><span style=\"font-weight: 400;\">Tuotteemme eiv\u00e4t ole l\u00e4\u00e4kkeit\u00e4 eik\u00e4 niit\u00e4 ole tarkoitettu ihmisten tai el\u00e4inten sairauksien ennaltaehk\u00e4isyyn, hoitoon tai diagnosointiin.<\/span><\/i><\/p>\n<p>&nbsp;<\/p>\n","protected":false},"excerpt":{"rendered":"<p><i><span style=\"font-weight: 400;\">CBD \u00f6ljy: 10% hamppu maustettu<\/span><\/i><\/p>\n<p><i><span style=\"font-weight: 400;\">10 ml (1000 mg CBD)<\/span><\/i><\/p>\n<p><i><span style=\"font-weight: 400;\">THC &lt;0,2%<\/span><\/i><\/p>\n<ul>\n<li style=\"font-weight: 400;\"><i><span style=\"font-weight: 400;\">Organic<\/span><\/i><\/li>\n<li style=\"font-weight: 400;\"><span style=\"font-weight: 400;\">Vegan<\/span><\/li>\n<li style=\"font-weight: 400;\"><span style=\"font-weight: 400;\">NO GMO<\/span><\/li>\n<li style=\"font-weight: 400;\"><span style=\"font-weight: 400;\">100% BIO<\/span><\/li>\n<\/ul>\n<p><i><span style=\"font-weight: 400;\">Kielletty alle 18-vuotiailta.<\/span><\/i><\/p>\n<p>&nbsp;<\/p>\n","protected":false},"featured_media":25059,"comment_status":"open","ping_status":"closed","template":"","meta":[],"product_cat":[463],"product_tag":[],"yoast_head":"<!-- This site is optimized with the Yoast SEO plugin v20.8 - https:\/\/yoast.com\/wordpress\/plugins\/seo\/ -->\n<title>CBD \u00f6ljy 10 % Hamppu - CBDshop.ee<\/title>\n<meta name=\"description\" content=\"CBD \u00f6ljy 10 % Hamppu \u2013 telli kvaliteetne CBD toode parima hinnaga. Tasuta tarne Eestis, diskreetne pakend. Osta mugavalt CBDshopi e-poest \u2013 kiire ja turvaline!\" \/>\n<meta name=\"robots\" content=\"index, follow, max-snippet:-1, max-image-preview:large, max-video-preview:-1\" \/>\n<link rel=\"canonical\" href=\"https:\/\/cbdshop.ee\/fi\/toode\/cbd-oljy-10-hamppu\/\" \/>\n<meta property=\"og:locale\" content=\"fi_FI\" \/>\n<meta property=\"og:type\" content=\"article\" \/>\n<meta property=\"og:title\" content=\"CBD \u00f6ljy 10 % Hamppu - CBDshop.ee\" \/>\n<meta property=\"og:description\" content=\"CBD \u00f6ljy 10 % Hamppu \u2013 telli kvaliteetne CBD toode parima hinnaga. Tasuta tarne Eestis, diskreetne pakend. Osta mugavalt CBDshopi e-poest \u2013 kiire ja turvaline!\" \/>\n<meta property=\"og:url\" content=\"https:\/\/cbdshop.ee\/fi\/toode\/cbd-oljy-10-hamppu\/\" \/>\n<meta property=\"og:site_name\" content=\"CBDshop.ee\" \/>\n<meta property=\"article:publisher\" content=\"https:\/\/m.facebook.com\/cbdshop.ee\/\" \/>\n<meta property=\"article:modified_time\" content=\"2026-03-20T14:05:36+00:00\" \/>\n<meta property=\"og:image\" content=\"https:\/\/cbdshop.ee\/wp-content\/uploads\/2020\/06\/10oil.jpg\" \/>\n\t<meta property=\"og:image:width\" content=\"1500\" \/>\n\t<meta property=\"og:image:height\" content=\"1500\" \/>\n\t<meta property=\"og:image:type\" content=\"image\/jpeg\" \/>\n<meta name=\"twitter:card\" content=\"summary_large_image\" \/>\n<meta name=\"twitter:label1\" content=\"Arvioitu lukuaika\" \/>\n\t<meta name=\"twitter:data1\" content=\"1 minuutti\" \/>\n<script type=\"application\/ld+json\" class=\"yoast-schema-graph\">{\"@context\":\"https:\/\/schema.org\",\"@graph\":[{\"@type\":\"WebPage\",\"@id\":\"https:\/\/cbdshop.ee\/fi\/toode\/cbd-oljy-10-hamppu\/\",\"url\":\"https:\/\/cbdshop.ee\/fi\/toode\/cbd-oljy-10-hamppu\/\",\"name\":\"CBD \u00f6ljy 10 % Hamppu - CBDshop.ee\",\"isPartOf\":{\"@id\":\"https:\/\/cbdshop.ee\/#website\"},\"datePublished\":\"2020-05-31T21:35:11+00:00\",\"dateModified\":\"2026-03-20T14:05:36+00:00\",\"description\":\"CBD \u00f6ljy 10 % Hamppu \u2013 telli kvaliteetne CBD toode parima hinnaga. Tasuta tarne Eestis, diskreetne pakend. Osta mugavalt CBDshopi e-poest \u2013 kiire ja turvaline!\",\"breadcrumb\":{\"@id\":\"https:\/\/cbdshop.ee\/fi\/toode\/cbd-oljy-10-hamppu\/#breadcrumb\"},\"inLanguage\":\"fi\",\"potentialAction\":[{\"@type\":\"ReadAction\",\"target\":[\"https:\/\/cbdshop.ee\/fi\/toode\/cbd-oljy-10-hamppu\/\"]}]},{\"@type\":\"BreadcrumbList\",\"@id\":\"https:\/\/cbdshop.ee\/fi\/toode\/cbd-oljy-10-hamppu\/#breadcrumb\",\"itemListElement\":[{\"@type\":\"ListItem\",\"position\":1,\"name\":\"Home\",\"item\":\"https:\/\/cbdshop.ee\/fi\/\"},{\"@type\":\"ListItem\",\"position\":2,\"name\":\"Tuotteet\",\"item\":\"https:\/\/cbdshop.ee\/fi\/tooted\/\"},{\"@type\":\"ListItem\",\"position\":3,\"name\":\"CBD \u00f6ljy 10 % Hamppu\"}]},{\"@type\":\"WebSite\",\"@id\":\"https:\/\/cbdshop.ee\/#website\",\"url\":\"https:\/\/cbdshop.ee\/\",\"name\":\"CBDshop.ee\",\"description\":\"\u00d5itsed, \u00f5ietolm, CBD \u00f5li, CBD kanep, e-vedelikud\",\"publisher\":{\"@id\":\"https:\/\/cbdshop.ee\/#organization\"},\"potentialAction\":[{\"@type\":\"SearchAction\",\"target\":{\"@type\":\"EntryPoint\",\"urlTemplate\":\"https:\/\/cbdshop.ee\/?s={search_term_string}\"},\"query-input\":\"required name=search_term_string\"}],\"inLanguage\":\"fi\"},{\"@type\":\"Organization\",\"@id\":\"https:\/\/cbdshop.ee\/#organization\",\"name\":\"Nordic Synergy O\u00dc\",\"url\":\"https:\/\/cbdshop.ee\/\",\"logo\":{\"@type\":\"ImageObject\",\"inLanguage\":\"fi\",\"@id\":\"https:\/\/cbdshop.ee\/#\/schema\/logo\/image\/\",\"url\":\"\",\"contentUrl\":\"\",\"caption\":\"Nordic Synergy O\u00dc\"},\"image\":{\"@id\":\"https:\/\/cbdshop.ee\/#\/schema\/logo\/image\/\"},\"sameAs\":[\"https:\/\/m.facebook.com\/cbdshop.ee\/\",\"https:\/\/www.instagram.com\/cbdshop.ee\/\"]}]}<\/script>\n<!-- \/ Yoast SEO plugin. -->","yoast_head_json":{"title":"CBD \u00f6ljy 10 % Hamppu - CBDshop.ee","description":"CBD \u00f6ljy 10 % Hamppu \u2013 telli kvaliteetne CBD toode parima hinnaga. Tasuta tarne Eestis, diskreetne pakend. Osta mugavalt CBDshopi e-poest \u2013 kiire ja turvaline!","robots":{"index":"index","follow":"follow","max-snippet":"max-snippet:-1","max-image-preview":"max-image-preview:large","max-video-preview":"max-video-preview:-1"},"canonical":"https:\/\/cbdshop.ee\/fi\/toode\/cbd-oljy-10-hamppu\/","og_locale":"fi_FI","og_type":"article","og_title":"CBD \u00f6ljy 10 % Hamppu - CBDshop.ee","og_description":"CBD \u00f6ljy 10 % Hamppu \u2013 telli kvaliteetne CBD toode parima hinnaga. Tasuta tarne Eestis, diskreetne pakend. Osta mugavalt CBDshopi e-poest \u2013 kiire ja turvaline!","og_url":"https:\/\/cbdshop.ee\/fi\/toode\/cbd-oljy-10-hamppu\/","og_site_name":"CBDshop.ee","article_publisher":"https:\/\/m.facebook.com\/cbdshop.ee\/","article_modified_time":"2026-03-20T14:05:36+00:00","og_image":[{"width":1500,"height":1500,"url":"https:\/\/cbdshop.ee\/wp-content\/uploads\/2020\/06\/10oil.jpg","type":"image\/jpeg"}],"twitter_card":"summary_large_image","twitter_misc":{"Arvioitu lukuaika":"1 minuutti"},"schema":{"@context":"https:\/\/schema.org","@graph":[{"@type":"WebPage","@id":"https:\/\/cbdshop.ee\/fi\/toode\/cbd-oljy-10-hamppu\/","url":"https:\/\/cbdshop.ee\/fi\/toode\/cbd-oljy-10-hamppu\/","name":"CBD \u00f6ljy 10 % Hamppu - CBDshop.ee","isPartOf":{"@id":"https:\/\/cbdshop.ee\/#website"},"datePublished":"2020-05-31T21:35:11+00:00","dateModified":"2026-03-20T14:05:36+00:00","description":"CBD \u00f6ljy 10 % Hamppu \u2013 telli kvaliteetne CBD toode parima hinnaga. Tasuta tarne Eestis, diskreetne pakend. Osta mugavalt CBDshopi e-poest \u2013 kiire ja turvaline!","breadcrumb":{"@id":"https:\/\/cbdshop.ee\/fi\/toode\/cbd-oljy-10-hamppu\/#breadcrumb"},"inLanguage":"fi","potentialAction":[{"@type":"ReadAction","target":["https:\/\/cbdshop.ee\/fi\/toode\/cbd-oljy-10-hamppu\/"]}]},{"@type":"BreadcrumbList","@id":"https:\/\/cbdshop.ee\/fi\/toode\/cbd-oljy-10-hamppu\/#breadcrumb","itemListElement":[{"@type":"ListItem","position":1,"name":"Home","item":"https:\/\/cbdshop.ee\/fi\/"},{"@type":"ListItem","position":2,"name":"Tuotteet","item":"https:\/\/cbdshop.ee\/fi\/tooted\/"},{"@type":"ListItem","position":3,"name":"CBD \u00f6ljy 10 % Hamppu"}]},{"@type":"WebSite","@id":"https:\/\/cbdshop.ee\/#website","url":"https:\/\/cbdshop.ee\/","name":"CBDshop.ee","description":"\u00d5itsed, \u00f5ietolm, CBD \u00f5li, CBD kanep, e-vedelikud","publisher":{"@id":"https:\/\/cbdshop.ee\/#organization"},"potentialAction":[{"@type":"SearchAction","target":{"@type":"EntryPoint","urlTemplate":"https:\/\/cbdshop.ee\/?s={search_term_string}"},"query-input":"required name=search_term_string"}],"inLanguage":"fi"},{"@type":"Organization","@id":"https:\/\/cbdshop.ee\/#organization","name":"Nordic Synergy O\u00dc","url":"https:\/\/cbdshop.ee\/","logo":{"@type":"ImageObject","inLanguage":"fi","@id":"https:\/\/cbdshop.ee\/#\/schema\/logo\/image\/","url":"","contentUrl":"","caption":"Nordic Synergy O\u00dc"},"image":{"@id":"https:\/\/cbdshop.ee\/#\/schema\/logo\/image\/"},"sameAs":["https:\/\/m.facebook.com\/cbdshop.ee\/","https:\/\/www.instagram.com\/cbdshop.ee\/"]}]}},"_links":{"self":[{"href":"https:\/\/cbdshop.ee\/fi\/wp-json\/wp\/v2\/product\/24394"}],"collection":[{"href":"https:\/\/cbdshop.ee\/fi\/wp-json\/wp\/v2\/product"}],"about":[{"href":"https:\/\/cbdshop.ee\/fi\/wp-json\/wp\/v2\/types\/product"}],"replies":[{"embeddable":true,"href":"https:\/\/cbdshop.ee\/fi\/wp-json\/wp\/v2\/comments?post=24394"}],"wp:featuredmedia":[{"embeddable":true,"href":"https:\/\/cbdshop.ee\/fi\/wp-json\/wp\/v2\/media\/25059"}],"wp:attachment":[{"href":"https:\/\/cbdshop.ee\/fi\/wp-json\/wp\/v2\/media?parent=24394"}],"wp:term":[{"taxonomy":"product_cat","embeddable":true,"href":"https:\/\/cbdshop.ee\/fi\/wp-json\/wp\/v2\/product_cat?post=24394"},{"taxonomy":"product_tag","embeddable":true,"href":"https:\/\/cbdshop.ee\/fi\/wp-json\/wp\/v2\/product_tag?post=24394"}],"curies":[{"name":"wp","href":"https:\/\/api.w.org\/{rel}","templated":true}]}}