{"id":24459,"date":"2020-06-16T14:44:28","date_gmt":"2020-06-16T11:44:28","guid":{"rendered":"https:\/\/cbdshop.ee\/?post_type=product&#038;p=24459"},"modified":"2025-11-12T15:06:59","modified_gmt":"2025-11-12T13:06:59","slug":"puhdas-cbd-kristalli-500-mg","status":"publish","type":"product","link":"https:\/\/cbdshop.ee\/fi\/toode\/puhdas-cbd-kristalli-500-mg\/","title":{"rendered":"CBD KRISTALLI 500 MG"},"content":{"rendered":"","protected":false},"excerpt":{"rendered":"<ul>\n<li>CBD Isolate Kristalli 0.5 g &gt; 99.6%<\/li>\n<li>500 mg CBD<\/li>\n<li>Made in Switzerland.<\/li>\n<li>THC vapaa<\/li>\n<\/ul>\n<p><strong>Kielletty alle 18-vuotiailta.<\/strong><\/p>\n","protected":false},"featured_media":24420,"comment_status":"open","ping_status":"closed","template":"","meta":[],"product_cat":[465,480],"product_tag":[],"yoast_head":"<!-- This site is optimized with the Yoast SEO plugin v20.8 - https:\/\/yoast.com\/wordpress\/plugins\/seo\/ -->\n<title>CBD KRISTALLI 500 MG - CBDshop.ee<\/title>\n<meta name=\"description\" content=\"CBD KRISTALLI 500 MG \u2013 telli kvaliteetne CBD toode parima hinnaga. Tasuta tarne Eestis, diskreetne pakend. Osta mugavalt CBDshopi e-poest \u2013 kiire ja turvaline!\" \/>\n<meta name=\"robots\" content=\"index, follow, max-snippet:-1, max-image-preview:large, max-video-preview:-1\" \/>\n<link rel=\"canonical\" href=\"https:\/\/www.cbdshop.ee\/fi\/toode\/puhdas-cbd-kristalli-500-mg\/\" \/>\n<meta property=\"og:locale\" content=\"fi_FI\" \/>\n<meta property=\"og:type\" content=\"article\" \/>\n<meta property=\"og:title\" content=\"CBD KRISTALLI 500 MG - CBDshop.ee\" \/>\n<meta property=\"og:description\" content=\"CBD KRISTALLI 500 MG \u2013 telli kvaliteetne CBD toode parima hinnaga. Tasuta tarne Eestis, diskreetne pakend. Osta mugavalt CBDshopi e-poest \u2013 kiire ja turvaline!\" \/>\n<meta property=\"og:url\" content=\"https:\/\/www.cbdshop.ee\/fi\/toode\/puhdas-cbd-kristalli-500-mg\/\" \/>\n<meta property=\"og:site_name\" content=\"CBDshop.ee\" \/>\n<meta property=\"article:publisher\" content=\"https:\/\/m.facebook.com\/cbdshop.ee\/\" \/>\n<meta property=\"article:modified_time\" content=\"2025-11-12T13:06:59+00:00\" \/>\n<meta property=\"og:image\" content=\"https:\/\/cbdshop.ee\/wp-content\/uploads\/2020\/06\/dh4-652-Pure-CBD-Crystal-500-mg.png\" \/>\n\t<meta property=\"og:image:width\" content=\"1006\" \/>\n\t<meta property=\"og:image:height\" content=\"2048\" \/>\n\t<meta property=\"og:image:type\" content=\"image\/png\" \/>\n<meta name=\"twitter:card\" content=\"summary_large_image\" \/>\n<script type=\"application\/ld+json\" class=\"yoast-schema-graph\">{\"@context\":\"https:\/\/schema.org\",\"@graph\":[{\"@type\":\"WebPage\",\"@id\":\"https:\/\/www.cbdshop.ee\/fi\/toode\/puhdas-cbd-kristalli-500-mg\/\",\"url\":\"https:\/\/www.cbdshop.ee\/fi\/toode\/puhdas-cbd-kristalli-500-mg\/\",\"name\":\"CBD KRISTALLI 500 MG - CBDshop.ee\",\"isPartOf\":{\"@id\":\"https:\/\/cbdshop.ee\/#website\"},\"datePublished\":\"2020-06-16T11:44:28+00:00\",\"dateModified\":\"2025-11-12T13:06:59+00:00\",\"description\":\"CBD KRISTALLI 500 MG \u2013 telli kvaliteetne CBD toode parima hinnaga. Tasuta tarne Eestis, diskreetne pakend. Osta mugavalt CBDshopi e-poest \u2013 kiire ja turvaline!\",\"breadcrumb\":{\"@id\":\"https:\/\/www.cbdshop.ee\/fi\/toode\/puhdas-cbd-kristalli-500-mg\/#breadcrumb\"},\"inLanguage\":\"fi\",\"potentialAction\":[{\"@type\":\"ReadAction\",\"target\":[\"https:\/\/www.cbdshop.ee\/fi\/toode\/puhdas-cbd-kristalli-500-mg\/\"]}]},{\"@type\":\"BreadcrumbList\",\"@id\":\"https:\/\/www.cbdshop.ee\/fi\/toode\/puhdas-cbd-kristalli-500-mg\/#breadcrumb\",\"itemListElement\":[{\"@type\":\"ListItem\",\"position\":1,\"name\":\"Home\",\"item\":\"https:\/\/cbdshop.ee\/fi\/\"},{\"@type\":\"ListItem\",\"position\":2,\"name\":\"Tuotteet\",\"item\":\"https:\/\/www.cbdshop.ee\/fi\/tooted\/\"},{\"@type\":\"ListItem\",\"position\":3,\"name\":\"CBD KRISTALLI 500 MG\"}]},{\"@type\":\"WebSite\",\"@id\":\"https:\/\/cbdshop.ee\/#website\",\"url\":\"https:\/\/cbdshop.ee\/\",\"name\":\"CBDshop.ee\",\"description\":\"\u00d5itsed, \u00f5ietolm, CBD \u00f5li, CBD kanep, e-vedelikud\",\"publisher\":{\"@id\":\"https:\/\/cbdshop.ee\/#organization\"},\"potentialAction\":[{\"@type\":\"SearchAction\",\"target\":{\"@type\":\"EntryPoint\",\"urlTemplate\":\"https:\/\/cbdshop.ee\/?s={search_term_string}\"},\"query-input\":\"required name=search_term_string\"}],\"inLanguage\":\"fi\"},{\"@type\":\"Organization\",\"@id\":\"https:\/\/cbdshop.ee\/#organization\",\"name\":\"Nordic Synergy O\u00dc\",\"url\":\"https:\/\/cbdshop.ee\/\",\"logo\":{\"@type\":\"ImageObject\",\"inLanguage\":\"fi\",\"@id\":\"https:\/\/cbdshop.ee\/#\/schema\/logo\/image\/\",\"url\":\"\",\"contentUrl\":\"\",\"caption\":\"Nordic Synergy O\u00dc\"},\"image\":{\"@id\":\"https:\/\/cbdshop.ee\/#\/schema\/logo\/image\/\"},\"sameAs\":[\"https:\/\/m.facebook.com\/cbdshop.ee\/\",\"https:\/\/www.instagram.com\/cbdshop.ee\/\"]}]}<\/script>\n<!-- \/ Yoast SEO plugin. -->","yoast_head_json":{"title":"CBD KRISTALLI 500 MG - CBDshop.ee","description":"CBD KRISTALLI 500 MG \u2013 telli kvaliteetne CBD toode parima hinnaga. Tasuta tarne Eestis, diskreetne pakend. Osta mugavalt CBDshopi e-poest \u2013 kiire ja turvaline!","robots":{"index":"index","follow":"follow","max-snippet":"max-snippet:-1","max-image-preview":"max-image-preview:large","max-video-preview":"max-video-preview:-1"},"canonical":"https:\/\/www.cbdshop.ee\/fi\/toode\/puhdas-cbd-kristalli-500-mg\/","og_locale":"fi_FI","og_type":"article","og_title":"CBD KRISTALLI 500 MG - CBDshop.ee","og_description":"CBD KRISTALLI 500 MG \u2013 telli kvaliteetne CBD toode parima hinnaga. Tasuta tarne Eestis, diskreetne pakend. Osta mugavalt CBDshopi e-poest \u2013 kiire ja turvaline!","og_url":"https:\/\/www.cbdshop.ee\/fi\/toode\/puhdas-cbd-kristalli-500-mg\/","og_site_name":"CBDshop.ee","article_publisher":"https:\/\/m.facebook.com\/cbdshop.ee\/","article_modified_time":"2025-11-12T13:06:59+00:00","og_image":[{"width":1006,"height":2048,"url":"https:\/\/cbdshop.ee\/wp-content\/uploads\/2020\/06\/dh4-652-Pure-CBD-Crystal-500-mg.png","type":"image\/png"}],"twitter_card":"summary_large_image","schema":{"@context":"https:\/\/schema.org","@graph":[{"@type":"WebPage","@id":"https:\/\/www.cbdshop.ee\/fi\/toode\/puhdas-cbd-kristalli-500-mg\/","url":"https:\/\/www.cbdshop.ee\/fi\/toode\/puhdas-cbd-kristalli-500-mg\/","name":"CBD KRISTALLI 500 MG - CBDshop.ee","isPartOf":{"@id":"https:\/\/cbdshop.ee\/#website"},"datePublished":"2020-06-16T11:44:28+00:00","dateModified":"2025-11-12T13:06:59+00:00","description":"CBD KRISTALLI 500 MG \u2013 telli kvaliteetne CBD toode parima hinnaga. Tasuta tarne Eestis, diskreetne pakend. Osta mugavalt CBDshopi e-poest \u2013 kiire ja turvaline!","breadcrumb":{"@id":"https:\/\/www.cbdshop.ee\/fi\/toode\/puhdas-cbd-kristalli-500-mg\/#breadcrumb"},"inLanguage":"fi","potentialAction":[{"@type":"ReadAction","target":["https:\/\/www.cbdshop.ee\/fi\/toode\/puhdas-cbd-kristalli-500-mg\/"]}]},{"@type":"BreadcrumbList","@id":"https:\/\/www.cbdshop.ee\/fi\/toode\/puhdas-cbd-kristalli-500-mg\/#breadcrumb","itemListElement":[{"@type":"ListItem","position":1,"name":"Home","item":"https:\/\/cbdshop.ee\/fi\/"},{"@type":"ListItem","position":2,"name":"Tuotteet","item":"https:\/\/www.cbdshop.ee\/fi\/tooted\/"},{"@type":"ListItem","position":3,"name":"CBD KRISTALLI 500 MG"}]},{"@type":"WebSite","@id":"https:\/\/cbdshop.ee\/#website","url":"https:\/\/cbdshop.ee\/","name":"CBDshop.ee","description":"\u00d5itsed, \u00f5ietolm, CBD \u00f5li, CBD kanep, e-vedelikud","publisher":{"@id":"https:\/\/cbdshop.ee\/#organization"},"potentialAction":[{"@type":"SearchAction","target":{"@type":"EntryPoint","urlTemplate":"https:\/\/cbdshop.ee\/?s={search_term_string}"},"query-input":"required name=search_term_string"}],"inLanguage":"fi"},{"@type":"Organization","@id":"https:\/\/cbdshop.ee\/#organization","name":"Nordic Synergy O\u00dc","url":"https:\/\/cbdshop.ee\/","logo":{"@type":"ImageObject","inLanguage":"fi","@id":"https:\/\/cbdshop.ee\/#\/schema\/logo\/image\/","url":"","contentUrl":"","caption":"Nordic Synergy O\u00dc"},"image":{"@id":"https:\/\/cbdshop.ee\/#\/schema\/logo\/image\/"},"sameAs":["https:\/\/m.facebook.com\/cbdshop.ee\/","https:\/\/www.instagram.com\/cbdshop.ee\/"]}]}},"_links":{"self":[{"href":"https:\/\/cbdshop.ee\/fi\/wp-json\/wp\/v2\/product\/24459"}],"collection":[{"href":"https:\/\/cbdshop.ee\/fi\/wp-json\/wp\/v2\/product"}],"about":[{"href":"https:\/\/cbdshop.ee\/fi\/wp-json\/wp\/v2\/types\/product"}],"replies":[{"embeddable":true,"href":"https:\/\/cbdshop.ee\/fi\/wp-json\/wp\/v2\/comments?post=24459"}],"wp:featuredmedia":[{"embeddable":true,"href":"https:\/\/cbdshop.ee\/fi\/wp-json\/wp\/v2\/media\/24420"}],"wp:attachment":[{"href":"https:\/\/cbdshop.ee\/fi\/wp-json\/wp\/v2\/media?parent=24459"}],"wp:term":[{"taxonomy":"product_cat","embeddable":true,"href":"https:\/\/cbdshop.ee\/fi\/wp-json\/wp\/v2\/product_cat?post=24459"},{"taxonomy":"product_tag","embeddable":true,"href":"https:\/\/cbdshop.ee\/fi\/wp-json\/wp\/v2\/product_tag?post=24459"}],"curies":[{"name":"wp","href":"https:\/\/api.w.org\/{rel}","templated":true}]}}