{"id":26068,"date":"2021-07-29T13:07:41","date_gmt":"2021-07-29T10:07:41","guid":{"rendered":"https:\/\/cbdshop.ee\/?post_type=product&#038;p=26068"},"modified":"2022-09-08T11:59:52","modified_gmt":"2022-09-08T08:59:52","slug":"cbd-snus-mustikka","status":"publish","type":"product","link":"https:\/\/cbdshop.ee\/fi\/toode\/cbd-snus-mustikka\/","title":{"rendered":"CBD SNUS MUSTIKKA"},"content":{"rendered":"","protected":false},"excerpt":{"rendered":"<p id=\"E1806\" class=\"x-scope qowt-word-para-0\"><span id=\"E1807\">Nauti huoletta CBD-nuuskasta<\/span><span id=\"E1808\">. Siin\u00e4 ei ole lainkaan <\/span><span id=\"E1809\">nikotiinia<\/span><span id=\"E1810\">, tupakkaa<\/span><span id=\"E1811\"> tai muita terveydelle <\/span><span id=\"E1812\">tai limakalvoille <\/span><span id=\"E1813\">haitallisia aineita. <\/span><span id=\"E1814\">Koska n<\/span><span id=\"E1815\">uuskassa ei my\u00f6sk\u00e4\u00e4n ole THC:t\u00e4, se ei p\u00e4ihdyt\u00e4. <\/span><span id=\"E1816\">Suosittelemme kokeilemaan <\/span><span id=\"E1817\">CBD-nuuska<\/span><span id=\"E1818\">a, kun haluat v\u00e4hent\u00e4\u00e4 tupakointia tai lopettaa sen kokonaan<\/span><span id=\"E1819\">. Moni on todennut sen tehokkaaksi keinoksi.<\/span><\/p>\n<ul>\n<li id=\"E1821\" class=\"qowt-li-8_0 qowt-list qowt-stl-Luettelokappale x-scope qowt-word-para-0\"><span id=\"E1822\">Maku <\/span><span id=\"E1823\">mustikka<\/span><\/li>\n<li id=\"E1824\" class=\"qowt-li-3_0 qowt-list qowt-stl-Luettelokappale x-scope qowt-word-para-0\"><span id=\"E1825\">THC-vapaa<\/span><\/li>\n<li id=\"E1826\" class=\"qowt-li-3_0 qowt-list qowt-stl-Luettelokappale x-scope qowt-word-para-0\"><span id=\"E1827\">Ei tupakkaa eik\u00e4 nikotiinia<\/span><\/li>\n<li id=\"E1828\" class=\"qowt-li-3_0 qowt-list qowt-stl-Luettelokappale x-scope qowt-word-para-0\"><span id=\"E1829\">Pakkaus sis\u00e4lt\u00e4\u00e4 15 ohutta tyyny\u00e4<\/span><\/li>\n<li id=\"E1830\" class=\"qowt-li-3_0 qowt-list qowt-stl-Luettelokappale x-scope qowt-word-para-0\"><span id=\"E1831\">8mg CBD\/ 17mg CBG tyyny<\/span><\/li>\n<li id=\"E1832\" class=\"qowt-li-3_0 qowt-list qowt-stl-Luettelokappale x-scope qowt-word-para-0\"><span id=\"E1833\">Nopea ja tehokas tapa lopettaa tupakointi<\/span><\/li>\n<\/ul>\n","protected":false},"featured_media":26382,"comment_status":"open","ping_status":"closed","template":"","meta":[],"product_cat":[485],"product_tag":[],"yoast_head":"<!-- This site is optimized with the Yoast SEO plugin v20.8 - https:\/\/yoast.com\/wordpress\/plugins\/seo\/ -->\n<title>CBD SNUS MUSTIKKA - CBDshop.ee<\/title>\n<meta name=\"description\" content=\"CBD SNUS MUSTIKKA \u2013 telli kvaliteetne CBD toode parima hinnaga. Tasuta tarne Eestis, diskreetne pakend. Osta mugavalt CBDshopi e-poest \u2013 kiire ja turvaline!\" \/>\n<meta name=\"robots\" content=\"index, follow, max-snippet:-1, max-image-preview:large, max-video-preview:-1\" \/>\n<link rel=\"canonical\" href=\"https:\/\/cbdshop.ee\/fi\/toode\/cbd-snus-mustikka\/\" \/>\n<meta property=\"og:locale\" content=\"fi_FI\" \/>\n<meta property=\"og:type\" content=\"article\" \/>\n<meta property=\"og:title\" content=\"CBD SNUS MUSTIKKA - CBDshop.ee\" \/>\n<meta property=\"og:description\" content=\"CBD SNUS MUSTIKKA \u2013 telli kvaliteetne CBD toode parima hinnaga. Tasuta tarne Eestis, diskreetne pakend. Osta mugavalt CBDshopi e-poest \u2013 kiire ja turvaline!\" \/>\n<meta property=\"og:url\" content=\"https:\/\/cbdshop.ee\/fi\/toode\/cbd-snus-mustikka\/\" \/>\n<meta property=\"og:site_name\" content=\"CBDshop.ee\" \/>\n<meta property=\"article:publisher\" content=\"https:\/\/m.facebook.com\/cbdshop.ee\/\" \/>\n<meta property=\"article:modified_time\" content=\"2022-09-08T08:59:52+00:00\" \/>\n<meta property=\"og:image\" content=\"https:\/\/cbdshop.ee\/wp-content\/uploads\/2021\/07\/dissident-blueberry-cbg-17-mg-cbd-8-mg.jpg\" \/>\n\t<meta property=\"og:image:width\" content=\"660\" \/>\n\t<meta property=\"og:image:height\" content=\"660\" \/>\n\t<meta property=\"og:image:type\" content=\"image\/jpeg\" \/>\n<meta name=\"twitter:card\" content=\"summary_large_image\" \/>\n<script type=\"application\/ld+json\" class=\"yoast-schema-graph\">{\"@context\":\"https:\/\/schema.org\",\"@graph\":[{\"@type\":\"WebPage\",\"@id\":\"https:\/\/cbdshop.ee\/fi\/toode\/cbd-snus-mustikka\/\",\"url\":\"https:\/\/cbdshop.ee\/fi\/toode\/cbd-snus-mustikka\/\",\"name\":\"CBD SNUS MUSTIKKA - CBDshop.ee\",\"isPartOf\":{\"@id\":\"https:\/\/cbdshop.ee\/#website\"},\"datePublished\":\"2021-07-29T10:07:41+00:00\",\"dateModified\":\"2022-09-08T08:59:52+00:00\",\"description\":\"CBD SNUS MUSTIKKA \u2013 telli kvaliteetne CBD toode parima hinnaga. Tasuta tarne Eestis, diskreetne pakend. Osta mugavalt CBDshopi e-poest \u2013 kiire ja turvaline!\",\"breadcrumb\":{\"@id\":\"https:\/\/cbdshop.ee\/fi\/toode\/cbd-snus-mustikka\/#breadcrumb\"},\"inLanguage\":\"fi\",\"potentialAction\":[{\"@type\":\"ReadAction\",\"target\":[\"https:\/\/cbdshop.ee\/fi\/toode\/cbd-snus-mustikka\/\"]}]},{\"@type\":\"BreadcrumbList\",\"@id\":\"https:\/\/cbdshop.ee\/fi\/toode\/cbd-snus-mustikka\/#breadcrumb\",\"itemListElement\":[{\"@type\":\"ListItem\",\"position\":1,\"name\":\"Home\",\"item\":\"https:\/\/cbdshop.ee\/fi\/\"},{\"@type\":\"ListItem\",\"position\":2,\"name\":\"Tuotteet\",\"item\":\"https:\/\/cbdshop.ee\/fi\/tooted\/\"},{\"@type\":\"ListItem\",\"position\":3,\"name\":\"CBD SNUS MUSTIKKA\"}]},{\"@type\":\"WebSite\",\"@id\":\"https:\/\/cbdshop.ee\/#website\",\"url\":\"https:\/\/cbdshop.ee\/\",\"name\":\"CBDshop.ee\",\"description\":\"\u00d5itsed, \u00f5ietolm, CBD \u00f5li, CBD kanep, e-vedelikud\",\"publisher\":{\"@id\":\"https:\/\/cbdshop.ee\/#organization\"},\"potentialAction\":[{\"@type\":\"SearchAction\",\"target\":{\"@type\":\"EntryPoint\",\"urlTemplate\":\"https:\/\/cbdshop.ee\/?s={search_term_string}\"},\"query-input\":\"required name=search_term_string\"}],\"inLanguage\":\"fi\"},{\"@type\":\"Organization\",\"@id\":\"https:\/\/cbdshop.ee\/#organization\",\"name\":\"Nordic Synergy O\u00dc\",\"url\":\"https:\/\/cbdshop.ee\/\",\"logo\":{\"@type\":\"ImageObject\",\"inLanguage\":\"fi\",\"@id\":\"https:\/\/cbdshop.ee\/#\/schema\/logo\/image\/\",\"url\":\"\",\"contentUrl\":\"\",\"caption\":\"Nordic Synergy O\u00dc\"},\"image\":{\"@id\":\"https:\/\/cbdshop.ee\/#\/schema\/logo\/image\/\"},\"sameAs\":[\"https:\/\/m.facebook.com\/cbdshop.ee\/\",\"https:\/\/www.instagram.com\/cbdshop.ee\/\"]}]}<\/script>\n<!-- \/ Yoast SEO plugin. -->","yoast_head_json":{"title":"CBD SNUS MUSTIKKA - CBDshop.ee","description":"CBD SNUS MUSTIKKA \u2013 telli kvaliteetne CBD toode parima hinnaga. Tasuta tarne Eestis, diskreetne pakend. Osta mugavalt CBDshopi e-poest \u2013 kiire ja turvaline!","robots":{"index":"index","follow":"follow","max-snippet":"max-snippet:-1","max-image-preview":"max-image-preview:large","max-video-preview":"max-video-preview:-1"},"canonical":"https:\/\/cbdshop.ee\/fi\/toode\/cbd-snus-mustikka\/","og_locale":"fi_FI","og_type":"article","og_title":"CBD SNUS MUSTIKKA - CBDshop.ee","og_description":"CBD SNUS MUSTIKKA \u2013 telli kvaliteetne CBD toode parima hinnaga. Tasuta tarne Eestis, diskreetne pakend. Osta mugavalt CBDshopi e-poest \u2013 kiire ja turvaline!","og_url":"https:\/\/cbdshop.ee\/fi\/toode\/cbd-snus-mustikka\/","og_site_name":"CBDshop.ee","article_publisher":"https:\/\/m.facebook.com\/cbdshop.ee\/","article_modified_time":"2022-09-08T08:59:52+00:00","og_image":[{"width":660,"height":660,"url":"https:\/\/cbdshop.ee\/wp-content\/uploads\/2021\/07\/dissident-blueberry-cbg-17-mg-cbd-8-mg.jpg","type":"image\/jpeg"}],"twitter_card":"summary_large_image","schema":{"@context":"https:\/\/schema.org","@graph":[{"@type":"WebPage","@id":"https:\/\/cbdshop.ee\/fi\/toode\/cbd-snus-mustikka\/","url":"https:\/\/cbdshop.ee\/fi\/toode\/cbd-snus-mustikka\/","name":"CBD SNUS MUSTIKKA - CBDshop.ee","isPartOf":{"@id":"https:\/\/cbdshop.ee\/#website"},"datePublished":"2021-07-29T10:07:41+00:00","dateModified":"2022-09-08T08:59:52+00:00","description":"CBD SNUS MUSTIKKA \u2013 telli kvaliteetne CBD toode parima hinnaga. Tasuta tarne Eestis, diskreetne pakend. Osta mugavalt CBDshopi e-poest \u2013 kiire ja turvaline!","breadcrumb":{"@id":"https:\/\/cbdshop.ee\/fi\/toode\/cbd-snus-mustikka\/#breadcrumb"},"inLanguage":"fi","potentialAction":[{"@type":"ReadAction","target":["https:\/\/cbdshop.ee\/fi\/toode\/cbd-snus-mustikka\/"]}]},{"@type":"BreadcrumbList","@id":"https:\/\/cbdshop.ee\/fi\/toode\/cbd-snus-mustikka\/#breadcrumb","itemListElement":[{"@type":"ListItem","position":1,"name":"Home","item":"https:\/\/cbdshop.ee\/fi\/"},{"@type":"ListItem","position":2,"name":"Tuotteet","item":"https:\/\/cbdshop.ee\/fi\/tooted\/"},{"@type":"ListItem","position":3,"name":"CBD SNUS MUSTIKKA"}]},{"@type":"WebSite","@id":"https:\/\/cbdshop.ee\/#website","url":"https:\/\/cbdshop.ee\/","name":"CBDshop.ee","description":"\u00d5itsed, \u00f5ietolm, CBD \u00f5li, CBD kanep, e-vedelikud","publisher":{"@id":"https:\/\/cbdshop.ee\/#organization"},"potentialAction":[{"@type":"SearchAction","target":{"@type":"EntryPoint","urlTemplate":"https:\/\/cbdshop.ee\/?s={search_term_string}"},"query-input":"required name=search_term_string"}],"inLanguage":"fi"},{"@type":"Organization","@id":"https:\/\/cbdshop.ee\/#organization","name":"Nordic Synergy O\u00dc","url":"https:\/\/cbdshop.ee\/","logo":{"@type":"ImageObject","inLanguage":"fi","@id":"https:\/\/cbdshop.ee\/#\/schema\/logo\/image\/","url":"","contentUrl":"","caption":"Nordic Synergy O\u00dc"},"image":{"@id":"https:\/\/cbdshop.ee\/#\/schema\/logo\/image\/"},"sameAs":["https:\/\/m.facebook.com\/cbdshop.ee\/","https:\/\/www.instagram.com\/cbdshop.ee\/"]}]}},"_links":{"self":[{"href":"https:\/\/cbdshop.ee\/fi\/wp-json\/wp\/v2\/product\/26068"}],"collection":[{"href":"https:\/\/cbdshop.ee\/fi\/wp-json\/wp\/v2\/product"}],"about":[{"href":"https:\/\/cbdshop.ee\/fi\/wp-json\/wp\/v2\/types\/product"}],"replies":[{"embeddable":true,"href":"https:\/\/cbdshop.ee\/fi\/wp-json\/wp\/v2\/comments?post=26068"}],"wp:featuredmedia":[{"embeddable":true,"href":"https:\/\/cbdshop.ee\/fi\/wp-json\/wp\/v2\/media\/26382"}],"wp:attachment":[{"href":"https:\/\/cbdshop.ee\/fi\/wp-json\/wp\/v2\/media?parent=26068"}],"wp:term":[{"taxonomy":"product_cat","embeddable":true,"href":"https:\/\/cbdshop.ee\/fi\/wp-json\/wp\/v2\/product_cat?post=26068"},{"taxonomy":"product_tag","embeddable":true,"href":"https:\/\/cbdshop.ee\/fi\/wp-json\/wp\/v2\/product_tag?post=26068"}],"curies":[{"name":"wp","href":"https:\/\/api.w.org\/{rel}","templated":true}]}}