{"id":26984,"date":"2021-12-19T15:31:16","date_gmt":"2021-12-19T13:31:16","guid":{"rendered":"https:\/\/cbdshop.ee\/?post_type=product&#038;p=26984"},"modified":"2025-12-04T13:48:57","modified_gmt":"2025-12-04T11:48:57","slug":"cannaline-cbd-tee-muisti-tarkoitus","status":"publish","type":"product","link":"https:\/\/cbdshop.ee\/fi\/toode\/cannaline-cbd-tee-muisti-tarkoitus\/","title":{"rendered":"cannaline CBD Tee MUISTI &#038; TARKOITUS"},"content":{"rendered":"<p>Nettopaino: 30 g<br \/>\nAinesosat: Vervainlehdet 25%, vihre\u00e4 tee 24%, ginkgon lehdet 15%, rosmariinin lehdet 10%, kanervan lehdet 10%, oreganon lehdet 10%, hampunsiemen 10%, hampunlehti 1%. Vegaaninen, Ei keinotekoisia v\u00e4riaineita, Ei keinotekoisia makuaineita.<br \/>\nSuositeltu annostus: 2 kupillista p\u00e4iv\u00e4ss\u00e4 aterioiden v\u00e4lill\u00e4.<br \/>\nVarastointi: S\u00e4ilyt\u00e4 kuivassa paikassa enint\u00e4\u00e4n 25\u00b0C l\u00e4mp\u00f6tilassa.<\/p>\n","protected":false},"excerpt":{"rendered":"<div class=\"product-short-description\">\n<h3>Parantaa muistia | Tukee aivojen terveytt\u00e4 | Edist\u00e4\u00e4 verenkiertoa aivoissa<\/h3>\n<p>Ginkgo vaikuttaa positiivisesti verenkierron mikroverenkiertoon, tukee kognitiivista toimintaa ja normaalia aivotoimintaa. Vihre\u00e4 tee parantaa kognitiivista ja mielenterveytt\u00e4 sek\u00e4 keskittymiskyky\u00e4. Vervain, rosmariini, vihre\u00e4 tee ja ginkgo toimivat antioksidantteina. Kannerva tukee normaalia virtsateiden toimintaa. Oregano edist\u00e4\u00e4 ruoansulatusta ja edist\u00e4\u00e4 sappirakon ja maksan normaalia toimintaa. Hampulla on rentouttava vaikutus.<\/p>\n<h3>Ohjeet:<\/h3>\n<p>Aseta teepussi suosikkikuppiisi (n. 250 ml)<br \/>\nKaada kiehuvaa vett\u00e4 (100 \u00b0C) teepussin p\u00e4\u00e4lle.<br \/>\nHauduta reilut 15 minuuttia. \u00c4l\u00e4 kiirehdi saadaksesi kaikki kasviper\u00e4iset hy\u00f6dyt.<br \/>\nOta teepussi pois, rentoudu ja nauti!<\/p>\n<p><strong>Paras aika juoda CBD-teet\u00e4<\/strong><\/p>\n<p>Kannaliini CBD Tea MEMORY &amp; FOCUS voidaan nauttia aamulla, p\u00e4iv\u00e4ll\u00e4 sek\u00e4 ennen nukkumaanmenoa.<\/p>\n<\/div>\n<div class=\"product_meta\"><\/div>\n","protected":false},"featured_media":28026,"comment_status":"open","ping_status":"closed","template":"","meta":[],"product_cat":[489],"product_tag":[],"yoast_head":"<!-- This site is optimized with the Yoast SEO plugin v20.8 - https:\/\/yoast.com\/wordpress\/plugins\/seo\/ -->\n<title>cannaline CBD Tee MUISTI &amp; TARKOITUS - CBDshop.ee<\/title>\n<meta name=\"description\" content=\"cannaline CBD Tee MUISTI &amp; TARKOITUS \u2013 telli kvaliteetne CBD toode parima hinnaga. Tasuta tarne Eestis, diskreetne pakend. Osta mugavalt CBDshopi e-poest \u2013 kiire ja turvaline!\" \/>\n<meta name=\"robots\" content=\"index, follow, max-snippet:-1, max-image-preview:large, max-video-preview:-1\" \/>\n<link rel=\"canonical\" href=\"https:\/\/cbdshop.ee\/fi\/toode\/cannaline-cbd-tee-muisti-tarkoitus\/\" \/>\n<meta property=\"og:locale\" content=\"fi_FI\" \/>\n<meta property=\"og:type\" content=\"article\" \/>\n<meta property=\"og:title\" content=\"cannaline CBD Tee MUISTI &amp; TARKOITUS - CBDshop.ee\" \/>\n<meta property=\"og:description\" content=\"cannaline CBD Tee MUISTI &amp; TARKOITUS \u2013 telli kvaliteetne CBD toode parima hinnaga. Tasuta tarne Eestis, diskreetne pakend. Osta mugavalt CBDshopi e-poest \u2013 kiire ja turvaline!\" \/>\n<meta property=\"og:url\" content=\"https:\/\/cbdshop.ee\/fi\/toode\/cannaline-cbd-tee-muisti-tarkoitus\/\" \/>\n<meta property=\"og:site_name\" content=\"CBDshop.ee\" \/>\n<meta property=\"article:publisher\" content=\"https:\/\/m.facebook.com\/cbdshop.ee\/\" \/>\n<meta property=\"article:modified_time\" content=\"2025-12-04T11:48:57+00:00\" \/>\n<meta property=\"og:image\" content=\"https:\/\/cbdshop.ee\/wp-content\/uploads\/2021\/12\/679F0C60-462A-4524-86FE-08A7E37609B9.jpeg\" \/>\n\t<meta property=\"og:image:width\" content=\"1000\" \/>\n\t<meta property=\"og:image:height\" content=\"1000\" \/>\n\t<meta property=\"og:image:type\" content=\"image\/jpeg\" \/>\n<meta name=\"twitter:card\" content=\"summary_large_image\" \/>\n<meta name=\"twitter:label1\" content=\"Arvioitu lukuaika\" \/>\n\t<meta name=\"twitter:data1\" content=\"1 minuutti\" \/>\n<script type=\"application\/ld+json\" class=\"yoast-schema-graph\">{\"@context\":\"https:\/\/schema.org\",\"@graph\":[{\"@type\":\"WebPage\",\"@id\":\"https:\/\/cbdshop.ee\/fi\/toode\/cannaline-cbd-tee-muisti-tarkoitus\/\",\"url\":\"https:\/\/cbdshop.ee\/fi\/toode\/cannaline-cbd-tee-muisti-tarkoitus\/\",\"name\":\"cannaline CBD Tee MUISTI & TARKOITUS - CBDshop.ee\",\"isPartOf\":{\"@id\":\"https:\/\/cbdshop.ee\/#website\"},\"datePublished\":\"2021-12-19T13:31:16+00:00\",\"dateModified\":\"2025-12-04T11:48:57+00:00\",\"description\":\"cannaline CBD Tee MUISTI & TARKOITUS \u2013 telli kvaliteetne CBD toode parima hinnaga. Tasuta tarne Eestis, diskreetne pakend. Osta mugavalt CBDshopi e-poest \u2013 kiire ja turvaline!\",\"breadcrumb\":{\"@id\":\"https:\/\/cbdshop.ee\/fi\/toode\/cannaline-cbd-tee-muisti-tarkoitus\/#breadcrumb\"},\"inLanguage\":\"fi\",\"potentialAction\":[{\"@type\":\"ReadAction\",\"target\":[\"https:\/\/cbdshop.ee\/fi\/toode\/cannaline-cbd-tee-muisti-tarkoitus\/\"]}]},{\"@type\":\"BreadcrumbList\",\"@id\":\"https:\/\/cbdshop.ee\/fi\/toode\/cannaline-cbd-tee-muisti-tarkoitus\/#breadcrumb\",\"itemListElement\":[{\"@type\":\"ListItem\",\"position\":1,\"name\":\"Home\",\"item\":\"https:\/\/cbdshop.ee\/fi\/\"},{\"@type\":\"ListItem\",\"position\":2,\"name\":\"Tuotteet\",\"item\":\"https:\/\/www.cbdshop.ee\/fi\/tooted\/\"},{\"@type\":\"ListItem\",\"position\":3,\"name\":\"cannaline CBD Tee MUISTI &#038; TARKOITUS\"}]},{\"@type\":\"WebSite\",\"@id\":\"https:\/\/cbdshop.ee\/#website\",\"url\":\"https:\/\/cbdshop.ee\/\",\"name\":\"CBDshop.ee\",\"description\":\"\u00d5itsed, \u00f5ietolm, CBD \u00f5li, CBD kanep, e-vedelikud\",\"publisher\":{\"@id\":\"https:\/\/cbdshop.ee\/#organization\"},\"potentialAction\":[{\"@type\":\"SearchAction\",\"target\":{\"@type\":\"EntryPoint\",\"urlTemplate\":\"https:\/\/cbdshop.ee\/?s={search_term_string}\"},\"query-input\":\"required name=search_term_string\"}],\"inLanguage\":\"fi\"},{\"@type\":\"Organization\",\"@id\":\"https:\/\/cbdshop.ee\/#organization\",\"name\":\"Nordic Synergy O\u00dc\",\"url\":\"https:\/\/cbdshop.ee\/\",\"logo\":{\"@type\":\"ImageObject\",\"inLanguage\":\"fi\",\"@id\":\"https:\/\/cbdshop.ee\/#\/schema\/logo\/image\/\",\"url\":\"\",\"contentUrl\":\"\",\"caption\":\"Nordic Synergy O\u00dc\"},\"image\":{\"@id\":\"https:\/\/cbdshop.ee\/#\/schema\/logo\/image\/\"},\"sameAs\":[\"https:\/\/m.facebook.com\/cbdshop.ee\/\",\"https:\/\/www.instagram.com\/cbdshop.ee\/\"]}]}<\/script>\n<!-- \/ Yoast SEO plugin. -->","yoast_head_json":{"title":"cannaline CBD Tee MUISTI & TARKOITUS - CBDshop.ee","description":"cannaline CBD Tee MUISTI & TARKOITUS \u2013 telli kvaliteetne CBD toode parima hinnaga. Tasuta tarne Eestis, diskreetne pakend. Osta mugavalt CBDshopi e-poest \u2013 kiire ja turvaline!","robots":{"index":"index","follow":"follow","max-snippet":"max-snippet:-1","max-image-preview":"max-image-preview:large","max-video-preview":"max-video-preview:-1"},"canonical":"https:\/\/cbdshop.ee\/fi\/toode\/cannaline-cbd-tee-muisti-tarkoitus\/","og_locale":"fi_FI","og_type":"article","og_title":"cannaline CBD Tee MUISTI & TARKOITUS - CBDshop.ee","og_description":"cannaline CBD Tee MUISTI & TARKOITUS \u2013 telli kvaliteetne CBD toode parima hinnaga. Tasuta tarne Eestis, diskreetne pakend. Osta mugavalt CBDshopi e-poest \u2013 kiire ja turvaline!","og_url":"https:\/\/cbdshop.ee\/fi\/toode\/cannaline-cbd-tee-muisti-tarkoitus\/","og_site_name":"CBDshop.ee","article_publisher":"https:\/\/m.facebook.com\/cbdshop.ee\/","article_modified_time":"2025-12-04T11:48:57+00:00","og_image":[{"width":1000,"height":1000,"url":"https:\/\/cbdshop.ee\/wp-content\/uploads\/2021\/12\/679F0C60-462A-4524-86FE-08A7E37609B9.jpeg","type":"image\/jpeg"}],"twitter_card":"summary_large_image","twitter_misc":{"Arvioitu lukuaika":"1 minuutti"},"schema":{"@context":"https:\/\/schema.org","@graph":[{"@type":"WebPage","@id":"https:\/\/cbdshop.ee\/fi\/toode\/cannaline-cbd-tee-muisti-tarkoitus\/","url":"https:\/\/cbdshop.ee\/fi\/toode\/cannaline-cbd-tee-muisti-tarkoitus\/","name":"cannaline CBD Tee MUISTI & TARKOITUS - CBDshop.ee","isPartOf":{"@id":"https:\/\/cbdshop.ee\/#website"},"datePublished":"2021-12-19T13:31:16+00:00","dateModified":"2025-12-04T11:48:57+00:00","description":"cannaline CBD Tee MUISTI & TARKOITUS \u2013 telli kvaliteetne CBD toode parima hinnaga. Tasuta tarne Eestis, diskreetne pakend. Osta mugavalt CBDshopi e-poest \u2013 kiire ja turvaline!","breadcrumb":{"@id":"https:\/\/cbdshop.ee\/fi\/toode\/cannaline-cbd-tee-muisti-tarkoitus\/#breadcrumb"},"inLanguage":"fi","potentialAction":[{"@type":"ReadAction","target":["https:\/\/cbdshop.ee\/fi\/toode\/cannaline-cbd-tee-muisti-tarkoitus\/"]}]},{"@type":"BreadcrumbList","@id":"https:\/\/cbdshop.ee\/fi\/toode\/cannaline-cbd-tee-muisti-tarkoitus\/#breadcrumb","itemListElement":[{"@type":"ListItem","position":1,"name":"Home","item":"https:\/\/cbdshop.ee\/fi\/"},{"@type":"ListItem","position":2,"name":"Tuotteet","item":"https:\/\/www.cbdshop.ee\/fi\/tooted\/"},{"@type":"ListItem","position":3,"name":"cannaline CBD Tee MUISTI &#038; TARKOITUS"}]},{"@type":"WebSite","@id":"https:\/\/cbdshop.ee\/#website","url":"https:\/\/cbdshop.ee\/","name":"CBDshop.ee","description":"\u00d5itsed, \u00f5ietolm, CBD \u00f5li, CBD kanep, e-vedelikud","publisher":{"@id":"https:\/\/cbdshop.ee\/#organization"},"potentialAction":[{"@type":"SearchAction","target":{"@type":"EntryPoint","urlTemplate":"https:\/\/cbdshop.ee\/?s={search_term_string}"},"query-input":"required name=search_term_string"}],"inLanguage":"fi"},{"@type":"Organization","@id":"https:\/\/cbdshop.ee\/#organization","name":"Nordic Synergy O\u00dc","url":"https:\/\/cbdshop.ee\/","logo":{"@type":"ImageObject","inLanguage":"fi","@id":"https:\/\/cbdshop.ee\/#\/schema\/logo\/image\/","url":"","contentUrl":"","caption":"Nordic Synergy O\u00dc"},"image":{"@id":"https:\/\/cbdshop.ee\/#\/schema\/logo\/image\/"},"sameAs":["https:\/\/m.facebook.com\/cbdshop.ee\/","https:\/\/www.instagram.com\/cbdshop.ee\/"]}]}},"_links":{"self":[{"href":"https:\/\/cbdshop.ee\/fi\/wp-json\/wp\/v2\/product\/26984"}],"collection":[{"href":"https:\/\/cbdshop.ee\/fi\/wp-json\/wp\/v2\/product"}],"about":[{"href":"https:\/\/cbdshop.ee\/fi\/wp-json\/wp\/v2\/types\/product"}],"replies":[{"embeddable":true,"href":"https:\/\/cbdshop.ee\/fi\/wp-json\/wp\/v2\/comments?post=26984"}],"wp:featuredmedia":[{"embeddable":true,"href":"https:\/\/cbdshop.ee\/fi\/wp-json\/wp\/v2\/media\/28026"}],"wp:attachment":[{"href":"https:\/\/cbdshop.ee\/fi\/wp-json\/wp\/v2\/media?parent=26984"}],"wp:term":[{"taxonomy":"product_cat","embeddable":true,"href":"https:\/\/cbdshop.ee\/fi\/wp-json\/wp\/v2\/product_cat?post=26984"},{"taxonomy":"product_tag","embeddable":true,"href":"https:\/\/cbdshop.ee\/fi\/wp-json\/wp\/v2\/product_tag?post=26984"}],"curies":[{"name":"wp","href":"https:\/\/api.w.org\/{rel}","templated":true}]}}