{"id":26985,"date":"2021-12-19T15:32:51","date_gmt":"2021-12-19T13:32:51","guid":{"rendered":"https:\/\/cbdshop.ee\/?post_type=product&#038;p=26985"},"modified":"2025-12-04T13:49:06","modified_gmt":"2025-12-04T11:49:06","slug":"cannaline-cbd-tee-detox","status":"publish","type":"product","link":"https:\/\/cbdshop.ee\/fi\/toode\/cannaline-cbd-tee-detox\/","title":{"rendered":"cannaline CBD Tee DETOX"},"content":{"rendered":"<p>Nettopaino: 30 g<br \/>\nAinesosat: Bidens 35%, oksaruoho 16%, ruusunmarja 15%, kanerva 15%, hampunsiemenet 10%, minttu 6%, kurkuma 2%, hampunlehti 1%. Vegaaninen, Ei keinotekoisia v\u00e4riaineita, Ei keinotekoisia makuaineita.<br \/>\nSuositeltu annostus: 1-3 kupillista p\u00e4iv\u00e4ss\u00e4.<br \/>\nVarastointi: S\u00e4ilyt\u00e4 kuivassa paikassa enint\u00e4\u00e4n 25\u00b0C l\u00e4mp\u00f6tilassa.<\/p>\n","protected":false},"excerpt":{"rendered":"<h3>Poistaa myrkkyj\u00e4 | Taistelee infektioita ja viruksia vastaan | Tukee painonpudotusta<\/h3>\n<p>Kannerva ja oksaruoho tukevat virtsateiden normaalia toimintaa. Kurkuma tukee normaalia maksan toimintaa. Minttu ja kurkuma edist\u00e4v\u00e4t ruoansulatusta. Bidens edist\u00e4\u00e4 ihon hyv\u00e4\u00e4 kuntoa. Ruusunmarja tukee munuaisten ja virtsarakon toimintaa. Hampulla on rentouttava vaikutus.<\/p>\n<h3>Ohjeet:<\/h3>\n<p>Aseta teepussi suosikkikuppiisi (n. 250 ml)<br \/>\nKaada kiehuvaa vett\u00e4 (100 \u00b0C) teepussin p\u00e4\u00e4lle.<br \/>\nHauduta reilut 15 minuuttia. \u00c4l\u00e4 kiirehdi saadaksesi kaikki kasviper\u00e4iset hy\u00f6dyt.<br \/>\nOta teepussi pois, rentoudu ja nauti!<\/p>\n<p><strong>Paras aika juoda CBD-teet\u00e4<\/strong><\/p>\n<p>Cannaline CBD Tea DETOXia voi nauttia aamulla, p\u00e4iv\u00e4ll\u00e4 sek\u00e4 ennen nukkumaanmenoa.<\/p>\n","protected":false},"featured_media":28030,"comment_status":"open","ping_status":"closed","template":"","meta":[],"product_cat":[489],"product_tag":[],"yoast_head":"<!-- This site is optimized with the Yoast SEO plugin v20.8 - https:\/\/yoast.com\/wordpress\/plugins\/seo\/ -->\n<title>cannaline CBD Tee DETOX - CBDshop.ee<\/title>\n<meta name=\"description\" content=\"cannaline CBD Tee DETOX \u2013 telli kvaliteetne CBD toode parima hinnaga. Tasuta tarne Eestis, diskreetne pakend. Osta mugavalt CBDshopi e-poest \u2013 kiire ja turvaline!\" \/>\n<meta name=\"robots\" content=\"index, follow, max-snippet:-1, max-image-preview:large, max-video-preview:-1\" \/>\n<link rel=\"canonical\" href=\"https:\/\/cbdshop.ee\/fi\/toode\/cannaline-cbd-tee-detox\/\" \/>\n<meta property=\"og:locale\" content=\"fi_FI\" \/>\n<meta property=\"og:type\" content=\"article\" \/>\n<meta property=\"og:title\" content=\"cannaline CBD Tee DETOX - CBDshop.ee\" \/>\n<meta property=\"og:description\" content=\"cannaline CBD Tee DETOX \u2013 telli kvaliteetne CBD toode parima hinnaga. Tasuta tarne Eestis, diskreetne pakend. Osta mugavalt CBDshopi e-poest \u2013 kiire ja turvaline!\" \/>\n<meta property=\"og:url\" content=\"https:\/\/cbdshop.ee\/fi\/toode\/cannaline-cbd-tee-detox\/\" \/>\n<meta property=\"og:site_name\" content=\"CBDshop.ee\" \/>\n<meta property=\"article:publisher\" content=\"https:\/\/m.facebook.com\/cbdshop.ee\/\" \/>\n<meta property=\"article:modified_time\" content=\"2025-12-04T11:49:06+00:00\" \/>\n<meta property=\"og:image\" content=\"https:\/\/www.cbdshop.ee\/wp-content\/uploads\/2021\/12\/E387F6EF-5804-4613-A144-0D95F5236BC6.jpeg\" \/>\n\t<meta property=\"og:image:width\" content=\"1000\" \/>\n\t<meta property=\"og:image:height\" content=\"1000\" \/>\n\t<meta property=\"og:image:type\" content=\"image\/jpeg\" \/>\n<meta name=\"twitter:card\" content=\"summary_large_image\" \/>\n<meta name=\"twitter:label1\" content=\"Arvioitu lukuaika\" \/>\n\t<meta name=\"twitter:data1\" content=\"1 minuutti\" \/>\n<script type=\"application\/ld+json\" class=\"yoast-schema-graph\">{\"@context\":\"https:\/\/schema.org\",\"@graph\":[{\"@type\":\"WebPage\",\"@id\":\"https:\/\/cbdshop.ee\/fi\/toode\/cannaline-cbd-tee-detox\/\",\"url\":\"https:\/\/cbdshop.ee\/fi\/toode\/cannaline-cbd-tee-detox\/\",\"name\":\"cannaline CBD Tee DETOX - CBDshop.ee\",\"isPartOf\":{\"@id\":\"https:\/\/cbdshop.ee\/#website\"},\"datePublished\":\"2021-12-19T13:32:51+00:00\",\"dateModified\":\"2025-12-04T11:49:06+00:00\",\"description\":\"cannaline CBD Tee DETOX \u2013 telli kvaliteetne CBD toode parima hinnaga. Tasuta tarne Eestis, diskreetne pakend. Osta mugavalt CBDshopi e-poest \u2013 kiire ja turvaline!\",\"breadcrumb\":{\"@id\":\"https:\/\/cbdshop.ee\/fi\/toode\/cannaline-cbd-tee-detox\/#breadcrumb\"},\"inLanguage\":\"fi\",\"potentialAction\":[{\"@type\":\"ReadAction\",\"target\":[\"https:\/\/cbdshop.ee\/fi\/toode\/cannaline-cbd-tee-detox\/\"]}]},{\"@type\":\"BreadcrumbList\",\"@id\":\"https:\/\/cbdshop.ee\/fi\/toode\/cannaline-cbd-tee-detox\/#breadcrumb\",\"itemListElement\":[{\"@type\":\"ListItem\",\"position\":1,\"name\":\"Home\",\"item\":\"https:\/\/cbdshop.ee\/fi\/\"},{\"@type\":\"ListItem\",\"position\":2,\"name\":\"Tuotteet\",\"item\":\"https:\/\/www.cbdshop.ee\/fi\/tooted\/\"},{\"@type\":\"ListItem\",\"position\":3,\"name\":\"cannaline CBD Tee DETOX\"}]},{\"@type\":\"WebSite\",\"@id\":\"https:\/\/cbdshop.ee\/#website\",\"url\":\"https:\/\/cbdshop.ee\/\",\"name\":\"CBDshop.ee\",\"description\":\"\u00d5itsed, \u00f5ietolm, CBD \u00f5li, CBD kanep, e-vedelikud\",\"publisher\":{\"@id\":\"https:\/\/cbdshop.ee\/#organization\"},\"potentialAction\":[{\"@type\":\"SearchAction\",\"target\":{\"@type\":\"EntryPoint\",\"urlTemplate\":\"https:\/\/cbdshop.ee\/?s={search_term_string}\"},\"query-input\":\"required name=search_term_string\"}],\"inLanguage\":\"fi\"},{\"@type\":\"Organization\",\"@id\":\"https:\/\/cbdshop.ee\/#organization\",\"name\":\"Nordic Synergy O\u00dc\",\"url\":\"https:\/\/cbdshop.ee\/\",\"logo\":{\"@type\":\"ImageObject\",\"inLanguage\":\"fi\",\"@id\":\"https:\/\/cbdshop.ee\/#\/schema\/logo\/image\/\",\"url\":\"\",\"contentUrl\":\"\",\"caption\":\"Nordic Synergy O\u00dc\"},\"image\":{\"@id\":\"https:\/\/cbdshop.ee\/#\/schema\/logo\/image\/\"},\"sameAs\":[\"https:\/\/m.facebook.com\/cbdshop.ee\/\",\"https:\/\/www.instagram.com\/cbdshop.ee\/\"]}]}<\/script>\n<!-- \/ Yoast SEO plugin. -->","yoast_head_json":{"title":"cannaline CBD Tee DETOX - CBDshop.ee","description":"cannaline CBD Tee DETOX \u2013 telli kvaliteetne CBD toode parima hinnaga. Tasuta tarne Eestis, diskreetne pakend. Osta mugavalt CBDshopi e-poest \u2013 kiire ja turvaline!","robots":{"index":"index","follow":"follow","max-snippet":"max-snippet:-1","max-image-preview":"max-image-preview:large","max-video-preview":"max-video-preview:-1"},"canonical":"https:\/\/cbdshop.ee\/fi\/toode\/cannaline-cbd-tee-detox\/","og_locale":"fi_FI","og_type":"article","og_title":"cannaline CBD Tee DETOX - CBDshop.ee","og_description":"cannaline CBD Tee DETOX \u2013 telli kvaliteetne CBD toode parima hinnaga. Tasuta tarne Eestis, diskreetne pakend. Osta mugavalt CBDshopi e-poest \u2013 kiire ja turvaline!","og_url":"https:\/\/cbdshop.ee\/fi\/toode\/cannaline-cbd-tee-detox\/","og_site_name":"CBDshop.ee","article_publisher":"https:\/\/m.facebook.com\/cbdshop.ee\/","article_modified_time":"2025-12-04T11:49:06+00:00","og_image":[{"width":1000,"height":1000,"url":"https:\/\/www.cbdshop.ee\/wp-content\/uploads\/2021\/12\/E387F6EF-5804-4613-A144-0D95F5236BC6.jpeg","type":"image\/jpeg"}],"twitter_card":"summary_large_image","twitter_misc":{"Arvioitu lukuaika":"1 minuutti"},"schema":{"@context":"https:\/\/schema.org","@graph":[{"@type":"WebPage","@id":"https:\/\/cbdshop.ee\/fi\/toode\/cannaline-cbd-tee-detox\/","url":"https:\/\/cbdshop.ee\/fi\/toode\/cannaline-cbd-tee-detox\/","name":"cannaline CBD Tee DETOX - CBDshop.ee","isPartOf":{"@id":"https:\/\/cbdshop.ee\/#website"},"datePublished":"2021-12-19T13:32:51+00:00","dateModified":"2025-12-04T11:49:06+00:00","description":"cannaline CBD Tee DETOX \u2013 telli kvaliteetne CBD toode parima hinnaga. Tasuta tarne Eestis, diskreetne pakend. Osta mugavalt CBDshopi e-poest \u2013 kiire ja turvaline!","breadcrumb":{"@id":"https:\/\/cbdshop.ee\/fi\/toode\/cannaline-cbd-tee-detox\/#breadcrumb"},"inLanguage":"fi","potentialAction":[{"@type":"ReadAction","target":["https:\/\/cbdshop.ee\/fi\/toode\/cannaline-cbd-tee-detox\/"]}]},{"@type":"BreadcrumbList","@id":"https:\/\/cbdshop.ee\/fi\/toode\/cannaline-cbd-tee-detox\/#breadcrumb","itemListElement":[{"@type":"ListItem","position":1,"name":"Home","item":"https:\/\/cbdshop.ee\/fi\/"},{"@type":"ListItem","position":2,"name":"Tuotteet","item":"https:\/\/www.cbdshop.ee\/fi\/tooted\/"},{"@type":"ListItem","position":3,"name":"cannaline CBD Tee DETOX"}]},{"@type":"WebSite","@id":"https:\/\/cbdshop.ee\/#website","url":"https:\/\/cbdshop.ee\/","name":"CBDshop.ee","description":"\u00d5itsed, \u00f5ietolm, CBD \u00f5li, CBD kanep, e-vedelikud","publisher":{"@id":"https:\/\/cbdshop.ee\/#organization"},"potentialAction":[{"@type":"SearchAction","target":{"@type":"EntryPoint","urlTemplate":"https:\/\/cbdshop.ee\/?s={search_term_string}"},"query-input":"required name=search_term_string"}],"inLanguage":"fi"},{"@type":"Organization","@id":"https:\/\/cbdshop.ee\/#organization","name":"Nordic Synergy O\u00dc","url":"https:\/\/cbdshop.ee\/","logo":{"@type":"ImageObject","inLanguage":"fi","@id":"https:\/\/cbdshop.ee\/#\/schema\/logo\/image\/","url":"","contentUrl":"","caption":"Nordic Synergy O\u00dc"},"image":{"@id":"https:\/\/cbdshop.ee\/#\/schema\/logo\/image\/"},"sameAs":["https:\/\/m.facebook.com\/cbdshop.ee\/","https:\/\/www.instagram.com\/cbdshop.ee\/"]}]}},"_links":{"self":[{"href":"https:\/\/cbdshop.ee\/fi\/wp-json\/wp\/v2\/product\/26985"}],"collection":[{"href":"https:\/\/cbdshop.ee\/fi\/wp-json\/wp\/v2\/product"}],"about":[{"href":"https:\/\/cbdshop.ee\/fi\/wp-json\/wp\/v2\/types\/product"}],"replies":[{"embeddable":true,"href":"https:\/\/cbdshop.ee\/fi\/wp-json\/wp\/v2\/comments?post=26985"}],"wp:featuredmedia":[{"embeddable":true,"href":"https:\/\/cbdshop.ee\/fi\/wp-json\/wp\/v2\/media\/28030"}],"wp:attachment":[{"href":"https:\/\/cbdshop.ee\/fi\/wp-json\/wp\/v2\/media?parent=26985"}],"wp:term":[{"taxonomy":"product_cat","embeddable":true,"href":"https:\/\/cbdshop.ee\/fi\/wp-json\/wp\/v2\/product_cat?post=26985"},{"taxonomy":"product_tag","embeddable":true,"href":"https:\/\/cbdshop.ee\/fi\/wp-json\/wp\/v2\/product_tag?post=26985"}],"curies":[{"name":"wp","href":"https:\/\/api.w.org\/{rel}","templated":true}]}}