{"id":27243,"date":"2022-01-25T13:06:25","date_gmt":"2022-01-25T11:06:25","guid":{"rendered":"https:\/\/cbdshop.ee\/?post_type=product&#038;p=27243"},"modified":"2026-03-05T11:30:46","modified_gmt":"2026-03-05T09:30:46","slug":"cannaline-cbd-kapselit-750-mg-cbd","status":"publish","type":"product","link":"https:\/\/cbdshop.ee\/fi\/toode\/cannaline-cbd-kapselit-750-mg-cbd\/","title":{"rendered":"cannaline CBD Kapselit \u2013 750 mg CBD"},"content":{"rendered":"<p><strong>CBD-pitoisuus:<\/strong>\u00a0750 mg<br \/>\n<strong>S\u00e4ilyvyys:<\/strong> 24 kuukautta<\/p>\n<p><strong>Varastointi:<\/strong> S\u00e4ilyt\u00e4 kuivassa ja viile\u00e4ss\u00e4 paikassa<br \/>\n<strong>Ainesosat:<\/strong> Teollinen hamppuuute (Cannabis sativa L.) isolaatti, gelatiini naudan ihosta, vesi, kannabis sativa siemen\u00f6ljy<br \/>\n<strong>Huomautus:<\/strong> Ei tarkoitettu lapsille. Pit\u00e4\u00e4 poissa lasten ulottuvilta. \u00c4l\u00e4 k\u00e4yt\u00e4, jos olet raskaana tai imet\u00e4t.<br \/>\nSuositeltu annostus: Yksi kapseli p\u00e4iv\u00e4ss\u00e4<\/p>\n","protected":false},"excerpt":{"rendered":"<p>Etk\u00f6 pid\u00e4 CBD-\u00f6ljyn karvasta mausta? Ei h\u00e4t\u00e4\u00e4, CBD-kannaliinikapselit ovat t\u00e4\u00e4ll\u00e4 auttamassa!<br \/>\nCannaline CBD -kapselit ovat matkustusyst\u00e4v\u00e4llisi\u00e4, nopeita ottaa ja loistava vaihtoehto liikkeell\u00e4 oleville. CBD:mme on suspendoitu fraktioituun hampunsiemen\u00f6ljyyn ja sitten kapseloitu helppoon kulutukseen.<\/p>\n<p>Geelikapseleita per pullo: 30<br \/>\n25mg CBD-kapselit = 750mg CBD per pullo<\/p>\n","protected":false},"featured_media":27228,"comment_status":"open","ping_status":"closed","template":"","meta":[],"product_cat":[490],"product_tag":[],"yoast_head":"<!-- This site is optimized with the Yoast SEO plugin v20.8 - https:\/\/yoast.com\/wordpress\/plugins\/seo\/ -->\n<title>cannaline CBD Kapselit \u2013 750 mg CBD - CBDshop.ee<\/title>\n<meta name=\"description\" content=\"cannaline CBD Kapselit \u2013 750 mg CBD \u2013 telli kvaliteetne CBD toode parima hinnaga. Tasuta tarne Eestis, diskreetne pakend. Osta mugavalt CBDshopi e-poest \u2013 kiire ja turvaline!\" \/>\n<meta name=\"robots\" content=\"index, follow, max-snippet:-1, max-image-preview:large, max-video-preview:-1\" \/>\n<link rel=\"canonical\" href=\"https:\/\/cbdshop.ee\/fi\/toode\/cannaline-cbd-kapselit-750-mg-cbd\/\" \/>\n<meta property=\"og:locale\" content=\"fi_FI\" \/>\n<meta property=\"og:type\" content=\"article\" \/>\n<meta property=\"og:title\" content=\"cannaline CBD Kapselit \u2013 750 mg CBD - CBDshop.ee\" \/>\n<meta property=\"og:description\" content=\"cannaline CBD Kapselit \u2013 750 mg CBD \u2013 telli kvaliteetne CBD toode parima hinnaga. Tasuta tarne Eestis, diskreetne pakend. Osta mugavalt CBDshopi e-poest \u2013 kiire ja turvaline!\" \/>\n<meta property=\"og:url\" content=\"https:\/\/cbdshop.ee\/fi\/toode\/cannaline-cbd-kapselit-750-mg-cbd\/\" \/>\n<meta property=\"og:site_name\" content=\"CBDshop.ee\" \/>\n<meta property=\"article:publisher\" content=\"https:\/\/m.facebook.com\/cbdshop.ee\/\" \/>\n<meta property=\"article:modified_time\" content=\"2026-03-05T09:30:46+00:00\" \/>\n<meta property=\"og:image\" content=\"https:\/\/cbdshop.ee\/wp-content\/uploads\/2022\/01\/o50-capsule7501.png\" \/>\n\t<meta property=\"og:image:width\" content=\"1000\" \/>\n\t<meta property=\"og:image:height\" content=\"926\" \/>\n\t<meta property=\"og:image:type\" content=\"image\/png\" \/>\n<meta name=\"twitter:card\" content=\"summary_large_image\" \/>\n<script type=\"application\/ld+json\" class=\"yoast-schema-graph\">{\"@context\":\"https:\/\/schema.org\",\"@graph\":[{\"@type\":\"WebPage\",\"@id\":\"https:\/\/cbdshop.ee\/fi\/toode\/cannaline-cbd-kapselit-750-mg-cbd\/\",\"url\":\"https:\/\/cbdshop.ee\/fi\/toode\/cannaline-cbd-kapselit-750-mg-cbd\/\",\"name\":\"cannaline CBD Kapselit \u2013 750 mg CBD - CBDshop.ee\",\"isPartOf\":{\"@id\":\"https:\/\/cbdshop.ee\/fi\/#website\"},\"datePublished\":\"2022-01-25T11:06:25+00:00\",\"dateModified\":\"2026-03-05T09:30:46+00:00\",\"description\":\"cannaline CBD Kapselit \u2013 750 mg CBD \u2013 telli kvaliteetne CBD toode parima hinnaga. Tasuta tarne Eestis, diskreetne pakend. Osta mugavalt CBDshopi e-poest \u2013 kiire ja turvaline!\",\"breadcrumb\":{\"@id\":\"https:\/\/cbdshop.ee\/fi\/toode\/cannaline-cbd-kapselit-750-mg-cbd\/#breadcrumb\"},\"inLanguage\":\"fi\",\"potentialAction\":[{\"@type\":\"ReadAction\",\"target\":[\"https:\/\/cbdshop.ee\/fi\/toode\/cannaline-cbd-kapselit-750-mg-cbd\/\"]}]},{\"@type\":\"BreadcrumbList\",\"@id\":\"https:\/\/cbdshop.ee\/fi\/toode\/cannaline-cbd-kapselit-750-mg-cbd\/#breadcrumb\",\"itemListElement\":[{\"@type\":\"ListItem\",\"position\":1,\"name\":\"Home\",\"item\":\"https:\/\/cbdshop.ee\/fi\/\"},{\"@type\":\"ListItem\",\"position\":2,\"name\":\"Tuotteet\",\"item\":\"https:\/\/cbdshop.ee\/fi\/tooted\/\"},{\"@type\":\"ListItem\",\"position\":3,\"name\":\"cannaline CBD Kapselit \u2013 750 mg CBD\"}]},{\"@type\":\"WebSite\",\"@id\":\"https:\/\/cbdshop.ee\/fi\/#website\",\"url\":\"https:\/\/cbdshop.ee\/fi\/\",\"name\":\"CBDshop.ee\",\"description\":\"\u00d5itsed, \u00f5ietolm, CBD \u00f5li, CBD kanep, e-vedelikud\",\"publisher\":{\"@id\":\"https:\/\/cbdshop.ee\/fi\/#organization\"},\"potentialAction\":[{\"@type\":\"SearchAction\",\"target\":{\"@type\":\"EntryPoint\",\"urlTemplate\":\"https:\/\/cbdshop.ee\/fi\/?s={search_term_string}\"},\"query-input\":\"required name=search_term_string\"}],\"inLanguage\":\"fi\"},{\"@type\":\"Organization\",\"@id\":\"https:\/\/cbdshop.ee\/fi\/#organization\",\"name\":\"Nordic Synergy O\u00dc\",\"url\":\"https:\/\/cbdshop.ee\/fi\/\",\"logo\":{\"@type\":\"ImageObject\",\"inLanguage\":\"fi\",\"@id\":\"https:\/\/cbdshop.ee\/fi\/#\/schema\/logo\/image\/\",\"url\":\"\",\"contentUrl\":\"\",\"caption\":\"Nordic Synergy O\u00dc\"},\"image\":{\"@id\":\"https:\/\/cbdshop.ee\/fi\/#\/schema\/logo\/image\/\"},\"sameAs\":[\"https:\/\/m.facebook.com\/cbdshop.ee\/\",\"https:\/\/www.instagram.com\/cbdshop.ee\/\"]}]}<\/script>\n<!-- \/ Yoast SEO plugin. -->","yoast_head_json":{"title":"cannaline CBD Kapselit \u2013 750 mg CBD - CBDshop.ee","description":"cannaline CBD Kapselit \u2013 750 mg CBD \u2013 telli kvaliteetne CBD toode parima hinnaga. Tasuta tarne Eestis, diskreetne pakend. Osta mugavalt CBDshopi e-poest \u2013 kiire ja turvaline!","robots":{"index":"index","follow":"follow","max-snippet":"max-snippet:-1","max-image-preview":"max-image-preview:large","max-video-preview":"max-video-preview:-1"},"canonical":"https:\/\/cbdshop.ee\/fi\/toode\/cannaline-cbd-kapselit-750-mg-cbd\/","og_locale":"fi_FI","og_type":"article","og_title":"cannaline CBD Kapselit \u2013 750 mg CBD - CBDshop.ee","og_description":"cannaline CBD Kapselit \u2013 750 mg CBD \u2013 telli kvaliteetne CBD toode parima hinnaga. Tasuta tarne Eestis, diskreetne pakend. Osta mugavalt CBDshopi e-poest \u2013 kiire ja turvaline!","og_url":"https:\/\/cbdshop.ee\/fi\/toode\/cannaline-cbd-kapselit-750-mg-cbd\/","og_site_name":"CBDshop.ee","article_publisher":"https:\/\/m.facebook.com\/cbdshop.ee\/","article_modified_time":"2026-03-05T09:30:46+00:00","og_image":[{"width":1000,"height":926,"url":"https:\/\/cbdshop.ee\/wp-content\/uploads\/2022\/01\/o50-capsule7501.png","type":"image\/png"}],"twitter_card":"summary_large_image","schema":{"@context":"https:\/\/schema.org","@graph":[{"@type":"WebPage","@id":"https:\/\/cbdshop.ee\/fi\/toode\/cannaline-cbd-kapselit-750-mg-cbd\/","url":"https:\/\/cbdshop.ee\/fi\/toode\/cannaline-cbd-kapselit-750-mg-cbd\/","name":"cannaline CBD Kapselit \u2013 750 mg CBD - CBDshop.ee","isPartOf":{"@id":"https:\/\/cbdshop.ee\/fi\/#website"},"datePublished":"2022-01-25T11:06:25+00:00","dateModified":"2026-03-05T09:30:46+00:00","description":"cannaline CBD Kapselit \u2013 750 mg CBD \u2013 telli kvaliteetne CBD toode parima hinnaga. Tasuta tarne Eestis, diskreetne pakend. Osta mugavalt CBDshopi e-poest \u2013 kiire ja turvaline!","breadcrumb":{"@id":"https:\/\/cbdshop.ee\/fi\/toode\/cannaline-cbd-kapselit-750-mg-cbd\/#breadcrumb"},"inLanguage":"fi","potentialAction":[{"@type":"ReadAction","target":["https:\/\/cbdshop.ee\/fi\/toode\/cannaline-cbd-kapselit-750-mg-cbd\/"]}]},{"@type":"BreadcrumbList","@id":"https:\/\/cbdshop.ee\/fi\/toode\/cannaline-cbd-kapselit-750-mg-cbd\/#breadcrumb","itemListElement":[{"@type":"ListItem","position":1,"name":"Home","item":"https:\/\/cbdshop.ee\/fi\/"},{"@type":"ListItem","position":2,"name":"Tuotteet","item":"https:\/\/cbdshop.ee\/fi\/tooted\/"},{"@type":"ListItem","position":3,"name":"cannaline CBD Kapselit \u2013 750 mg CBD"}]},{"@type":"WebSite","@id":"https:\/\/cbdshop.ee\/fi\/#website","url":"https:\/\/cbdshop.ee\/fi\/","name":"CBDshop.ee","description":"\u00d5itsed, \u00f5ietolm, CBD \u00f5li, CBD kanep, e-vedelikud","publisher":{"@id":"https:\/\/cbdshop.ee\/fi\/#organization"},"potentialAction":[{"@type":"SearchAction","target":{"@type":"EntryPoint","urlTemplate":"https:\/\/cbdshop.ee\/fi\/?s={search_term_string}"},"query-input":"required name=search_term_string"}],"inLanguage":"fi"},{"@type":"Organization","@id":"https:\/\/cbdshop.ee\/fi\/#organization","name":"Nordic Synergy O\u00dc","url":"https:\/\/cbdshop.ee\/fi\/","logo":{"@type":"ImageObject","inLanguage":"fi","@id":"https:\/\/cbdshop.ee\/fi\/#\/schema\/logo\/image\/","url":"","contentUrl":"","caption":"Nordic Synergy O\u00dc"},"image":{"@id":"https:\/\/cbdshop.ee\/fi\/#\/schema\/logo\/image\/"},"sameAs":["https:\/\/m.facebook.com\/cbdshop.ee\/","https:\/\/www.instagram.com\/cbdshop.ee\/"]}]}},"_links":{"self":[{"href":"https:\/\/cbdshop.ee\/fi\/wp-json\/wp\/v2\/product\/27243"}],"collection":[{"href":"https:\/\/cbdshop.ee\/fi\/wp-json\/wp\/v2\/product"}],"about":[{"href":"https:\/\/cbdshop.ee\/fi\/wp-json\/wp\/v2\/types\/product"}],"replies":[{"embeddable":true,"href":"https:\/\/cbdshop.ee\/fi\/wp-json\/wp\/v2\/comments?post=27243"}],"wp:featuredmedia":[{"embeddable":true,"href":"https:\/\/cbdshop.ee\/fi\/wp-json\/wp\/v2\/media\/27228"}],"wp:attachment":[{"href":"https:\/\/cbdshop.ee\/fi\/wp-json\/wp\/v2\/media?parent=27243"}],"wp:term":[{"taxonomy":"product_cat","embeddable":true,"href":"https:\/\/cbdshop.ee\/fi\/wp-json\/wp\/v2\/product_cat?post=27243"},{"taxonomy":"product_tag","embeddable":true,"href":"https:\/\/cbdshop.ee\/fi\/wp-json\/wp\/v2\/product_tag?post=27243"}],"curies":[{"name":"wp","href":"https:\/\/api.w.org\/{rel}","templated":true}]}}