{"id":33551,"date":"2023-08-25T11:02:26","date_gmt":"2023-08-25T08:02:26","guid":{"rendered":"https:\/\/cbdshop.ee\/?post_type=product&#038;p=33551"},"modified":"2025-11-24T02:03:28","modified_gmt":"2025-11-24T00:03:28","slug":"cbd-oljy-40-hamppu","status":"publish","type":"product","link":"https:\/\/www.cbdshop.ee\/fi\/toode\/cbd-oljy-40-hamppu\/","title":{"rendered":"CBD \u00f6ljy 40% Hamppu"},"content":{"rendered":"<p><i>Valmistettu ekologisesti kasvatetusta\u00a0 teollisesta hampusta (EU-hyv\u00e4ksytty), jossa on luonnostaan runsaasti kannabinoideja (4000 mg \/ 10 ml). Tuote ei aiheuta euforista vaikutusta.<\/i><\/p>\n<p><i>Suositeltu vuorokausiannos: 1-8 tippaa, 1-3 kertaa p\u00e4iv\u00e4ss\u00e4 (ravista pulloa ennen jokaista k\u00e4ytt\u00f6\u00e4)<\/i><\/p>\n<p><i>1 pisara sis\u00e4lt\u00e4\u00e4 noin 16 mg puhdasta CBD:t\u00e4 (huomaa kuitenkin, ett\u00e4 pisaran koko voi vaihdella hieman).<\/i><\/p>\n<p><i>Suositeltua p\u00e4ivitt\u00e4ist\u00e4 annosta ei saa ylitt\u00e4\u00e4. \u00d6ljy\u00e4 tulisi k\u00e4ytt\u00e4\u00e4 yksinomaan t\u00e4ydent\u00e4m\u00e4\u00e4n terveellist\u00e4 el\u00e4m\u00e4ntapaa, eik\u00e4 se koskaan voi korvata terveellist\u00e4 ja monipuolista ruokavaliota.<\/i><\/p>\n<p><b><i>S\u00e4ilyt\u00e4 j\u00e4\u00e4kaapissa ja lasten ulottumattomissa.<\/i><\/b><\/p>\n<p><i>Tuotteemme eiv\u00e4t ole l\u00e4\u00e4kkeit\u00e4 eik\u00e4 niit\u00e4 ole tarkoitettu ihmisten tai el\u00e4inten sairauksien ennaltaehk\u00e4isyyn, hoitoon tai diagnosointiin.<\/i><\/p>\n","protected":false},"excerpt":{"rendered":"<p><i>CBD \u00f6ljy: 40% hamppu maustettu<\/i><\/p>\n<p><i>10 ml (4000 mg CBD)<\/i><\/p>\n<p><i>THC &lt;0,2%<\/i><\/p>\n<ul>\n<li><i>Organic<\/i><\/li>\n<li>Vegan<\/li>\n<li>NO GMO<\/li>\n<li>100% BIO<\/li>\n<\/ul>\n<p><i>Kielletty alle 18-vuotiailta.<\/i><\/p>\n","protected":false},"featured_media":33543,"comment_status":"open","ping_status":"closed","template":"","meta":[],"product_cat":[463],"product_tag":[],"yoast_head":"<!-- This site is optimized with the Yoast SEO plugin v20.8 - https:\/\/yoast.com\/wordpress\/plugins\/seo\/ -->\n<title>CBD \u00f6ljy 40% Hamppu - CBDshop.ee<\/title>\n<meta name=\"description\" content=\"CBD \u00f6ljy 40% Hamppu \u2013 telli kvaliteetne CBD toode parima hinnaga. Tasuta tarne Eestis, diskreetne pakend. Osta mugavalt CBDshopi e-poest \u2013 kiire ja turvaline!\" \/>\n<meta name=\"robots\" content=\"index, follow, max-snippet:-1, max-image-preview:large, max-video-preview:-1\" \/>\n<link rel=\"canonical\" href=\"https:\/\/cbdshop.ee\/fi\/toode\/cbd-oljy-40-hamppu\/\" \/>\n<meta property=\"og:locale\" content=\"fi_FI\" \/>\n<meta property=\"og:type\" content=\"article\" \/>\n<meta property=\"og:title\" content=\"CBD \u00f6ljy 40% Hamppu - CBDshop.ee\" \/>\n<meta property=\"og:description\" content=\"CBD \u00f6ljy 40% Hamppu \u2013 telli kvaliteetne CBD toode parima hinnaga. Tasuta tarne Eestis, diskreetne pakend. Osta mugavalt CBDshopi e-poest \u2013 kiire ja turvaline!\" \/>\n<meta property=\"og:url\" content=\"https:\/\/cbdshop.ee\/fi\/toode\/cbd-oljy-40-hamppu\/\" \/>\n<meta property=\"og:site_name\" content=\"CBDshop.ee\" \/>\n<meta property=\"article:publisher\" content=\"https:\/\/m.facebook.com\/cbdshop.ee\/\" \/>\n<meta property=\"article:modified_time\" content=\"2025-11-24T00:03:28+00:00\" \/>\n<meta property=\"og:image\" content=\"https:\/\/cbdshop.ee\/wp-content\/uploads\/2023\/08\/7F585202-C4FA-4FCE-BDF5-DF0957181A84-scaled.jpg\" \/>\n\t<meta property=\"og:image:width\" content=\"1919\" \/>\n\t<meta property=\"og:image:height\" content=\"2560\" \/>\n\t<meta property=\"og:image:type\" content=\"image\/jpeg\" \/>\n<meta name=\"twitter:card\" content=\"summary_large_image\" \/>\n<meta name=\"twitter:label1\" content=\"Arvioitu lukuaika\" \/>\n\t<meta name=\"twitter:data1\" content=\"1 minuutti\" \/>\n<script type=\"application\/ld+json\" class=\"yoast-schema-graph\">{\"@context\":\"https:\/\/schema.org\",\"@graph\":[{\"@type\":\"WebPage\",\"@id\":\"https:\/\/cbdshop.ee\/fi\/toode\/cbd-oljy-40-hamppu\/\",\"url\":\"https:\/\/cbdshop.ee\/fi\/toode\/cbd-oljy-40-hamppu\/\",\"name\":\"CBD \u00f6ljy 40% Hamppu - CBDshop.ee\",\"isPartOf\":{\"@id\":\"https:\/\/cbdshop.ee\/#website\"},\"datePublished\":\"2023-08-25T08:02:26+00:00\",\"dateModified\":\"2025-11-24T00:03:28+00:00\",\"description\":\"CBD \u00f6ljy 40% Hamppu \u2013 telli kvaliteetne CBD toode parima hinnaga. Tasuta tarne Eestis, diskreetne pakend. Osta mugavalt CBDshopi e-poest \u2013 kiire ja turvaline!\",\"breadcrumb\":{\"@id\":\"https:\/\/cbdshop.ee\/fi\/toode\/cbd-oljy-40-hamppu\/#breadcrumb\"},\"inLanguage\":\"fi\",\"potentialAction\":[{\"@type\":\"ReadAction\",\"target\":[\"https:\/\/cbdshop.ee\/fi\/toode\/cbd-oljy-40-hamppu\/\"]}]},{\"@type\":\"BreadcrumbList\",\"@id\":\"https:\/\/cbdshop.ee\/fi\/toode\/cbd-oljy-40-hamppu\/#breadcrumb\",\"itemListElement\":[{\"@type\":\"ListItem\",\"position\":1,\"name\":\"Home\",\"item\":\"https:\/\/cbdshop.ee\/fi\/\"},{\"@type\":\"ListItem\",\"position\":2,\"name\":\"Tuotteet\",\"item\":\"https:\/\/cbdshop.ee\/fi\/tooted\/\"},{\"@type\":\"ListItem\",\"position\":3,\"name\":\"CBD \u00f6ljy 40% Hamppu\"}]},{\"@type\":\"WebSite\",\"@id\":\"https:\/\/cbdshop.ee\/#website\",\"url\":\"https:\/\/cbdshop.ee\/\",\"name\":\"CBDshop.ee\",\"description\":\"\u00d5itsed, \u00f5ietolm, CBD \u00f5li, CBD kanep, e-vedelikud\",\"publisher\":{\"@id\":\"https:\/\/cbdshop.ee\/#organization\"},\"potentialAction\":[{\"@type\":\"SearchAction\",\"target\":{\"@type\":\"EntryPoint\",\"urlTemplate\":\"https:\/\/cbdshop.ee\/?s={search_term_string}\"},\"query-input\":\"required name=search_term_string\"}],\"inLanguage\":\"fi\"},{\"@type\":\"Organization\",\"@id\":\"https:\/\/cbdshop.ee\/#organization\",\"name\":\"Nordic Synergy O\u00dc\",\"url\":\"https:\/\/cbdshop.ee\/\",\"logo\":{\"@type\":\"ImageObject\",\"inLanguage\":\"fi\",\"@id\":\"https:\/\/cbdshop.ee\/#\/schema\/logo\/image\/\",\"url\":\"\",\"contentUrl\":\"\",\"caption\":\"Nordic Synergy O\u00dc\"},\"image\":{\"@id\":\"https:\/\/cbdshop.ee\/#\/schema\/logo\/image\/\"},\"sameAs\":[\"https:\/\/m.facebook.com\/cbdshop.ee\/\",\"https:\/\/www.instagram.com\/cbdshop.ee\/\"]}]}<\/script>\n<!-- \/ Yoast SEO plugin. -->","yoast_head_json":{"title":"CBD \u00f6ljy 40% Hamppu - CBDshop.ee","description":"CBD \u00f6ljy 40% Hamppu \u2013 telli kvaliteetne CBD toode parima hinnaga. Tasuta tarne Eestis, diskreetne pakend. Osta mugavalt CBDshopi e-poest \u2013 kiire ja turvaline!","robots":{"index":"index","follow":"follow","max-snippet":"max-snippet:-1","max-image-preview":"max-image-preview:large","max-video-preview":"max-video-preview:-1"},"canonical":"https:\/\/cbdshop.ee\/fi\/toode\/cbd-oljy-40-hamppu\/","og_locale":"fi_FI","og_type":"article","og_title":"CBD \u00f6ljy 40% Hamppu - CBDshop.ee","og_description":"CBD \u00f6ljy 40% Hamppu \u2013 telli kvaliteetne CBD toode parima hinnaga. Tasuta tarne Eestis, diskreetne pakend. Osta mugavalt CBDshopi e-poest \u2013 kiire ja turvaline!","og_url":"https:\/\/cbdshop.ee\/fi\/toode\/cbd-oljy-40-hamppu\/","og_site_name":"CBDshop.ee","article_publisher":"https:\/\/m.facebook.com\/cbdshop.ee\/","article_modified_time":"2025-11-24T00:03:28+00:00","og_image":[{"width":1919,"height":2560,"url":"https:\/\/cbdshop.ee\/wp-content\/uploads\/2023\/08\/7F585202-C4FA-4FCE-BDF5-DF0957181A84-scaled.jpg","type":"image\/jpeg"}],"twitter_card":"summary_large_image","twitter_misc":{"Arvioitu lukuaika":"1 minuutti"},"schema":{"@context":"https:\/\/schema.org","@graph":[{"@type":"WebPage","@id":"https:\/\/cbdshop.ee\/fi\/toode\/cbd-oljy-40-hamppu\/","url":"https:\/\/cbdshop.ee\/fi\/toode\/cbd-oljy-40-hamppu\/","name":"CBD \u00f6ljy 40% Hamppu - CBDshop.ee","isPartOf":{"@id":"https:\/\/cbdshop.ee\/#website"},"datePublished":"2023-08-25T08:02:26+00:00","dateModified":"2025-11-24T00:03:28+00:00","description":"CBD \u00f6ljy 40% Hamppu \u2013 telli kvaliteetne CBD toode parima hinnaga. Tasuta tarne Eestis, diskreetne pakend. Osta mugavalt CBDshopi e-poest \u2013 kiire ja turvaline!","breadcrumb":{"@id":"https:\/\/cbdshop.ee\/fi\/toode\/cbd-oljy-40-hamppu\/#breadcrumb"},"inLanguage":"fi","potentialAction":[{"@type":"ReadAction","target":["https:\/\/cbdshop.ee\/fi\/toode\/cbd-oljy-40-hamppu\/"]}]},{"@type":"BreadcrumbList","@id":"https:\/\/cbdshop.ee\/fi\/toode\/cbd-oljy-40-hamppu\/#breadcrumb","itemListElement":[{"@type":"ListItem","position":1,"name":"Home","item":"https:\/\/cbdshop.ee\/fi\/"},{"@type":"ListItem","position":2,"name":"Tuotteet","item":"https:\/\/cbdshop.ee\/fi\/tooted\/"},{"@type":"ListItem","position":3,"name":"CBD \u00f6ljy 40% Hamppu"}]},{"@type":"WebSite","@id":"https:\/\/cbdshop.ee\/#website","url":"https:\/\/cbdshop.ee\/","name":"CBDshop.ee","description":"\u00d5itsed, \u00f5ietolm, CBD \u00f5li, CBD kanep, e-vedelikud","publisher":{"@id":"https:\/\/cbdshop.ee\/#organization"},"potentialAction":[{"@type":"SearchAction","target":{"@type":"EntryPoint","urlTemplate":"https:\/\/cbdshop.ee\/?s={search_term_string}"},"query-input":"required name=search_term_string"}],"inLanguage":"fi"},{"@type":"Organization","@id":"https:\/\/cbdshop.ee\/#organization","name":"Nordic Synergy O\u00dc","url":"https:\/\/cbdshop.ee\/","logo":{"@type":"ImageObject","inLanguage":"fi","@id":"https:\/\/cbdshop.ee\/#\/schema\/logo\/image\/","url":"","contentUrl":"","caption":"Nordic Synergy O\u00dc"},"image":{"@id":"https:\/\/cbdshop.ee\/#\/schema\/logo\/image\/"},"sameAs":["https:\/\/m.facebook.com\/cbdshop.ee\/","https:\/\/www.instagram.com\/cbdshop.ee\/"]}]}},"_links":{"self":[{"href":"https:\/\/www.cbdshop.ee\/fi\/wp-json\/wp\/v2\/product\/33551"}],"collection":[{"href":"https:\/\/www.cbdshop.ee\/fi\/wp-json\/wp\/v2\/product"}],"about":[{"href":"https:\/\/www.cbdshop.ee\/fi\/wp-json\/wp\/v2\/types\/product"}],"replies":[{"embeddable":true,"href":"https:\/\/www.cbdshop.ee\/fi\/wp-json\/wp\/v2\/comments?post=33551"}],"wp:featuredmedia":[{"embeddable":true,"href":"https:\/\/www.cbdshop.ee\/fi\/wp-json\/wp\/v2\/media\/33543"}],"wp:attachment":[{"href":"https:\/\/www.cbdshop.ee\/fi\/wp-json\/wp\/v2\/media?parent=33551"}],"wp:term":[{"taxonomy":"product_cat","embeddable":true,"href":"https:\/\/www.cbdshop.ee\/fi\/wp-json\/wp\/v2\/product_cat?post=33551"},{"taxonomy":"product_tag","embeddable":true,"href":"https:\/\/www.cbdshop.ee\/fi\/wp-json\/wp\/v2\/product_tag?post=33551"}],"curies":[{"name":"wp","href":"https:\/\/api.w.org\/{rel}","templated":true}]}}