{"id":38244,"date":"2025-07-03T16:35:12","date_gmt":"2025-07-03T13:35:13","guid":{"rendered":"https:\/\/cbdshop.ee\/?post_type=product&#038;p=38244"},"modified":"2025-11-27T16:52:06","modified_gmt":"2025-11-27T14:52:06","slug":"skunk-thcv-50-copy-2","status":"publish","type":"product","link":"https:\/\/cbdshop.ee\/fi\/toode\/skunk-thcv-50-copy-2\/","title":{"rendered":"Skunk"},"content":{"rendered":"","protected":false},"excerpt":{"rendered":"<h3 data-start=\"60\" data-end=\"81\"><strong data-start=\"64\" data-end=\"79\">TUOTEKUVAUS<\/strong><\/h3>\n<p data-start=\"82\" data-end=\"236\">Teollinen hamppu, joka koostuu Cannabis sativa L. -lajin EU-sertifioitujen lajikkeiden kuivatuista kukinnoista. Tuote ei sis\u00e4ll\u00e4 tupakkaa eik\u00e4 nikotiinia.<\/p>\n<p data-start=\"238\" data-end=\"436\"><strong data-start=\"238\" data-end=\"252\">Ainesosat:<\/strong> 100 % Cannabis sativa L.<br data-start=\"277\" data-end=\"280\" \/><strong data-start=\"280\" data-end=\"288\">THC:<\/strong> \u2264 0,3 %. Laboratorioanalyysit suoritettu kahdessa laboratoriossa: Viron oikeusl\u00e4\u00e4ketieteellinen instituutti sek\u00e4 sveitsil\u00e4inen yksityislaboratorio.<\/p>\n<p data-start=\"438\" data-end=\"631\"><strong data-start=\"438\" data-end=\"449\">Huomio:<\/strong><br data-start=\"449\" data-end=\"452\" \/>Tuote ei ole l\u00e4\u00e4ke eik\u00e4 kasvipohjainen polttotuote. Ei sis\u00e4ll\u00e4 psykoaktiivista THC:t\u00e4 yli laillisen rajan.<br data-start=\"558\" data-end=\"561\" \/>Ei ole tarkoitettu poltettavaksi.<br data-start=\"594\" data-end=\"597\" \/>Tarkoitettu t\u00e4ysi-ik\u00e4isille (18+).<\/p>\n<p data-start=\"633\" data-end=\"791\"><strong data-start=\"633\" data-end=\"648\">K\u00e4ytt\u00f6tapa:<\/strong><br data-start=\"648\" data-end=\"651\" \/>Teollista hamppua (Cannabis sativa L.) k\u00e4ytet\u00e4\u00e4n maatalouskasvina esimerkiksi kuitujen, siementen, \u00f6ljyn ja muiden tuotteiden valmistukseen.<\/p>\n","protected":false},"featured_media":36990,"comment_status":"open","ping_status":"closed","template":"","meta":[],"product_cat":[465],"product_tag":[],"yoast_head":"<!-- This site is optimized with the Yoast SEO plugin v20.8 - https:\/\/yoast.com\/wordpress\/plugins\/seo\/ -->\n<title>Skunk - CBDshop.ee<\/title>\n<meta name=\"description\" content=\"Skunk \u2013 telli kvaliteetne CBD toode parima hinnaga. Tasuta tarne Eestis, diskreetne pakend. Osta mugavalt CBDshopi e-poest \u2013 kiire ja turvaline!\" \/>\n<meta name=\"robots\" content=\"index, follow, max-snippet:-1, max-image-preview:large, max-video-preview:-1\" \/>\n<link rel=\"canonical\" href=\"https:\/\/cbdshop.ee\/fi\/toode\/skunk-thcv-50-copy-2\/\" \/>\n<meta property=\"og:locale\" content=\"fi_FI\" \/>\n<meta property=\"og:type\" content=\"article\" \/>\n<meta property=\"og:title\" content=\"Skunk - CBDshop.ee\" \/>\n<meta property=\"og:description\" content=\"Skunk \u2013 telli kvaliteetne CBD toode parima hinnaga. Tasuta tarne Eestis, diskreetne pakend. Osta mugavalt CBDshopi e-poest \u2013 kiire ja turvaline!\" \/>\n<meta property=\"og:url\" content=\"https:\/\/cbdshop.ee\/fi\/toode\/skunk-thcv-50-copy-2\/\" \/>\n<meta property=\"og:site_name\" content=\"CBDshop.ee\" \/>\n<meta property=\"article:publisher\" content=\"https:\/\/m.facebook.com\/cbdshop.ee\/\" \/>\n<meta property=\"article:modified_time\" content=\"2025-11-27T14:52:06+00:00\" \/>\n<meta property=\"og:image\" content=\"https:\/\/cbdshop.ee\/wp-content\/uploads\/2025\/01\/IMG_6508.jpg\" \/>\n\t<meta property=\"og:image:width\" content=\"1963\" \/>\n\t<meta property=\"og:image:height\" content=\"1963\" \/>\n\t<meta property=\"og:image:type\" content=\"image\/jpeg\" \/>\n<meta name=\"twitter:card\" content=\"summary_large_image\" \/>\n<script type=\"application\/ld+json\" class=\"yoast-schema-graph\">{\"@context\":\"https:\/\/schema.org\",\"@graph\":[{\"@type\":\"WebPage\",\"@id\":\"https:\/\/cbdshop.ee\/fi\/toode\/skunk-thcv-50-copy-2\/\",\"url\":\"https:\/\/cbdshop.ee\/fi\/toode\/skunk-thcv-50-copy-2\/\",\"name\":\"Skunk - CBDshop.ee\",\"isPartOf\":{\"@id\":\"https:\/\/cbdshop.ee\/#website\"},\"datePublished\":\"2025-07-03T13:35:13+00:00\",\"dateModified\":\"2025-11-27T14:52:06+00:00\",\"description\":\"Skunk \u2013 telli kvaliteetne CBD toode parima hinnaga. Tasuta tarne Eestis, diskreetne pakend. Osta mugavalt CBDshopi e-poest \u2013 kiire ja turvaline!\",\"breadcrumb\":{\"@id\":\"https:\/\/cbdshop.ee\/fi\/toode\/skunk-thcv-50-copy-2\/#breadcrumb\"},\"inLanguage\":\"fi\",\"potentialAction\":[{\"@type\":\"ReadAction\",\"target\":[\"https:\/\/cbdshop.ee\/fi\/toode\/skunk-thcv-50-copy-2\/\"]}]},{\"@type\":\"BreadcrumbList\",\"@id\":\"https:\/\/cbdshop.ee\/fi\/toode\/skunk-thcv-50-copy-2\/#breadcrumb\",\"itemListElement\":[{\"@type\":\"ListItem\",\"position\":1,\"name\":\"Home\",\"item\":\"https:\/\/cbdshop.ee\/fi\/\"},{\"@type\":\"ListItem\",\"position\":2,\"name\":\"Tuotteet\",\"item\":\"https:\/\/www.cbdshop.ee\/fi\/tooted\/\"},{\"@type\":\"ListItem\",\"position\":3,\"name\":\"Skunk\"}]},{\"@type\":\"WebSite\",\"@id\":\"https:\/\/cbdshop.ee\/#website\",\"url\":\"https:\/\/cbdshop.ee\/\",\"name\":\"CBDshop.ee\",\"description\":\"\u00d5itsed, \u00f5ietolm, CBD \u00f5li, CBD kanep, e-vedelikud\",\"publisher\":{\"@id\":\"https:\/\/cbdshop.ee\/#organization\"},\"potentialAction\":[{\"@type\":\"SearchAction\",\"target\":{\"@type\":\"EntryPoint\",\"urlTemplate\":\"https:\/\/cbdshop.ee\/?s={search_term_string}\"},\"query-input\":\"required name=search_term_string\"}],\"inLanguage\":\"fi\"},{\"@type\":\"Organization\",\"@id\":\"https:\/\/cbdshop.ee\/#organization\",\"name\":\"Nordic Synergy O\u00dc\",\"url\":\"https:\/\/cbdshop.ee\/\",\"logo\":{\"@type\":\"ImageObject\",\"inLanguage\":\"fi\",\"@id\":\"https:\/\/cbdshop.ee\/#\/schema\/logo\/image\/\",\"url\":\"\",\"contentUrl\":\"\",\"caption\":\"Nordic Synergy O\u00dc\"},\"image\":{\"@id\":\"https:\/\/cbdshop.ee\/#\/schema\/logo\/image\/\"},\"sameAs\":[\"https:\/\/m.facebook.com\/cbdshop.ee\/\",\"https:\/\/www.instagram.com\/cbdshop.ee\/\"]}]}<\/script>\n<!-- \/ Yoast SEO plugin. -->","yoast_head_json":{"title":"Skunk - CBDshop.ee","description":"Skunk \u2013 telli kvaliteetne CBD toode parima hinnaga. Tasuta tarne Eestis, diskreetne pakend. Osta mugavalt CBDshopi e-poest \u2013 kiire ja turvaline!","robots":{"index":"index","follow":"follow","max-snippet":"max-snippet:-1","max-image-preview":"max-image-preview:large","max-video-preview":"max-video-preview:-1"},"canonical":"https:\/\/cbdshop.ee\/fi\/toode\/skunk-thcv-50-copy-2\/","og_locale":"fi_FI","og_type":"article","og_title":"Skunk - CBDshop.ee","og_description":"Skunk \u2013 telli kvaliteetne CBD toode parima hinnaga. Tasuta tarne Eestis, diskreetne pakend. Osta mugavalt CBDshopi e-poest \u2013 kiire ja turvaline!","og_url":"https:\/\/cbdshop.ee\/fi\/toode\/skunk-thcv-50-copy-2\/","og_site_name":"CBDshop.ee","article_publisher":"https:\/\/m.facebook.com\/cbdshop.ee\/","article_modified_time":"2025-11-27T14:52:06+00:00","og_image":[{"width":1963,"height":1963,"url":"https:\/\/cbdshop.ee\/wp-content\/uploads\/2025\/01\/IMG_6508.jpg","type":"image\/jpeg"}],"twitter_card":"summary_large_image","schema":{"@context":"https:\/\/schema.org","@graph":[{"@type":"WebPage","@id":"https:\/\/cbdshop.ee\/fi\/toode\/skunk-thcv-50-copy-2\/","url":"https:\/\/cbdshop.ee\/fi\/toode\/skunk-thcv-50-copy-2\/","name":"Skunk - CBDshop.ee","isPartOf":{"@id":"https:\/\/cbdshop.ee\/#website"},"datePublished":"2025-07-03T13:35:13+00:00","dateModified":"2025-11-27T14:52:06+00:00","description":"Skunk \u2013 telli kvaliteetne CBD toode parima hinnaga. Tasuta tarne Eestis, diskreetne pakend. Osta mugavalt CBDshopi e-poest \u2013 kiire ja turvaline!","breadcrumb":{"@id":"https:\/\/cbdshop.ee\/fi\/toode\/skunk-thcv-50-copy-2\/#breadcrumb"},"inLanguage":"fi","potentialAction":[{"@type":"ReadAction","target":["https:\/\/cbdshop.ee\/fi\/toode\/skunk-thcv-50-copy-2\/"]}]},{"@type":"BreadcrumbList","@id":"https:\/\/cbdshop.ee\/fi\/toode\/skunk-thcv-50-copy-2\/#breadcrumb","itemListElement":[{"@type":"ListItem","position":1,"name":"Home","item":"https:\/\/cbdshop.ee\/fi\/"},{"@type":"ListItem","position":2,"name":"Tuotteet","item":"https:\/\/www.cbdshop.ee\/fi\/tooted\/"},{"@type":"ListItem","position":3,"name":"Skunk"}]},{"@type":"WebSite","@id":"https:\/\/cbdshop.ee\/#website","url":"https:\/\/cbdshop.ee\/","name":"CBDshop.ee","description":"\u00d5itsed, \u00f5ietolm, CBD \u00f5li, CBD kanep, e-vedelikud","publisher":{"@id":"https:\/\/cbdshop.ee\/#organization"},"potentialAction":[{"@type":"SearchAction","target":{"@type":"EntryPoint","urlTemplate":"https:\/\/cbdshop.ee\/?s={search_term_string}"},"query-input":"required name=search_term_string"}],"inLanguage":"fi"},{"@type":"Organization","@id":"https:\/\/cbdshop.ee\/#organization","name":"Nordic Synergy O\u00dc","url":"https:\/\/cbdshop.ee\/","logo":{"@type":"ImageObject","inLanguage":"fi","@id":"https:\/\/cbdshop.ee\/#\/schema\/logo\/image\/","url":"","contentUrl":"","caption":"Nordic Synergy O\u00dc"},"image":{"@id":"https:\/\/cbdshop.ee\/#\/schema\/logo\/image\/"},"sameAs":["https:\/\/m.facebook.com\/cbdshop.ee\/","https:\/\/www.instagram.com\/cbdshop.ee\/"]}]}},"_links":{"self":[{"href":"https:\/\/cbdshop.ee\/fi\/wp-json\/wp\/v2\/product\/38244"}],"collection":[{"href":"https:\/\/cbdshop.ee\/fi\/wp-json\/wp\/v2\/product"}],"about":[{"href":"https:\/\/cbdshop.ee\/fi\/wp-json\/wp\/v2\/types\/product"}],"replies":[{"embeddable":true,"href":"https:\/\/cbdshop.ee\/fi\/wp-json\/wp\/v2\/comments?post=38244"}],"wp:featuredmedia":[{"embeddable":true,"href":"https:\/\/cbdshop.ee\/fi\/wp-json\/wp\/v2\/media\/36990"}],"wp:attachment":[{"href":"https:\/\/cbdshop.ee\/fi\/wp-json\/wp\/v2\/media?parent=38244"}],"wp:term":[{"taxonomy":"product_cat","embeddable":true,"href":"https:\/\/cbdshop.ee\/fi\/wp-json\/wp\/v2\/product_cat?post=38244"},{"taxonomy":"product_tag","embeddable":true,"href":"https:\/\/cbdshop.ee\/fi\/wp-json\/wp\/v2\/product_tag?post=38244"}],"curies":[{"name":"wp","href":"https:\/\/api.w.org\/{rel}","templated":true}]}}